{"id":4771,"date":"2020-08-17T23:17:30","date_gmt":"2020-08-17T22:17:30","guid":{"rendered":"http:\/\/canaltic.com\/blog\/?page_id=4771"},"modified":"2020-08-17T23:17:30","modified_gmt":"2020-08-17T22:17:30","slug":"st-04-geogebra-iniciacion","status":"publish","type":"page","link":"https:\/\/canaltic.com\/blog\/?page_id=4771","title":{"rendered":"ST-04. Geogebra: iniciaci\u00f3n"},"content":{"rendered":"<div class=\"mg-blog-category\"><a class=\"newsup-categories category-color-1\" href=\"http:\/\/canaltic.com\/blog\/?page_id=3853\">Cat\u00e1logo de formaciones<\/a>\u00a0<a class=\"newsup-categories category-color-1\" href=\"http:\/\/canaltic.com\/blog\/?page_id=3886\">ST \u2013 STEAM<\/a> <a class=\"newsup-categories category-color-1\" href=\"#\">ST-04. Geogebra: iniciaci\u00f3n<\/a><\/div>\n<hr \/>\n<p><img loading=\"lazy\" decoding=\"async\" class=\"alignnone size-full wp-image-4772\" src=\"http:\/\/canaltic.com\/blog\/wp-content\/uploads\/2020\/08\/st04.jpg\" alt=\"\" width=\"720\" height=\"340\" srcset=\"https:\/\/canaltic.com\/blog\/wp-content\/uploads\/2020\/08\/st04.jpg 720w, https:\/\/canaltic.com\/blog\/wp-content\/uploads\/2020\/08\/st04-300x142.jpg 300w\" sizes=\"auto, (max-width: 720px) 100vw, 720px\" \/><\/p>\n<h4>Descripci\u00f3n<\/h4>\n<p>Geogebra es un software libre de matem\u00e1tica din\u00e1mica que se puede utilizar para aprender y ense\u00f1ar en cualquier nivel educativo. Ofrece la oportunidad de aprender matem\u00e1ticas de una forma activa y manipulativa. En esta sesi\u00f3n se plantea una iniciaci\u00f3n a esta herramienta.<\/p>\n<h4>Objetivos<\/h4>\n<ol>\n<li>Iniciarse en el manejo de Geogebra para la realizaci\u00f3n de algunos trazados geom\u00e9tricos y de gr\u00e1ficas de funciones.<\/li>\n<\/ol>\n<h4>Contenidos<\/h4>\n<ul>\n<li>Instalaci\u00f3n de Geogebra en ordenador PC. App para dispositivos m\u00f3viles. Geogebra en l\u00ednea.<\/li>\n<li>Interfaz: vistas, elementos y men\u00fas.<\/li>\n<li>Construcciones b\u00e1sicas: tri\u00e1ngulo equil\u00e1tero, cuadrado, par\u00e1bola \u2026<\/li>\n<li>Geometr\u00eda: suma de los \u00e1ngulos internos de un cuadril\u00e1tero, c\u00edrculo circunscrito a un tri\u00e1ngulo, \u00e1ngulos, \u00e1rea del rect\u00e1ngulo \u2026<\/li>\n<li>Funciones: ecuaci\u00f3n cuadr\u00e1tica.<\/li>\n<li>Animaciones: traslaci\u00f3n, traslaci\u00f3n+rotaci\u00f3n, suma de los \u00e1ngulos internos de un tri\u00e1ngulo &#8230;<\/li>\n<\/ul>\n<p><strong>Destinatarios<\/strong><\/p>\n<ul>\n<li><span style=\"font-weight: 400;\">Profesorado de Primaria, Secundaria, Bachillerato y Formaci\u00f3n Profesional.<\/span><\/li>\n<\/ul>\n<h4>Duraci\u00f3n<\/h4>\n<ul>\n<li>2 horas.<\/li>\n<\/ul>\n<h4>Formato<\/h4>\n<ul>\n<li style=\"font-weight: 400;\">Taller presencial.<\/li>\n<li>Taller webinar.<\/li>\n<\/ul>\n<hr \/>\n<div class=\"mg-blog-category\"><a class=\"newsup-categories category-color-1\" href=\"http:\/\/canaltic.com\/blog\/?page_id=3853\">Cat\u00e1logo de formaciones<\/a>\u00a0<a class=\"newsup-categories category-color-1\" href=\"http:\/\/canaltic.com\/blog\/?page_id=3886\">ST \u2013 STEAM<\/a> <a class=\"newsup-categories category-color-1\" href=\"#\">ST-04. Geogebra: iniciaci\u00f3n<\/a><\/div>\n","protected":false},"excerpt":{"rendered":"<p>Cat\u00e1logo de formaciones\u00a0ST \u2013 STEAM ST-04. Geogebra: iniciaci\u00f3n Descripci\u00f3n Geogebra es un software libre de matem\u00e1tica din\u00e1mica que se puede utilizar para aprender y ense\u00f1ar en cualquier nivel educativo. Ofrece la oportunidad de aprender matem\u00e1ticas de una forma activa y manipulativa. En esta sesi\u00f3n se plantea una iniciaci\u00f3n a esta herramienta. Objetivos Iniciarse en el [&hellip;]<\/p>\n","protected":false},"author":1,"featured_media":0,"parent":3886,"menu_order":0,"comment_status":"closed","ping_status":"closed","template":"","meta":{"footnotes":""},"class_list":["post-4771","page","type-page","status-publish","hentry"],"_links":{"self":[{"href":"https:\/\/canaltic.com\/blog\/index.php?rest_route=\/wp\/v2\/pages\/4771","targetHints":{"allow":["GET"]}}],"collection":[{"href":"https:\/\/canaltic.com\/blog\/index.php?rest_route=\/wp\/v2\/pages"}],"about":[{"href":"https:\/\/canaltic.com\/blog\/index.php?rest_route=\/wp\/v2\/types\/page"}],"author":[{"embeddable":true,"href":"https:\/\/canaltic.com\/blog\/index.php?rest_route=\/wp\/v2\/users\/1"}],"replies":[{"embeddable":true,"href":"https:\/\/canaltic.com\/blog\/index.php?rest_route=%2Fwp%2Fv2%2Fcomments&post=4771"}],"version-history":[{"count":1,"href":"https:\/\/canaltic.com\/blog\/index.php?rest_route=\/wp\/v2\/pages\/4771\/revisions"}],"predecessor-version":[{"id":4773,"href":"https:\/\/canaltic.com\/blog\/index.php?rest_route=\/wp\/v2\/pages\/4771\/revisions\/4773"}],"up":[{"embeddable":true,"href":"https:\/\/canaltic.com\/blog\/index.php?rest_route=\/wp\/v2\/pages\/3886"}],"wp:attachment":[{"href":"https:\/\/canaltic.com\/blog\/index.php?rest_route=%2Fwp%2Fv2%2Fmedia&parent=4771"}],"curies":[{"name":"wp","href":"https:\/\/api.w.org\/{rel}","templated":true}]}}