{"id":4768,"date":"2020-08-17T23:15:15","date_gmt":"2020-08-17T22:15:15","guid":{"rendered":"http:\/\/canaltic.com\/blog\/?page_id=4768"},"modified":"2020-08-17T23:15:15","modified_gmt":"2020-08-17T22:15:15","slug":"st-03-steam-enfoque-metodologico-en-el-aula","status":"publish","type":"page","link":"https:\/\/canaltic.com\/blog\/?page_id=4768","title":{"rendered":"ST-03. STEAM: enfoque metodol\u00f3gico en el aula"},"content":{"rendered":"<div class=\"mg-blog-category\"><a class=\"newsup-categories category-color-1\" href=\"http:\/\/canaltic.com\/blog\/?page_id=3853\">Cat\u00e1logo de formaciones<\/a>\u00a0<a class=\"newsup-categories category-color-1\" href=\"http:\/\/canaltic.com\/blog\/?page_id=3886\">ST \u2013 STEAM<\/a> <a class=\"newsup-categories category-color-1\" href=\"#\">ST-03. STEAM: enfoque metodol\u00f3gico en el aula<\/a><\/div>\n<hr \/>\n<p><img loading=\"lazy\" decoding=\"async\" class=\"alignnone size-full wp-image-4769\" src=\"http:\/\/canaltic.com\/blog\/wp-content\/uploads\/2020\/08\/st03.jpg\" alt=\"\" width=\"720\" height=\"340\" srcset=\"https:\/\/canaltic.com\/blog\/wp-content\/uploads\/2020\/08\/st03.jpg 720w, https:\/\/canaltic.com\/blog\/wp-content\/uploads\/2020\/08\/st03-300x142.jpg 300w\" sizes=\"auto, (max-width: 720px) 100vw, 720px\" \/><\/p>\n<h4>Descripci\u00f3n<\/h4>\n<p><span style=\"font-weight: 400;\">Una de las l\u00edneas de innovaci\u00f3n educativa m\u00e1s recientes que ha llegado a la escuela es la corriente STEAM. Bajo la excusa del fomento de las vocaciones cient\u00edficas se ha tratado de desarrollar este concepto potenciando la ense\u00f1anza de la ciencia. En muchos casos desde un \u00e1rea concreta como la astronom\u00eda, la qu\u00edmica, la f\u00edsica o las matem\u00e1ticas. En esta ponencia se expone un concepto m\u00e1s amplio del t\u00e9rmino. Partiendo de la necesidad de una alfabetizaci\u00f3n STEAM para todos y todas se contempla una ense\u00f1anza basada en proyectos donde se integren muchas disciplinas cient\u00edficas de una forma interdisciplinar y de acuerdo con unos condicionantes de calidad que nos permiten hablar m\u00e1s de una metodolog\u00eda o forma de ense\u00f1ar. <\/span><\/p>\n<h4>Objetivos<\/h4>\n<ol>\n<li>Consensuar una definici\u00f3n compartida del concepto STEAM como una alfabetizaci\u00f3n universal e integradora de distintas disciplinas cient\u00edficas.<\/li>\n<li>Valorar la importancia de desarrollar proyectos STEAM en el aula para el fomento de las vocaciones cient\u00edficas.<\/li>\n<li>Identificar los criterios de calidad de un buen proyecto STEAM.<\/li>\n<li style=\"font-weight: 400;\">Descubrir distintas iniciativas y proyectos STEAM analizando sus posibilidades de proyecci\u00f3n en nuestros propios centros educativos.<\/li>\n<\/ol>\n<h4>Contenidos<\/h4>\n<ul>\n<li>El concepto STEAM. Contexto actual \u00bfPor qu\u00e9 STEAM est\u00e1 de moda? \u00bfQu\u00e9 aporta al aula? \u00bfQu\u00e9 es STEAM? Hacia una definici\u00f3n.<\/li>\n<li>Criterios de calidad de un proyecto STEAM. Disciplinas. Tecnolog\u00edas. Objetivos y pr\u00e1cticas. Metodolog\u00eda predominante. Nivel de integraci\u00f3n de las disciplinas.<\/li>\n<li>El problema de la interdisciplinaridad.<\/li>\n<li>Ingredientes para un buen proyecto STEAM. Checklist de valoraci\u00f3n.<\/li>\n<li>Ideas inspiradoras para un futuro proyecto STEAM en mi centro.<\/li>\n<li>Pr\u00e1ctica: Misi\u00f3n STEAM Map.<\/li>\n<\/ul>\n<p><strong>Destinatarios<\/strong><\/p>\n<ul>\n<li><span style=\"font-weight: 400;\">Profesorado de Infantil, Primaria, Secundaria, Bachillerato y Formaci\u00f3n Profesional.<\/span><\/li>\n<\/ul>\n<h4>Duraci\u00f3n<\/h4>\n<ul>\n<li>2 horas.<\/li>\n<\/ul>\n<h4>Formato<\/h4>\n<ul>\n<li style=\"font-weight: 400;\">Ponencia presencial.<\/li>\n<li>Ponencia webinar.<\/li>\n<\/ul>\n<hr \/>\n<div class=\"mg-blog-category\"><a class=\"newsup-categories category-color-1\" href=\"http:\/\/canaltic.com\/blog\/?page_id=3853\">Cat\u00e1logo de formaciones<\/a>\u00a0<a class=\"newsup-categories category-color-1\" href=\"http:\/\/canaltic.com\/blog\/?page_id=3886\">ST \u2013 STEAM<\/a> <a class=\"newsup-categories category-color-1\" href=\"#\">ST-03. STEAM: enfoque metodol\u00f3gico en el aula<\/a><\/div>\n","protected":false},"excerpt":{"rendered":"<p>Cat\u00e1logo de formaciones\u00a0ST \u2013 STEAM ST-03. STEAM: enfoque metodol\u00f3gico en el aula Descripci\u00f3n Una de las l\u00edneas de innovaci\u00f3n educativa m\u00e1s recientes que ha llegado a la escuela es la corriente STEAM. Bajo la excusa del fomento de las vocaciones cient\u00edficas se ha tratado de desarrollar este concepto potenciando la ense\u00f1anza de la ciencia. En [&hellip;]<\/p>\n","protected":false},"author":1,"featured_media":0,"parent":3886,"menu_order":0,"comment_status":"closed","ping_status":"closed","template":"","meta":{"footnotes":""},"class_list":["post-4768","page","type-page","status-publish","hentry"],"_links":{"self":[{"href":"https:\/\/canaltic.com\/blog\/index.php?rest_route=\/wp\/v2\/pages\/4768","targetHints":{"allow":["GET"]}}],"collection":[{"href":"https:\/\/canaltic.com\/blog\/index.php?rest_route=\/wp\/v2\/pages"}],"about":[{"href":"https:\/\/canaltic.com\/blog\/index.php?rest_route=\/wp\/v2\/types\/page"}],"author":[{"embeddable":true,"href":"https:\/\/canaltic.com\/blog\/index.php?rest_route=\/wp\/v2\/users\/1"}],"replies":[{"embeddable":true,"href":"https:\/\/canaltic.com\/blog\/index.php?rest_route=%2Fwp%2Fv2%2Fcomments&post=4768"}],"version-history":[{"count":1,"href":"https:\/\/canaltic.com\/blog\/index.php?rest_route=\/wp\/v2\/pages\/4768\/revisions"}],"predecessor-version":[{"id":4770,"href":"https:\/\/canaltic.com\/blog\/index.php?rest_route=\/wp\/v2\/pages\/4768\/revisions\/4770"}],"up":[{"embeddable":true,"href":"https:\/\/canaltic.com\/blog\/index.php?rest_route=\/wp\/v2\/pages\/3886"}],"wp:attachment":[{"href":"https:\/\/canaltic.com\/blog\/index.php?rest_route=%2Fwp%2Fv2%2Fmedia&parent=4768"}],"curies":[{"name":"wp","href":"https:\/\/api.w.org\/{rel}","templated":true}]}}