{"id":4760,"date":"2020-08-17T23:09:00","date_gmt":"2020-08-17T22:09:00","guid":{"rendered":"http:\/\/canaltic.com\/blog\/?page_id=4760"},"modified":"2020-08-17T23:10:19","modified_gmt":"2020-08-17T22:10:19","slug":"st-01-modelado-e-impresion-3d","status":"publish","type":"page","link":"https:\/\/canaltic.com\/blog\/?page_id=4760","title":{"rendered":"ST-01. Modelado e impresi\u00f3n 3D"},"content":{"rendered":"<div class=\"mg-blog-category\"><a class=\"newsup-categories category-color-1\" href=\"http:\/\/canaltic.com\/blog\/?page_id=3853\">Cat\u00e1logo de formaciones<\/a>\u00a0<a class=\"newsup-categories category-color-1\" href=\"http:\/\/canaltic.com\/blog\/?page_id=3886\">ST \u2013 STEAM<\/a> <a class=\"newsup-categories category-color-1\" href=\"#\">ST-01. Modelado e impresi\u00f3n 3D<\/a><\/div>\n<hr \/>\n<p><img loading=\"lazy\" decoding=\"async\" class=\"alignnone size-full wp-image-4761\" src=\"http:\/\/canaltic.com\/blog\/wp-content\/uploads\/2020\/08\/st01.jpg\" alt=\"\" width=\"720\" height=\"340\" srcset=\"https:\/\/canaltic.com\/blog\/wp-content\/uploads\/2020\/08\/st01.jpg 720w, https:\/\/canaltic.com\/blog\/wp-content\/uploads\/2020\/08\/st01-300x142.jpg 300w\" sizes=\"auto, (max-width: 720px) 100vw, 720px\" \/><\/p>\n<h4>Descripci\u00f3n<\/h4>\n<p>En el \u00e1mbito educativo el uso de la impresora 3D se puede justificar en distintas \u00e1reas si nos centramos en la utilidad del producto final elaborado. Mediante esta m\u00e1quina es posible fabricar r\u00e9plicas de m\u00faltiples objetos: una c\u00e9lula, un f\u00f3sil, un hueso, un \u00e1tomo, un edificio rom\u00e1nico o g\u00f3tico, un volc\u00e1n, etc. etc. El profesorado puede obtener con mayor o menor facilidad todo tipo de objetos y en un n\u00famero considerable de unidades con intenci\u00f3n de mejorar en el alumnado la comprensi\u00f3n de formas, estructuras, etc mediante su manipulaci\u00f3n concreta. Esto por s\u00ed solo ya puede justificar un proyecto de uso escolar de este dispositivo.<\/p>\n<p>Sin embargo al principio la impresi\u00f3n 3D requiere adquirir ciertos conocimientos te\u00f3rico-pr\u00e1cticos del proceso de modelado e impresi\u00f3n 3D por parte del profesorado y alumnado. Precisamente la adquisici\u00f3n de estas destrezas es el prop\u00f3sito de este taller. Pero una vez superada esta fase de familiarizaci\u00f3n lo deseable es llegar a utilizar la impresora 3D a un nivel tan cotidiano y normalizado como si se tratase de una impresora en papel.<\/p>\n<p>Justo en ese momento se evolucionar\u00e1 hacia la creatividad de modelos y a su integraci\u00f3n en proyectos educativos m\u00e1s amplios. Surge de esta forma otra perspectiva de uso, alternativa al enfoque orientado a producto, quiz\u00e1s m\u00e1s enriquecedora desde el punto de vista educativo. Esta consiste en poner el foco no tanto en el producto final sino m\u00e1s bien en el valor educativo del proceso creativo. Se tratar\u00eda de utilizar la impresora 3D para desarrollar un proyecto constructivo, creativo, interdisciplinar y colaborativo protagonizado por el propio alumnado.<\/p>\n<p>En esta sesi\u00f3n se explican los procedimientos t\u00e9cnicos b\u00e1sicos para dise\u00f1ar e imprimir modelos 3D como paso previo para conseguir alcanzar esa fase final. Se utilizan los dos modelos de impresoras con que la Consejer\u00eda de Educaci\u00f3n de Canarias ha dotado a los centros educativos: BQ Hephestos 2 y Colido 3.0 Wifi.<\/p>\n<h4>Objetivos<\/h4>\n<ol>\n<li>Iniciarse en el dise\u00f1o e impresi\u00f3n de objetos 3D contribuyendo al desarrollo de la creatividad, imaginaci\u00f3n y representaci\u00f3n espacial.<\/li>\n<li>Familiarizarse con las posibilidades educativas del uso de la impresi\u00f3n 3D en el aula.<\/li>\n<li>Iniciarse en el dise\u00f1o b\u00e1sico de objetos tridimensionales utilizando un software CAD: SketchUp, TinkerCad o 123D Design.<\/li>\n<li>Aplicar el procedimiento de exportaci\u00f3n de un objeto 3D dise\u00f1ado a formato compatible con la impresora 3D usando el software Cura o Repetier.<\/li>\n<li>Conocer los detalles b\u00e1sicos de estructura, materiales y funcionamiento de distintos modelos de impresoras 3D.<\/li>\n<li>Integrar el dise\u00f1o e impresi\u00f3n 3D en distintas iniciativas educativas.<\/li>\n<li>Participar en una experiencia de aprendizaje constructivo que resulte motivadora.<\/li>\n<\/ol>\n<h4>Contenidos<\/h4>\n<ul>\n<li>Qu\u00e9 es una impresora 3D. Anatom\u00eda de una impresora. C\u00f3mo funciona. Tipos de filamento. Calibrado.<\/li>\n<li>Aplicaciones educativas de la impresi\u00f3n 3D.<\/li>\n<li>Proceso de dise\u00f1o.<\/li>\n<li>Modelado 3D con Tinkerdad. Registrarse. Pr\u00e1cticas: Importar desde la galer\u00eda. Lecciones. Importar SVG. Importar STL. Dise\u00f1o libre.<\/li>\n<li>Laminado. Cura Ultimaker. Repetier Host.<\/li>\n<li>Impresi\u00f3n 3D. BQ Hephestos 2. Montaje. Ajustes iniciales. Configuraci\u00f3n de Cura Ultimaker. Configuraci\u00f3n de Repetier Host. Mi primera impresi\u00f3n.<\/li>\n<li>Impresi\u00f3n 3D. Colido 3.0 Wifi. Unboxing. Anatom\u00eda de la impresora. Carga de filamento. Conexi\u00f3n. Calibrado. Imprimir desde SD. Laminado usando Repetier. Imprimir desde Repetier. Imprimir mediante WiFi.<\/li>\n<li>Anexos: kit de herramientas. Resoluci\u00f3n de incidencias. Repositorios de dise\u00f1os 3D.<\/li>\n<\/ul>\n<p><strong>Destinatarios<\/strong><\/p>\n<ul>\n<li><span style=\"font-weight: 400;\">Profesorado de Infantil, Primaria, Secundaria, Bachillerato y Formaci\u00f3n Profesional.<\/span><\/li>\n<\/ul>\n<h4>Duraci\u00f3n<\/h4>\n<ul>\n<li>3 horas.<\/li>\n<\/ul>\n<h4>Formato<\/h4>\n<ul>\n<li style=\"font-weight: 400;\">Taller presencial.<\/li>\n<\/ul>\n<hr \/>\n<div class=\"mg-blog-category\"><a class=\"newsup-categories category-color-1\" href=\"http:\/\/canaltic.com\/blog\/?page_id=3853\">Cat\u00e1logo de formaciones<\/a>\u00a0<a class=\"newsup-categories category-color-1\" href=\"http:\/\/canaltic.com\/blog\/?page_id=3886\">ST \u2013 STEAM<\/a> <a class=\"newsup-categories category-color-1\" href=\"#\">ST-01. Modelado e impresi\u00f3n 3D<\/a><\/div>\n","protected":false},"excerpt":{"rendered":"<p>Cat\u00e1logo de formaciones\u00a0ST \u2013 STEAM ST-01. Modelado e impresi\u00f3n 3D Descripci\u00f3n En el \u00e1mbito educativo el uso de la impresora 3D se puede justificar en distintas \u00e1reas si nos centramos en la utilidad del producto final elaborado. Mediante esta m\u00e1quina es posible fabricar r\u00e9plicas de m\u00faltiples objetos: una c\u00e9lula, un f\u00f3sil, un hueso, un \u00e1tomo, [&hellip;]<\/p>\n","protected":false},"author":1,"featured_media":0,"parent":3886,"menu_order":0,"comment_status":"closed","ping_status":"closed","template":"","meta":{"footnotes":""},"class_list":["post-4760","page","type-page","status-publish","hentry"],"_links":{"self":[{"href":"https:\/\/canaltic.com\/blog\/index.php?rest_route=\/wp\/v2\/pages\/4760","targetHints":{"allow":["GET"]}}],"collection":[{"href":"https:\/\/canaltic.com\/blog\/index.php?rest_route=\/wp\/v2\/pages"}],"about":[{"href":"https:\/\/canaltic.com\/blog\/index.php?rest_route=\/wp\/v2\/types\/page"}],"author":[{"embeddable":true,"href":"https:\/\/canaltic.com\/blog\/index.php?rest_route=\/wp\/v2\/users\/1"}],"replies":[{"embeddable":true,"href":"https:\/\/canaltic.com\/blog\/index.php?rest_route=%2Fwp%2Fv2%2Fcomments&post=4760"}],"version-history":[{"count":3,"href":"https:\/\/canaltic.com\/blog\/index.php?rest_route=\/wp\/v2\/pages\/4760\/revisions"}],"predecessor-version":[{"id":4764,"href":"https:\/\/canaltic.com\/blog\/index.php?rest_route=\/wp\/v2\/pages\/4760\/revisions\/4764"}],"up":[{"embeddable":true,"href":"https:\/\/canaltic.com\/blog\/index.php?rest_route=\/wp\/v2\/pages\/3886"}],"wp:attachment":[{"href":"https:\/\/canaltic.com\/blog\/index.php?rest_route=%2Fwp%2Fv2%2Fmedia&parent=4760"}],"curies":[{"name":"wp","href":"https:\/\/api.w.org\/{rel}","templated":true}]}}