{"id":4739,"date":"2020-08-17T22:52:12","date_gmt":"2020-08-17T21:52:12","guid":{"rendered":"http:\/\/canaltic.com\/blog\/?page_id=4739"},"modified":"2020-08-17T22:52:30","modified_gmt":"2020-08-17T21:52:30","slug":"pi-02-uso-educativo-del-plasma-interactivo-multiclass","status":"publish","type":"page","link":"https:\/\/canaltic.com\/blog\/?page_id=4739","title":{"rendered":"PI-02. Uso educativo del plasma interactivo \u201cMultiClass\u201d"},"content":{"rendered":"<div class=\"mg-blog-category\"><a class=\"newsup-categories category-color-1\" href=\"http:\/\/canaltic.com\/blog\/?page_id=3853\">Cat\u00e1logo de formaciones<\/a>\u00a0<a class=\"newsup-categories category-color-1\" href=\"http:\/\/canaltic.com\/blog\/?page_id=3880\">PI \u2013 Plasmas interactivos<\/a> <a class=\"newsup-categories category-color-1\" href=\"#\">PI-02. Uso educativo del plasma interactivo \u201cMultiClass\u201d<\/a><\/div>\n<hr \/>\n<p><img loading=\"lazy\" decoding=\"async\" class=\"alignnone size-full wp-image-4740\" src=\"http:\/\/canaltic.com\/blog\/wp-content\/uploads\/2020\/08\/pi02.jpg\" alt=\"\" width=\"720\" height=\"340\" srcset=\"https:\/\/canaltic.com\/blog\/wp-content\/uploads\/2020\/08\/pi02.jpg 720w, https:\/\/canaltic.com\/blog\/wp-content\/uploads\/2020\/08\/pi02-300x142.jpg 300w\" sizes=\"auto, (max-width: 720px) 100vw, 720px\" \/><\/p>\n<h4>Descripci\u00f3n<\/h4>\n<p>El objetivo de esta sesi\u00f3n es una iniciaci\u00f3n al uso del Plasma Interactivo Multimedia <strong>MultiClass Touch Screen 75 pulgadas.<\/strong> Este dispositivo ha sido enviado desde la Consejer\u00eda de Educaci\u00f3n del Gobierno de Canarias como dotaci\u00f3n a centros de Infantil, Primaria y Secundaria. Su principal caracter\u00edstica es que dispone de un m\u00f3dulo de Android integrado que lo convierte en una gran tablet gigante y una unidad OPS que arranca en Windows 10 adem\u00e1s de permitir conectar y mostrar ordenadores port\u00e1tiles, tablets, etc.<\/p>\n<h4>Objetivos<\/h4>\n<ol>\n<li>Conocer las caracter\u00edsticas y prestaciones m\u00e1s interesantes para el uso educativo de la PIM MultiClass Touch Screen 75 pulgadas.<\/li>\n<li>Manejar con soltura el sistema Android integrado en la PIM en los ajustes del sistema, la instalaci\u00f3n y uso de aplicaciones, la visualizaci\u00f3n o reproducci\u00f3n de archivos multimedia contenidos en un pendrive y la conectividad con otros dispositivos.<\/li>\n<li>Manejar con destreza el sistema Windows 10 integrado en la PIM en la configuraci\u00f3n del sistema, instalaci\u00f3n y uso de programas, la visualizaci\u00f3n o reproducci\u00f3n de archivos multimedia contenidos en un pendrive y la conectividad con otros dispositivos.<\/li>\n<li>Conectar un ordenador PC al plasma para un uso interactivo o no interactivo.<\/li>\n<li>Utilizar software espec\u00edfico para PDI\/PIM como Openboard.<\/li>\n<\/ol>\n<h4>Contenidos<\/h4>\n<ul>\n<li>Presentaci\u00f3n. Encendido y apagado.<\/li>\n<li>Anatom\u00eda del plasma interactivo MultiClass 75\u201d<\/li>\n<li>El mando a distancia.<\/li>\n<li>Primeros pasos con Android. Men\u00fas desplegables. Pantalla de Inicio. Aplicaci\u00f3n Pizarra Blanca. Explorador de archivos. Ajustes de Android. Conexi\u00f3n del teclado inal\u00e1mbrico. Instalaci\u00f3n de aplicaciones. Proyecci\u00f3n inal\u00e1mbrica de dispositivos externos. Otros datos de inter\u00e9s sobre Android.<\/li>\n<li>Primeros pasos con Windows 10. Acceso al OPS Win 10 integrado. Detalles del sistema Windows 10. Explorador de archivos. Teclado inal\u00e1mbrico y en pantalla. Instalaci\u00f3n de software. Configuraci\u00f3n de la conectividad. Oktopus. OpenBoard. Proyecci\u00f3n inal\u00e1mbrica de dispositivos externos.<\/li>\n<li>Conexi\u00f3n del plasma con ordenadores externos.<\/li>\n<\/ul>\n<p><strong>Destinatarios<\/strong><\/p>\n<ul>\n<li><span style=\"font-weight: 400;\">Profesorado de Infantil, Primaria, Secundaria, Bachillerato y Formaci\u00f3n Profesional.<\/span><\/li>\n<\/ul>\n<h4>Duraci\u00f3n<\/h4>\n<ul>\n<li>3 horas.<\/li>\n<\/ul>\n<h4>Formato<\/h4>\n<ul>\n<li style=\"font-weight: 400;\">Taller presencial.<\/li>\n<\/ul>\n<hr \/>\n<div class=\"mg-blog-category\"><a class=\"newsup-categories category-color-1\" href=\"http:\/\/canaltic.com\/blog\/?page_id=3853\">Cat\u00e1logo de formaciones<\/a>\u00a0<a class=\"newsup-categories category-color-1\" href=\"http:\/\/canaltic.com\/blog\/?page_id=3880\">PI \u2013 Plasmas interactivos<\/a> <a class=\"newsup-categories category-color-1\" href=\"#\">PI-02. Uso educativo del plasma interactivo \u201cMultiClass\u201d<\/a><\/div>\n","protected":false},"excerpt":{"rendered":"<p>Cat\u00e1logo de formaciones\u00a0PI \u2013 Plasmas interactivos PI-02. Uso educativo del plasma interactivo \u201cMultiClass\u201d Descripci\u00f3n El objetivo de esta sesi\u00f3n es una iniciaci\u00f3n al uso del Plasma Interactivo Multimedia MultiClass Touch Screen 75 pulgadas. Este dispositivo ha sido enviado desde la Consejer\u00eda de Educaci\u00f3n del Gobierno de Canarias como dotaci\u00f3n a centros de Infantil, Primaria y [&hellip;]<\/p>\n","protected":false},"author":1,"featured_media":0,"parent":3880,"menu_order":0,"comment_status":"closed","ping_status":"closed","template":"","meta":{"footnotes":""},"class_list":["post-4739","page","type-page","status-publish","hentry"],"_links":{"self":[{"href":"https:\/\/canaltic.com\/blog\/index.php?rest_route=\/wp\/v2\/pages\/4739","targetHints":{"allow":["GET"]}}],"collection":[{"href":"https:\/\/canaltic.com\/blog\/index.php?rest_route=\/wp\/v2\/pages"}],"about":[{"href":"https:\/\/canaltic.com\/blog\/index.php?rest_route=\/wp\/v2\/types\/page"}],"author":[{"embeddable":true,"href":"https:\/\/canaltic.com\/blog\/index.php?rest_route=\/wp\/v2\/users\/1"}],"replies":[{"embeddable":true,"href":"https:\/\/canaltic.com\/blog\/index.php?rest_route=%2Fwp%2Fv2%2Fcomments&post=4739"}],"version-history":[{"count":1,"href":"https:\/\/canaltic.com\/blog\/index.php?rest_route=\/wp\/v2\/pages\/4739\/revisions"}],"predecessor-version":[{"id":4741,"href":"https:\/\/canaltic.com\/blog\/index.php?rest_route=\/wp\/v2\/pages\/4739\/revisions\/4741"}],"up":[{"embeddable":true,"href":"https:\/\/canaltic.com\/blog\/index.php?rest_route=\/wp\/v2\/pages\/3880"}],"wp:attachment":[{"href":"https:\/\/canaltic.com\/blog\/index.php?rest_route=%2Fwp%2Fv2%2Fmedia&parent=4739"}],"curies":[{"name":"wp","href":"https:\/\/api.w.org\/{rel}","templated":true}]}}