{"id":4734,"date":"2020-08-17T22:49:04","date_gmt":"2020-08-17T21:49:04","guid":{"rendered":"http:\/\/canaltic.com\/blog\/?page_id=4734"},"modified":"2020-08-17T22:50:18","modified_gmt":"2020-08-17T21:50:18","slug":"i-01-uso-educativo-del-plasma-interactivo-promethean","status":"publish","type":"page","link":"https:\/\/canaltic.com\/blog\/?page_id=4734","title":{"rendered":"PI-01. Uso educativo del plasma interactivo \u201cPromethean\u201d"},"content":{"rendered":"<div class=\"mg-blog-category\"><a class=\"newsup-categories category-color-1\" href=\"http:\/\/canaltic.com\/blog\/?page_id=3853\">Cat\u00e1logo de formaciones<\/a>\u00a0<a class=\"newsup-categories category-color-1\" href=\"http:\/\/canaltic.com\/blog\/?page_id=3880\">PI \u2013 Plasmas interactivos<\/a> <a class=\"newsup-categories category-color-1\" href=\"#\">PI-01. Uso educativo del plasma interactivo \u201cPromethean\u201d<\/a><\/div>\n<hr \/>\n<p><img loading=\"lazy\" decoding=\"async\" class=\"alignnone size-full wp-image-4735\" src=\"http:\/\/canaltic.com\/blog\/wp-content\/uploads\/2020\/08\/pi01.jpg\" alt=\"\" width=\"720\" height=\"340\" srcset=\"https:\/\/canaltic.com\/blog\/wp-content\/uploads\/2020\/08\/pi01.jpg 720w, https:\/\/canaltic.com\/blog\/wp-content\/uploads\/2020\/08\/pi01-300x142.jpg 300w\" sizes=\"auto, (max-width: 720px) 100vw, 720px\" \/><\/p>\n<h4>Descripci\u00f3n<\/h4>\n<p>El Plasma Interactivo Multit\u00e1ctil (PIM) es un dispositivo que se ha incorporado recientemente a las aulas digitales como evoluci\u00f3n de su antecesora la PDI (Pizarra Digital Interactiva) y resolviendo muchas de sus dificultades: sombra arrojada, calibraci\u00f3n &#8230; Muchos centros educativos han invertido recursos propios en la compra de paneles interactivos de la marca Promethean. Con un precio razonable ofrecen prestaciones muy interesantes para su aprovechamiento en el aula. En esta sesi\u00f3n se propone una iniciaci\u00f3n b\u00e1sica al uso del panel <strong>Promethean i-series VTP-65<\/strong>. Su principal caracter\u00edstica es que dispone de un m\u00f3dulo de Android integrado que lo convierte en una gran tablet gigante adem\u00e1s de permitir conectar y mostrar ordenadores port\u00e1tiles, tablets, etc.<\/p>\n<h4>Objetivos<\/h4>\n<ol>\n<li>Conocer las caracter\u00edsticas y prestaciones m\u00e1s interesantes para el uso educativo de la PIM Promethean de la serie I.<\/li>\n<li>Manejar con soltura el sistema Android integrado en la PIM en los ajustes del sistema, la instalaci\u00f3n y uso de aplicaciones, la visualizaci\u00f3n o reproducci\u00f3n de archivos multimedia contenidos en un pendrive y la conectividad con otros dispositivos.<\/li>\n<li>Conectar un ordenador PC al plasma para un uso interactivo.<\/li>\n<li>Utilizar software espec\u00edfico para PDI\/PIM como Openboard.<\/li>\n<\/ol>\n<h4>Contenidos<\/h4>\n<ul>\n<li>Anatom\u00eda del panel ActivPanel i-series.<\/li>\n<li>Conexiones del panel con ordenador PC<\/li>\n<li>Conexiones del panel con m\u00f3dulo Active Connect G-Series.<\/li>\n<li>Conexi\u00f3n de PC y m\u00f3dulo Android.<\/li>\n<li>Encendido del plasma y b\u00fasqueda del dispositivo conectado.<\/li>\n<li>Primeros pasos con ActivConnect (modo Android): pantalla de inicio r\u00e1pido, barra de herramientas, barra de Android y apps del men\u00fa circular.<\/li>\n<li>Aplicaci\u00f3n Pizarra de ActivConnect.<\/li>\n<li>Conexi\u00f3n de ActivConnect a Internet: Ethernet y WiFi<\/li>\n<li>Conexi\u00f3n de un teclado inal\u00e1mbrico.<\/li>\n<li>Configuraci\u00f3n de fecha y hora en el dispositivo ActivConnect.<\/li>\n<li>Configuraci\u00f3n del idioma en el dispositivo ActivConnect.<\/li>\n<li>Limpieza y actualizaci\u00f3n del sistema ActivConnect.<\/li>\n<li>Instalaci\u00f3n de aplicaciones en ActivConnect: Promethean Store, APKPure, APKInstaller, e instalaci\u00f3n de Google Play en el dispositivo ActivConnect<\/li>\n<li>Acceso a las aplicaciones en ActivConnect: panel de aplicaciones, men\u00fa circular de burbujas, y desinstalaci\u00f3n de una aplicaci\u00f3n.<\/li>\n<li>Reproducci\u00f3n de audios y v\u00eddeos en ActivConnect.<\/li>\n<li>ActivCast: mostrar un dispositivo en el plasma.<\/li>\n<li>Conexi\u00f3n de un equipo Windows al panel interactivo: instalaci\u00f3n del driver de Promethean en el ordenador, conexi\u00f3n del panel con el ordenador, comprobar conexi\u00f3n, abrir ActivManager, etc.<\/li>\n<li>Instalaci\u00f3n y uso de Openboard en un ordenador PC conectado al plasma. Instalaci\u00f3n y uso de ActivInspire en un ordenador PC conectado al plasma.<\/li>\n<\/ul>\n<p><strong>Destinatarios<\/strong><\/p>\n<ul>\n<li><span style=\"font-weight: 400;\">Profesorado de Infantil, Primaria, Secundaria, Bachillerato y Formaci\u00f3n Profesional.<\/span><\/li>\n<\/ul>\n<h4>Duraci\u00f3n<\/h4>\n<ul>\n<li>3 horas.<\/li>\n<\/ul>\n<h4>Formato<\/h4>\n<ul>\n<li style=\"font-weight: 400;\">Taller presencial.<\/li>\n<\/ul>\n<hr \/>\n<div class=\"mg-blog-category\"><a class=\"newsup-categories category-color-1\" href=\"http:\/\/canaltic.com\/blog\/?page_id=3853\">Cat\u00e1logo de formaciones<\/a>\u00a0<a class=\"newsup-categories category-color-1\" href=\"http:\/\/canaltic.com\/blog\/?page_id=3880\">PI \u2013 Plasmas interactivos<\/a> <a class=\"newsup-categories category-color-1\" href=\"#\">PI-01. Uso educativo del plasma interactivo \u201cPromethean\u201d<\/a><\/div>\n","protected":false},"excerpt":{"rendered":"<p>Cat\u00e1logo de formaciones\u00a0PI \u2013 Plasmas interactivos PI-01. Uso educativo del plasma interactivo \u201cPromethean\u201d Descripci\u00f3n El Plasma Interactivo Multit\u00e1ctil (PIM) es un dispositivo que se ha incorporado recientemente a las aulas digitales como evoluci\u00f3n de su antecesora la PDI (Pizarra Digital Interactiva) y resolviendo muchas de sus dificultades: sombra arrojada, calibraci\u00f3n &#8230; Muchos centros educativos han [&hellip;]<\/p>\n","protected":false},"author":1,"featured_media":0,"parent":3880,"menu_order":0,"comment_status":"closed","ping_status":"closed","template":"","meta":{"footnotes":""},"class_list":["post-4734","page","type-page","status-publish","hentry"],"_links":{"self":[{"href":"https:\/\/canaltic.com\/blog\/index.php?rest_route=\/wp\/v2\/pages\/4734","targetHints":{"allow":["GET"]}}],"collection":[{"href":"https:\/\/canaltic.com\/blog\/index.php?rest_route=\/wp\/v2\/pages"}],"about":[{"href":"https:\/\/canaltic.com\/blog\/index.php?rest_route=\/wp\/v2\/types\/page"}],"author":[{"embeddable":true,"href":"https:\/\/canaltic.com\/blog\/index.php?rest_route=\/wp\/v2\/users\/1"}],"replies":[{"embeddable":true,"href":"https:\/\/canaltic.com\/blog\/index.php?rest_route=%2Fwp%2Fv2%2Fcomments&post=4734"}],"version-history":[{"count":2,"href":"https:\/\/canaltic.com\/blog\/index.php?rest_route=\/wp\/v2\/pages\/4734\/revisions"}],"predecessor-version":[{"id":4738,"href":"https:\/\/canaltic.com\/blog\/index.php?rest_route=\/wp\/v2\/pages\/4734\/revisions\/4738"}],"up":[{"embeddable":true,"href":"https:\/\/canaltic.com\/blog\/index.php?rest_route=\/wp\/v2\/pages\/3880"}],"wp:attachment":[{"href":"https:\/\/canaltic.com\/blog\/index.php?rest_route=%2Fwp%2Fv2%2Fmedia&parent=4734"}],"curies":[{"name":"wp","href":"https:\/\/api.w.org\/{rel}","templated":true}]}}