{"id":4692,"date":"2020-08-17T19:55:26","date_gmt":"2020-08-17T18:55:26","guid":{"rendered":"http:\/\/canaltic.com\/blog\/?page_id=4692"},"modified":"2020-08-17T19:57:48","modified_gmt":"2020-08-17T18:57:48","slug":"pc-17-simulacion-de-circuitos-electronicos-con-tinkercad","status":"publish","type":"page","link":"https:\/\/canaltic.com\/blog\/?page_id=4692","title":{"rendered":"PC-17. Simulaci\u00f3n de circuitos electr\u00f3nicos con Tinkercad"},"content":{"rendered":"<div class=\"mg-blog-category\"><a class=\"newsup-categories category-color-1\" href=\"http:\/\/canaltic.com\/blog\/?page_id=3853\">Cat\u00e1logo de formaciones<\/a>\u00a0<a class=\"newsup-categories category-color-1\" href=\"http:\/\/canaltic.com\/blog\/?page_id=3878\">PC \u2013 Pensamiento Computacional, rob\u00f3tica y dom\u00f3tica<\/a> <a class=\"newsup-categories category-color-1\" href=\"#\">PC-17. Simulaci\u00f3n de circuitos electr\u00f3nicos con Tinkercad<\/a><\/div>\n<hr \/>\n<p><img loading=\"lazy\" decoding=\"async\" class=\"alignnone size-full wp-image-4693\" src=\"http:\/\/canaltic.com\/blog\/wp-content\/uploads\/2020\/08\/pc17.jpg\" alt=\"\" width=\"720\" height=\"340\" srcset=\"https:\/\/canaltic.com\/blog\/wp-content\/uploads\/2020\/08\/pc17.jpg 720w, https:\/\/canaltic.com\/blog\/wp-content\/uploads\/2020\/08\/pc17-300x142.jpg 300w\" sizes=\"auto, (max-width: 720px) 100vw, 720px\" \/><\/p>\n<h4>Descripci\u00f3n<\/h4>\n<p><strong>Tinkercad<\/strong> es una herramienta en l\u00ednea que ofrece en su secci\u00f3n \u201cCircuits\u201d un dise\u00f1ador, programador y simulador de circuitos electr\u00f3nicos. Permite crear esquemas de circuitos que integran placas Arduino y componentes electr\u00f3nicos b\u00e1sicos: leds, motores, piezos, fotoresistencias, diodos \u2026 Se facilita con ello el seguimiento telem\u00e1tico sin necesidad de disponer f\u00edsicamente de este material. La programaci\u00f3n de las placas Arduino se realiza mediante programaci\u00f3n textual. El sistema ofrece un bot\u00f3n de testeo o simulaci\u00f3n. Los circuitos dise\u00f1ados se pueden exportar a archivos *.BRD y compartir con otros usuarios en l\u00ednea. En esta sesi\u00f3n se analizan las prestaciones de esta herramienta en l\u00ednea exponiendo distintos ejemplos de dise\u00f1o de circuitos Arduino.<\/p>\n<h4>Objetivos<\/h4>\n<ol>\n<li>Identificar las conexiones b\u00e1sicas de la placa Arduino y su aplicaci\u00f3n: salidas-entradas digitales, salidas-entradas anal\u00f3gicas, entradas\/salidas de alimentaci\u00f3n, etc.<\/li>\n<li>Reconocer los principales componentes electr\u00f3nicos, sus caracter\u00edsticas y su modo de funcionamiento.<\/li>\n<li>Interpretar el plano b\u00e1sico de un circuito electr\u00f3nico y construirlo en el simulador.<\/li>\n<li>Elaborar programas de control sencillos con la herramienta de programaci\u00f3n textual de Arduino.<\/li>\n<li>Resolver distintas situaciones problema aplicando los conocimientos pr\u00e1cticos adquiridos.<\/li>\n<li>Analizar las posibilidades educativas de Arduino en el \u00e1mbito acad\u00e9mico.<\/li>\n<\/ol>\n<h4>Contenidos<\/h4>\n<ul>\n<li>Qu\u00e9 es una placa Arduino. Anatom\u00eda del modelo Arduino Uno Rev3.<\/li>\n<li>Componentes electr\u00f3nicos b\u00e1sicos: resistencia, leds, piezos, sensor de distancia &#8230;<\/li>\n<li>La programaci\u00f3n textual de Arduino. Mi primer circuito y programa.<\/li>\n<li>Proyectos con el simulador Tinkercad: El sem\u00e1foro de leds. Pulsadores y leds. Pulsadores y contadores. Interruptores. Led brillante. Transistores. Led RGB. Potenci\u00f3metros. Servomotores. Zumbadores. Fotoresistencia LDR. Sensor de temperatura. Sensor de distancia.<\/li>\n<li>Resoluci\u00f3n de incidencias.<\/li>\n<\/ul>\n<p><strong>Destinatarios<\/strong><\/p>\n<ul>\n<li>Profesorado de Primaria, Secundaria, Bachillerato y Formaci\u00f3n Profesional.<\/li>\n<\/ul>\n<h4>Duraci\u00f3n<\/h4>\n<ul>\n<li>3 horas.<\/li>\n<\/ul>\n<h4>Formato<\/h4>\n<ul>\n<li style=\"font-weight: 400;\">Taller presencial.<\/li>\n<li style=\"font-weight: 400;\">Ponencia webinar.<\/li>\n<\/ul>\n<hr \/>\n<div class=\"mg-blog-category\"><a class=\"newsup-categories category-color-1\" href=\"http:\/\/canaltic.com\/blog\/?page_id=3853\">Cat\u00e1logo de formaciones<\/a>\u00a0<a class=\"newsup-categories category-color-1\" href=\"http:\/\/canaltic.com\/blog\/?page_id=3878\">PC \u2013 Pensamiento Computacional, rob\u00f3tica y dom\u00f3tica<\/a> <a class=\"newsup-categories category-color-1\" href=\"#\">PC-17. Simulaci\u00f3n de circuitos electr\u00f3nicos con Tinkercad<\/a><\/div>\n","protected":false},"excerpt":{"rendered":"<p>Cat\u00e1logo de formaciones\u00a0PC \u2013 Pensamiento Computacional, rob\u00f3tica y dom\u00f3tica PC-17. Simulaci\u00f3n de circuitos electr\u00f3nicos con Tinkercad Descripci\u00f3n Tinkercad es una herramienta en l\u00ednea que ofrece en su secci\u00f3n \u201cCircuits\u201d un dise\u00f1ador, programador y simulador de circuitos electr\u00f3nicos. Permite crear esquemas de circuitos que integran placas Arduino y componentes electr\u00f3nicos b\u00e1sicos: leds, motores, piezos, fotoresistencias, diodos [&hellip;]<\/p>\n","protected":false},"author":1,"featured_media":0,"parent":3878,"menu_order":0,"comment_status":"closed","ping_status":"closed","template":"","meta":{"footnotes":""},"class_list":["post-4692","page","type-page","status-publish","hentry"],"_links":{"self":[{"href":"https:\/\/canaltic.com\/blog\/index.php?rest_route=\/wp\/v2\/pages\/4692","targetHints":{"allow":["GET"]}}],"collection":[{"href":"https:\/\/canaltic.com\/blog\/index.php?rest_route=\/wp\/v2\/pages"}],"about":[{"href":"https:\/\/canaltic.com\/blog\/index.php?rest_route=\/wp\/v2\/types\/page"}],"author":[{"embeddable":true,"href":"https:\/\/canaltic.com\/blog\/index.php?rest_route=\/wp\/v2\/users\/1"}],"replies":[{"embeddable":true,"href":"https:\/\/canaltic.com\/blog\/index.php?rest_route=%2Fwp%2Fv2%2Fcomments&post=4692"}],"version-history":[{"count":3,"href":"https:\/\/canaltic.com\/blog\/index.php?rest_route=\/wp\/v2\/pages\/4692\/revisions"}],"predecessor-version":[{"id":4696,"href":"https:\/\/canaltic.com\/blog\/index.php?rest_route=\/wp\/v2\/pages\/4692\/revisions\/4696"}],"up":[{"embeddable":true,"href":"https:\/\/canaltic.com\/blog\/index.php?rest_route=\/wp\/v2\/pages\/3878"}],"wp:attachment":[{"href":"https:\/\/canaltic.com\/blog\/index.php?rest_route=%2Fwp%2Fv2%2Fmedia&parent=4692"}],"curies":[{"name":"wp","href":"https:\/\/api.w.org\/{rel}","templated":true}]}}