{"id":4655,"date":"2020-08-17T16:56:17","date_gmt":"2020-08-17T15:56:17","guid":{"rendered":"http:\/\/canaltic.com\/blog\/?page_id=4655"},"modified":"2020-08-17T16:56:17","modified_gmt":"2020-08-17T15:56:17","slug":"pc-06-robotica-educativa-con-lego-wedo-2","status":"publish","type":"page","link":"https:\/\/canaltic.com\/blog\/?page_id=4655","title":{"rendered":"PC-06. Rob\u00f3tica educativa con Lego WeDo 2"},"content":{"rendered":"<div class=\"mg-blog-category\"><a class=\"newsup-categories category-color-1\" href=\"http:\/\/canaltic.com\/blog\/?page_id=3853\">Cat\u00e1logo de formaciones<\/a>\u00a0<a class=\"newsup-categories category-color-1\" href=\"http:\/\/canaltic.com\/blog\/?page_id=3878\">PC \u2013 Pensamiento Computacional, rob\u00f3tica y dom\u00f3tica<\/a> <a class=\"newsup-categories category-color-1\" href=\"#\">PC-06. Rob\u00f3tica educativa con Lego WeDo 2<\/a><\/div>\n<hr \/>\n<p><img loading=\"lazy\" decoding=\"async\" class=\"alignnone size-full wp-image-4656\" src=\"http:\/\/canaltic.com\/blog\/wp-content\/uploads\/2020\/08\/pc06.jpg\" alt=\"\" width=\"720\" height=\"340\" srcset=\"https:\/\/canaltic.com\/blog\/wp-content\/uploads\/2020\/08\/pc06.jpg 720w, https:\/\/canaltic.com\/blog\/wp-content\/uploads\/2020\/08\/pc06-300x142.jpg 300w\" sizes=\"auto, (max-width: 720px) 100vw, 720px\" \/><\/p>\n<h4>Descripci\u00f3n<\/h4>\n<p><strong>Lego Wedo 2<\/strong> es un pack de construcci\u00f3n que permite crear m\u00faltiples modelos de robots para programar. Dispone de un sensor de distancia y un sensor de inclinaci\u00f3n, Tambi\u00e9n de un motor y un hub de conexi\u00f3n bluetooth. Se programa con una aplicaci\u00f3n espec\u00edfica pero tambi\u00e9n con otros programas como Scratch o Tinker. En esta sesi\u00f3n se propone una iniciaci\u00f3n al uso educativo de este kit analizando sus posibilidades de construcci\u00f3n y programaci\u00f3n en edades entre 7 y 10 a\u00f1os.<\/p>\n<h4>Objetivos<\/h4>\n<ol>\n<li>Iniciarse en los lenguajes de programaci\u00f3n de manera natural y l\u00fadica.<\/li>\n<li>Probar el aprendizaje por indagaci\u00f3n: aprendizaje por ensayo y error.<\/li>\n<li>Valorar la rob\u00f3tica educativa como un recurso m\u00e1s para su aprendizaje.<\/li>\n<li>Despertar la curiosidad por el mundo de la rob\u00f3tica.<\/li>\n<li>Iniciarse en el manejo y posibilidades educativas de robot Lego Wedo 2.o<\/li>\n<\/ol>\n<h4>Contenidos<\/h4>\n<ul>\n<li>El kit de Lego WeDo 2. Descripci\u00f3n. Elementos y componentes electr\u00f3nicos.<\/li>\n<li>El software Lego Wedo 2 para ordenador PC (Windows\/mac) y tablet (Android\/iOS). Requisitos. Descarga e instalaci\u00f3n. Interfaz del programa. Conexi\u00f3n con el hub. Bloques de programaci\u00f3n.<\/li>\n<li>Mi primer proyecto Lego Wedo 2.<\/li>\n<li>Modelos b\u00e1sicos: tambalear, conducir, manivela, caminar, girar, vaiv\u00e9n, enrollar, levantar, agarrar, empujar, dar la vuelta, dirigir, barrer, detectar movimiento y detectar inclinaci\u00f3n.<\/li>\n<li>Cadenas de programaci\u00f3n: motor, sensor de distancia, leds, sonidos, im\u00e1genes en pantalla, entrada aleatoria, entrada de audio, cuenta atr\u00e1s y procesos simult\u00e1neos.<\/li>\n<li>Proyectos de iniciaci\u00f3n con el veh\u00edculo espacial Milo: movimientos, sensor de distancia y sensor de inclinaci\u00f3n.<\/li>\n<li>Aprendizaje basado en proyectos: proyectos guiados y proyectos abiertos.<\/li>\n<li>Programaci\u00f3n con Scratch. Jugando con motores y sensores: el vuelo de la mariposa, el mago y el drag\u00f3n, el submarino, botones de control \u2026<\/li>\n<li>Modelos de robots. Ejemplos y recursos.<\/li>\n<\/ul>\n<p><strong>Destinatarios<\/strong><\/p>\n<ul>\n<li><span style=\"font-weight: 400;\">Profesorado de Primaria. <\/span><\/li>\n<\/ul>\n<h4>Duraci\u00f3n<\/h4>\n<ul>\n<li>3 horas.<\/li>\n<\/ul>\n<h4>Formato<\/h4>\n<ul>\n<li style=\"font-weight: 400;\">Taller presencial.<\/li>\n<li style=\"font-weight: 400;\">Ponencia webinar.<\/li>\n<\/ul>\n<hr \/>\n<div class=\"mg-blog-category\"><a class=\"newsup-categories category-color-1\" href=\"http:\/\/canaltic.com\/blog\/?page_id=3853\">Cat\u00e1logo de formaciones<\/a>\u00a0<a class=\"newsup-categories category-color-1\" href=\"http:\/\/canaltic.com\/blog\/?page_id=3878\">PC \u2013 Pensamiento Computacional, rob\u00f3tica y dom\u00f3tica<\/a> <a class=\"newsup-categories category-color-1\" href=\"#\">PC-06. Rob\u00f3tica educativa con Lego WeDo 2<\/a><\/div>\n","protected":false},"excerpt":{"rendered":"<p>Cat\u00e1logo de formaciones\u00a0PC \u2013 Pensamiento Computacional, rob\u00f3tica y dom\u00f3tica PC-06. Rob\u00f3tica educativa con Lego WeDo 2 Descripci\u00f3n Lego Wedo 2 es un pack de construcci\u00f3n que permite crear m\u00faltiples modelos de robots para programar. Dispone de un sensor de distancia y un sensor de inclinaci\u00f3n, Tambi\u00e9n de un motor y un hub de conexi\u00f3n bluetooth. [&hellip;]<\/p>\n","protected":false},"author":1,"featured_media":0,"parent":3878,"menu_order":0,"comment_status":"closed","ping_status":"closed","template":"","meta":{"footnotes":""},"class_list":["post-4655","page","type-page","status-publish","hentry"],"_links":{"self":[{"href":"https:\/\/canaltic.com\/blog\/index.php?rest_route=\/wp\/v2\/pages\/4655","targetHints":{"allow":["GET"]}}],"collection":[{"href":"https:\/\/canaltic.com\/blog\/index.php?rest_route=\/wp\/v2\/pages"}],"about":[{"href":"https:\/\/canaltic.com\/blog\/index.php?rest_route=\/wp\/v2\/types\/page"}],"author":[{"embeddable":true,"href":"https:\/\/canaltic.com\/blog\/index.php?rest_route=\/wp\/v2\/users\/1"}],"replies":[{"embeddable":true,"href":"https:\/\/canaltic.com\/blog\/index.php?rest_route=%2Fwp%2Fv2%2Fcomments&post=4655"}],"version-history":[{"count":1,"href":"https:\/\/canaltic.com\/blog\/index.php?rest_route=\/wp\/v2\/pages\/4655\/revisions"}],"predecessor-version":[{"id":4657,"href":"https:\/\/canaltic.com\/blog\/index.php?rest_route=\/wp\/v2\/pages\/4655\/revisions\/4657"}],"up":[{"embeddable":true,"href":"https:\/\/canaltic.com\/blog\/index.php?rest_route=\/wp\/v2\/pages\/3878"}],"wp:attachment":[{"href":"https:\/\/canaltic.com\/blog\/index.php?rest_route=%2Fwp%2Fv2%2Fmedia&parent=4655"}],"curies":[{"name":"wp","href":"https:\/\/api.w.org\/{rel}","templated":true}]}}