{"id":4325,"date":"2020-08-10T11:16:41","date_gmt":"2020-08-10T10:16:41","guid":{"rendered":"http:\/\/canaltic.com\/blog\/?page_id=4325"},"modified":"2020-08-13T08:53:22","modified_gmt":"2020-08-13T07:53:22","slug":"lr-18-decktoys-mapas-de-tareas-para-gamificar-el-aprendizaje","status":"publish","type":"page","link":"https:\/\/canaltic.com\/blog\/?page_id=4325","title":{"rendered":"LR-18. DeckToys: mapas de tareas para gamificar el aprendizaje"},"content":{"rendered":"<div class=\"mg-blog-category\"><a class=\"newsup-categories category-color-1\" href=\"http:\/\/canaltic.com\/blog\/?page_id=3853\">Cat\u00e1logo de formaciones<\/a>\u00a0<a class=\"newsup-categories category-color-1\" href=\"http:\/\/canaltic.com\/blog\/?page_id=3872\">LR \u2013 eLeaRning<\/a> <a class=\"newsup-categories category-color-1\" href=\"#\">LR-18. DeckToys: mapas de tareas para gamificar el aprendizaje<\/a><\/div>\n<hr \/>\n<p><img loading=\"lazy\" decoding=\"async\" class=\"alignnone size-full wp-image-4327\" src=\"http:\/\/canaltic.com\/blog\/wp-content\/uploads\/2020\/08\/lr18.jpg\" alt=\"\" width=\"720\" height=\"340\" srcset=\"https:\/\/canaltic.com\/blog\/wp-content\/uploads\/2020\/08\/lr18.jpg 720w, https:\/\/canaltic.com\/blog\/wp-content\/uploads\/2020\/08\/lr18-300x142.jpg 300w\" sizes=\"auto, (max-width: 720px) 100vw, 720px\" \/><\/p>\n<h4>Descripci\u00f3n<\/h4>\n<p><strong>Deck.Toys<\/strong> es una herramienta online que permite crear itinerarios gamificados de tareas. El alumnado debe seguir las rutas del mapa resolviendo problemas, respondiendo a preguntas, realizando distintos tipos de ejercicios, etc . Conforma va superando las pruebas va avanzando hacia la meta final. Cada nodo del mapa ofrece un tipo de ejercicio: cuestionario de preguntas, juego del ahorcado, laberinto, memory, flashcards, puzzle, preguntas sobre im\u00e1genes \u2026 Cada mapa o tablero dispone de una URL espec\u00edfica de acceso directo que tambi\u00e9n se puede asignar en un tiempo concreto a unos alumnos registrados para grabar sus respuestas. Los tableros se pueden compartir e incluso reutilizar los tableros dise\u00f1ados por otros docentes. En esta sesi\u00f3n se propone una iniciaci\u00f3n para el profesorado en la creaci\u00f3n y uso educativo de un decktoys.<\/p>\n<h4>Objetivos<\/h4>\n<ol>\n<li>Conocer distintos tipos de decks que se pueden crear con Deck.Toys.<\/li>\n<li>Familiarizarse con la interfaz y funcionamiento de Deck.Toys para la creaci\u00f3n de tableros..<\/li>\n<li>Crear y utilizar con el alumnado un itinerario con distintas actividades interactivas en torno a un tema.<br \/>\nExperimentar la creaci\u00f3n de una clase para asignarle un tablero y chequear la grabaci\u00f3n de resultados.<\/li>\n<\/ol>\n<h4>Contenidos<\/h4>\n<ul>\n<li>Qu\u00e9 es Deck.Toys. Caracter\u00edsticas. Registro como docente.<\/li>\n<li>Ejemplos de tableros.<\/li>\n<li>Crear nuevo tablero: imagen de fondo, actividades, rutas y vista previa.<\/li>\n<li>A\u00f1adir archivos a un tablero: documentos pdf y doc, presentaciones ppt \u2026<\/li>\n<li>Contenidos interactivos: actividad Slides y actividad Study Set. C\u00f3mo crearlas.<\/li>\n<li>Clases: crear tu clase, asignar tablero y conectar al alumnado a tu clase.<\/li>\n<li>Grabaci\u00f3n e informe de resultados.<\/li>\n<\/ul>\n<h4>Destinatarios<\/h4>\n<ul>\n<li><span style=\"font-weight: 400;\">Profesorado de Infantil, Primaria, Secundaria, Bachillerato y Formaci\u00f3n Profesional.<\/span><\/li>\n<\/ul>\n<h4>Duraci\u00f3n<\/h4>\n<ul>\n<li style=\"list-style-type: none;\">\n<ul>\n<li>3 horas.<\/li>\n<\/ul>\n<\/li>\n<\/ul>\n<h4>Formato<\/h4>\n<ul>\n<li>Taller presencial.<\/li>\n<li>Taller webinar.<\/li>\n<\/ul>\n<hr \/>\n<div class=\"mg-blog-category\"><a class=\"newsup-categories category-color-1\" href=\"http:\/\/canaltic.com\/blog\/?page_id=3853\">Cat\u00e1logo de formaciones<\/a>\u00a0<a class=\"newsup-categories category-color-1\" href=\"http:\/\/canaltic.com\/blog\/?page_id=3872\">LR \u2013 eLeaRning<\/a> <a class=\"newsup-categories category-color-1\" href=\"#\">LR-18. DeckToys: mapas de tareas para gamificar el aprendizaje<\/a><\/div>\n","protected":false},"excerpt":{"rendered":"<p>Cat\u00e1logo de formaciones\u00a0LR \u2013 eLeaRning LR-18. DeckToys: mapas de tareas para gamificar el aprendizaje Descripci\u00f3n Deck.Toys es una herramienta online que permite crear itinerarios gamificados de tareas. El alumnado debe seguir las rutas del mapa resolviendo problemas, respondiendo a preguntas, realizando distintos tipos de ejercicios, etc . Conforma va superando las pruebas va avanzando hacia [&hellip;]<\/p>\n","protected":false},"author":1,"featured_media":0,"parent":3872,"menu_order":0,"comment_status":"closed","ping_status":"closed","template":"","meta":{"footnotes":""},"class_list":["post-4325","page","type-page","status-publish","hentry"],"_links":{"self":[{"href":"https:\/\/canaltic.com\/blog\/index.php?rest_route=\/wp\/v2\/pages\/4325","targetHints":{"allow":["GET"]}}],"collection":[{"href":"https:\/\/canaltic.com\/blog\/index.php?rest_route=\/wp\/v2\/pages"}],"about":[{"href":"https:\/\/canaltic.com\/blog\/index.php?rest_route=\/wp\/v2\/types\/page"}],"author":[{"embeddable":true,"href":"https:\/\/canaltic.com\/blog\/index.php?rest_route=\/wp\/v2\/users\/1"}],"replies":[{"embeddable":true,"href":"https:\/\/canaltic.com\/blog\/index.php?rest_route=%2Fwp%2Fv2%2Fcomments&post=4325"}],"version-history":[{"count":4,"href":"https:\/\/canaltic.com\/blog\/index.php?rest_route=\/wp\/v2\/pages\/4325\/revisions"}],"predecessor-version":[{"id":4548,"href":"https:\/\/canaltic.com\/blog\/index.php?rest_route=\/wp\/v2\/pages\/4325\/revisions\/4548"}],"up":[{"embeddable":true,"href":"https:\/\/canaltic.com\/blog\/index.php?rest_route=\/wp\/v2\/pages\/3872"}],"wp:attachment":[{"href":"https:\/\/canaltic.com\/blog\/index.php?rest_route=%2Fwp%2Fv2%2Fmedia&parent=4325"}],"curies":[{"name":"wp","href":"https:\/\/api.w.org\/{rel}","templated":true}]}}