{"id":4227,"date":"2020-08-08T10:24:20","date_gmt":"2020-08-08T09:24:20","guid":{"rendered":"http:\/\/canaltic.com\/blog\/?page_id=4227"},"modified":"2020-08-13T08:20:30","modified_gmt":"2020-08-13T07:20:30","slug":"he-07-maquinas-virtuales","status":"publish","type":"page","link":"https:\/\/canaltic.com\/blog\/?page_id=4227","title":{"rendered":"HE-07. M\u00e1quinas virtuales"},"content":{"rendered":"<div class=\"mg-blog-category\"><a class=\"newsup-categories category-color-1\" href=\"http:\/\/canaltic.com\/blog\/?page_id=3853\">Cat\u00e1logo de formaciones<\/a>\u00a0<a class=\"newsup-categories category-color-1\" href=\"http:\/\/canaltic.com\/blog\/?page_id=3870\">HE &#8211; Hardware Educativo<\/a> <a class=\"newsup-categories category-color-1\" href=\"#\">HE-07. M\u00e1quinas virtuales<\/a><\/div>\n<hr \/>\n<p><img loading=\"lazy\" decoding=\"async\" class=\"alignnone size-full wp-image-4255\" src=\"http:\/\/canaltic.com\/blog\/wp-content\/uploads\/2020\/08\/he07.jpg\" alt=\"\" width=\"720\" height=\"340\" srcset=\"https:\/\/canaltic.com\/blog\/wp-content\/uploads\/2020\/08\/he07.jpg 720w, https:\/\/canaltic.com\/blog\/wp-content\/uploads\/2020\/08\/he07-300x142.jpg 300w\" sizes=\"auto, (max-width: 720px) 100vw, 720px\" \/><\/p>\n<h4>Descripci\u00f3n<\/h4>\n<p><span style=\"font-weight: 400;\">Una <\/span><b>m\u00e1quina virtual<\/b><span style=\"font-weight: 400;\"> es un software que se instala en un equipo anfitri\u00f3n y permite crear dentro de \u00e9l un contenedor que emula el funcionamiento de un ordenador real con todos los componentes de hardware: procesador, memoria RAM, tarjeta de sonido, Wi-Fi \u2026 Toda la emulaci\u00f3n se encapsula en una carpeta de archivos de tal forma que todos los cambios que se realicen en esa m\u00e1quina virtual no afectan para nada al ordenador f\u00edsico. Dentro de esa m\u00e1quina virtual es posible instalar y utilizar a trav\u00e9s de una ventana de aplicaci\u00f3n cualquier otro sistema operativo (Windows, Linux, Android \u2026) con independencia del sistema operativo que tenga el ordenador anfitri\u00f3n. Es una soluci\u00f3n ideal en el entorno acad\u00e9mico para probar otros sistemas operativos, clonar sistemas preconfigurados, manipular programas potencialmente peligrosos, utilizar software que no est\u00e1 disponible para el sistema de nuestro PC f\u00edsico, ensayar soluciones de m\u00e1quinas servidor\/cliente, etc.\u00a0<\/span><\/p>\n<h4>Objetivos<\/h4>\n<ol>\n<li>Comprender las caracter\u00edsticas y detalles de funcionamiento de un software de virtualizaci\u00f3n.<\/li>\n<li>Crear y desplegar una m\u00e1quina virtual con un sistema operativo distinto del anfitri\u00f3n.<\/li>\n<li>Dominar la configuraci\u00f3n de par\u00e1metros de una m\u00e1quina virtual.<\/li>\n<li>Configurar adecuadamente el tipo de conexi\u00f3n a red de una m\u00e1quina virtual.<\/li>\n<li>Clonar f\u00e1cilmente una m\u00e1quina virtual mediante la copia del archivo de su disco (vdi).<\/li>\n<\/ol>\n<h4>Contenidos<\/h4>\n<ul>\n<li>Qu\u00e9 es una m\u00e1quina virtual. Caracter\u00edsticas. Software para virtualizaci\u00f3n.<\/li>\n<li>Descarga e instalaci\u00f3n de VirtualBox. Sistemas operativos instalables.<\/li>\n<li>Mi primera m\u00e1quina virtual: instalaci\u00f3n y configuraci\u00f3n. Guest Additions.<\/li>\n<li>Configuraci\u00f3n de la m\u00e1quina virtual : sistema, pantalla, almacenamiento, audio, red, puertas y carpetas compartidas.<\/li>\n<li>Almacenamiento virtual: gesti\u00f3n de discos y puertos USB.<\/li>\n<li>Redes virtuales: tipos de redes.<\/li>\n<li>Pr\u00e1ctica 1: instalaci\u00f3n de una m\u00e1quina virtual Ubuntu Desktop.<\/li>\n<li style=\"font-weight: 400;\">Pr\u00e1ctica 2. Instalaci\u00f3n de una m\u00e1quina virtual Ubuntu Server.<\/li>\n<\/ul>\n<h4>Destinatarios<\/h4>\n<ul>\n<li><span style=\"font-weight: 400;\">Profesorado de Tecnolog\u00eda y profesorado en general interesado en investigar otros sistemas operativos.\u00a0<\/span><\/li>\n<\/ul>\n<h4>Duraci\u00f3n<\/h4>\n<ul>\n<li>3 horas.<\/li>\n<\/ul>\n<h4>Formato<\/h4>\n<ul>\n<li>Taller presencial.<\/li>\n<li>Taller webinar.<\/li>\n<\/ul>\n<hr \/>\n<div class=\"mg-blog-category\"><a class=\"newsup-categories category-color-1\" href=\"http:\/\/canaltic.com\/blog\/?page_id=3853\">Cat\u00e1logo de formaciones<\/a>\u00a0<a class=\"newsup-categories category-color-1\" href=\"http:\/\/canaltic.com\/blog\/?page_id=3870\">HE &#8211; Hardware Educativo<\/a> <a class=\"newsup-categories category-color-1\" href=\"#\">HE-07. M\u00e1quinas virtuales<\/a><\/div>\n","protected":false},"excerpt":{"rendered":"<p>Cat\u00e1logo de formaciones\u00a0HE &#8211; Hardware Educativo HE-07. M\u00e1quinas virtuales Descripci\u00f3n Una m\u00e1quina virtual es un software que se instala en un equipo anfitri\u00f3n y permite crear dentro de \u00e9l un contenedor que emula el funcionamiento de un ordenador real con todos los componentes de hardware: procesador, memoria RAM, tarjeta de sonido, Wi-Fi \u2026 Toda la [&hellip;]<\/p>\n","protected":false},"author":1,"featured_media":0,"parent":3870,"menu_order":0,"comment_status":"closed","ping_status":"closed","template":"","meta":{"footnotes":""},"class_list":["post-4227","page","type-page","status-publish","hentry"],"_links":{"self":[{"href":"https:\/\/canaltic.com\/blog\/index.php?rest_route=\/wp\/v2\/pages\/4227","targetHints":{"allow":["GET"]}}],"collection":[{"href":"https:\/\/canaltic.com\/blog\/index.php?rest_route=\/wp\/v2\/pages"}],"about":[{"href":"https:\/\/canaltic.com\/blog\/index.php?rest_route=\/wp\/v2\/types\/page"}],"author":[{"embeddable":true,"href":"https:\/\/canaltic.com\/blog\/index.php?rest_route=\/wp\/v2\/users\/1"}],"replies":[{"embeddable":true,"href":"https:\/\/canaltic.com\/blog\/index.php?rest_route=%2Fwp%2Fv2%2Fcomments&post=4227"}],"version-history":[{"count":4,"href":"https:\/\/canaltic.com\/blog\/index.php?rest_route=\/wp\/v2\/pages\/4227\/revisions"}],"predecessor-version":[{"id":4520,"href":"https:\/\/canaltic.com\/blog\/index.php?rest_route=\/wp\/v2\/pages\/4227\/revisions\/4520"}],"up":[{"embeddable":true,"href":"https:\/\/canaltic.com\/blog\/index.php?rest_route=\/wp\/v2\/pages\/3870"}],"wp:attachment":[{"href":"https:\/\/canaltic.com\/blog\/index.php?rest_route=%2Fwp%2Fv2%2Fmedia&parent=4227"}],"curies":[{"name":"wp","href":"https:\/\/api.w.org\/{rel}","templated":true}]}}