{"id":4224,"date":"2020-08-08T09:55:29","date_gmt":"2020-08-08T08:55:29","guid":{"rendered":"http:\/\/canaltic.com\/blog\/?page_id=4224"},"modified":"2020-08-13T07:57:27","modified_gmt":"2020-08-13T06:57:27","slug":"he-06-trucos-y-programas-para-mejorar-el-uso-de-tu-imac","status":"publish","type":"page","link":"https:\/\/canaltic.com\/blog\/?page_id=4224","title":{"rendered":"HE-06. Trucos y programas para mejorar el uso de tu iMac"},"content":{"rendered":"<div class=\"mg-blog-category\"><a class=\"newsup-categories category-color-1\" href=\"http:\/\/canaltic.com\/blog\/?page_id=3853\">Cat\u00e1logo de formaciones<\/a>\u00a0<a class=\"newsup-categories category-color-1\" href=\"http:\/\/canaltic.com\/blog\/?page_id=3870\">HE &#8211; Hardware Educativo<\/a> <a class=\"newsup-categories category-color-1\" href=\"#\">HE-06. Trucos y programas para mejorar el uso de tu iMac<\/a><\/div>\n<hr \/>\n<p><img loading=\"lazy\" decoding=\"async\" class=\"alignnone size-full wp-image-4225\" src=\"http:\/\/canaltic.com\/blog\/wp-content\/uploads\/2020\/08\/he06.jpg\" alt=\"\" width=\"720\" height=\"340\" srcset=\"https:\/\/canaltic.com\/blog\/wp-content\/uploads\/2020\/08\/he06.jpg 720w, https:\/\/canaltic.com\/blog\/wp-content\/uploads\/2020\/08\/he06-300x142.jpg 300w\" sizes=\"auto, (max-width: 720px) 100vw, 720px\" \/><\/p>\n<h4>Descripci\u00f3n<\/h4>\n<p>Los equipos con sistema operativo iOS cada vez son m\u00e1s frecuentes y sobre todo entre la comunidad de docentes. Esta sesi\u00f3n no es una gu\u00eda de iniciaci\u00f3n para usuarios sin experiencia en el uso de un Mac. Se exponen algunos programas y trucos para sacarle m\u00e1s partido al equipo mac en un entorno acad\u00e9mico. Se requiere cierta experiencia en el uso b\u00e1sico de este tipo de ordenadores.<\/p>\n<h4>Objetivos<\/h4>\n<ol>\n<li>Dominar algunos procedimientos de manejo de tu mac para ampliar las posibilidades de procesamiento en el \u00e1mbito educativo.<\/li>\n<li>Resolver algunas dificultades e incidencias en el uso de tu equipo iOS.<\/li>\n<\/ol>\n<h4><b>Contenidos<\/b><\/h4>\n<ul>\n<li>Informaci\u00f3n y actualizaciones del sistema. Preferencias: escritorio, usuarios, seguridad\/privacidad, impresoras, rat\u00f3n \u2026<\/li>\n<li>Explorador de archivos Finder: uso avanzado, descompresi\u00f3n RAR, atajos &#8230;<\/li>\n<li>Navegador web Safari: comandos y atajos de teclado.<\/li>\n<li>Quicktime Player: reproductor multimedia y capturas de dispositivos.<\/li>\n<li>Env\u00edo de archivos entre equipos: AirDrop, configuraci\u00f3n y activaci\u00f3n.<\/li>\n<li>Proyecci\u00f3n de pantallas: AirPlay, conexi\u00f3n y configuraci\u00f3n.<\/li>\n<li>Discos duros externos: utilidad de discos, lectura\/grabaci\u00f3n en vol\u00famenes NTFS (Mounty)&#8230;<\/li>\n<li>Paquetes ofim\u00e1ticos espec\u00edficos: KeyNote, Pages y Numbers.<\/li>\n<li>Editor de v\u00eddeo espec\u00edfico: iMovie.<\/li>\n<li>Estudio de grabaci\u00f3n de audio: GarageBand.<\/li>\n<li>M\u00e1quinas virtuales de Windows y Linux en Mac con VirtualBox.<\/li>\n<li>Conexi\u00f3n con dispositivos Android: Android File Transfer.<\/li>\n<li>Cat\u00e1logo de software libre compatible con Mac para uso educativo: GIMP, Audacity, VLC Media Player, Adobe Reader, LibreOffice, Chrome, Firefox, AVG Antivirus, LightShot ScreenShot, OpenBoard \u2026<\/li>\n<li>Resoluci\u00f3n de incidencias.<\/li>\n<\/ul>\n<h4><b>Destinatarios<\/b><\/h4>\n<ul>\n<li style=\"font-weight: 400;\">Profesorado de cualquier nivel educativo con cierta experiencia en el uso b\u00e1sico de un equipo inform\u00e1tico con sistema iOS.<\/li>\n<\/ul>\n<h4>Duraci\u00f3n<\/h4>\n<ul>\n<li>3 horas.<\/li>\n<\/ul>\n<h4>Formato<\/h4>\n<ul>\n<li>Taller presencial.<\/li>\n<li>Taller webinar.<\/li>\n<\/ul>\n<hr \/>\n<div class=\"mg-blog-category\"><a class=\"newsup-categories category-color-1\" href=\"http:\/\/canaltic.com\/blog\/?page_id=3853\">Cat\u00e1logo de formaciones<\/a>\u00a0<a class=\"newsup-categories category-color-1\" href=\"http:\/\/canaltic.com\/blog\/?page_id=3870\">HE &#8211; Hardware Educativo<\/a> <a class=\"newsup-categories category-color-1\" href=\"#\">HE-06. Trucos y programas para mejorar el uso de tu iMac<\/a><\/div>\n","protected":false},"excerpt":{"rendered":"<p>Cat\u00e1logo de formaciones\u00a0HE &#8211; Hardware Educativo HE-06. Trucos y programas para mejorar el uso de tu iMac Descripci\u00f3n Los equipos con sistema operativo iOS cada vez son m\u00e1s frecuentes y sobre todo entre la comunidad de docentes. Esta sesi\u00f3n no es una gu\u00eda de iniciaci\u00f3n para usuarios sin experiencia en el uso de un Mac. [&hellip;]<\/p>\n","protected":false},"author":1,"featured_media":0,"parent":3870,"menu_order":0,"comment_status":"closed","ping_status":"closed","template":"","meta":{"footnotes":""},"class_list":["post-4224","page","type-page","status-publish","hentry"],"_links":{"self":[{"href":"https:\/\/canaltic.com\/blog\/index.php?rest_route=\/wp\/v2\/pages\/4224","targetHints":{"allow":["GET"]}}],"collection":[{"href":"https:\/\/canaltic.com\/blog\/index.php?rest_route=\/wp\/v2\/pages"}],"about":[{"href":"https:\/\/canaltic.com\/blog\/index.php?rest_route=\/wp\/v2\/types\/page"}],"author":[{"embeddable":true,"href":"https:\/\/canaltic.com\/blog\/index.php?rest_route=\/wp\/v2\/users\/1"}],"replies":[{"embeddable":true,"href":"https:\/\/canaltic.com\/blog\/index.php?rest_route=%2Fwp%2Fv2%2Fcomments&post=4224"}],"version-history":[{"count":3,"href":"https:\/\/canaltic.com\/blog\/index.php?rest_route=\/wp\/v2\/pages\/4224\/revisions"}],"predecessor-version":[{"id":4518,"href":"https:\/\/canaltic.com\/blog\/index.php?rest_route=\/wp\/v2\/pages\/4224\/revisions\/4518"}],"up":[{"embeddable":true,"href":"https:\/\/canaltic.com\/blog\/index.php?rest_route=\/wp\/v2\/pages\/3870"}],"wp:attachment":[{"href":"https:\/\/canaltic.com\/blog\/index.php?rest_route=%2Fwp%2Fv2%2Fmedia&parent=4224"}],"curies":[{"name":"wp","href":"https:\/\/api.w.org\/{rel}","templated":true}]}}