{"id":4218,"date":"2020-08-08T09:50:52","date_gmt":"2020-08-08T08:50:52","guid":{"rendered":"http:\/\/canaltic.com\/blog\/?page_id=4218"},"modified":"2020-08-13T07:53:19","modified_gmt":"2020-08-13T06:53:19","slug":"he-04-android-tv-dispositivos-low-cost-para-conectar-con-el-mundo","status":"publish","type":"page","link":"https:\/\/canaltic.com\/blog\/?page_id=4218","title":{"rendered":"HE-04. Android TV: dispositivos low-cost para conectar con el mundo"},"content":{"rendered":"<div class=\"mg-blog-category\"><a class=\"newsup-categories category-color-1\" href=\"http:\/\/canaltic.com\/blog\/?page_id=3853\">Cat\u00e1logo de formaciones<\/a>\u00a0<a class=\"newsup-categories category-color-1\" href=\"http:\/\/canaltic.com\/blog\/?page_id=3870\">HE &#8211; Hardware Educativo<\/a> <a class=\"newsup-categories category-color-1\" href=\"#\">HE-04. Android TV: dispositivos low-cost para conectar con el mundo<\/a><\/div>\n<hr \/>\n<p><img loading=\"lazy\" decoding=\"async\" class=\"alignnone size-full wp-image-4219\" src=\"http:\/\/canaltic.com\/blog\/wp-content\/uploads\/2020\/08\/he04.jpg\" alt=\"\" width=\"720\" height=\"340\" srcset=\"https:\/\/canaltic.com\/blog\/wp-content\/uploads\/2020\/08\/he04.jpg 720w, https:\/\/canaltic.com\/blog\/wp-content\/uploads\/2020\/08\/he04-300x142.jpg 300w\" sizes=\"auto, (max-width: 720px) 100vw, 720px\" \/><\/p>\n<h4>Descripci\u00f3n<\/h4>\n<p>En esta sesi\u00f3n formativa se expone una demostraci\u00f3n de uso del dispositivo <strong>Android TV<\/strong> como una opci\u00f3n \u00fatil a valorar como equipamiento de aula o incluso del propio alumnado en su domicilio familiar. Se trata de un aparato de coste econ\u00f3mico muy reducido (inferior a 20 euros), con sistema operativo Android que puede conectarse a una televisi\u00f3n o proyector mediante cable HDMI, admite conexi\u00f3n a Internet por Ethernet o WiFi y permite su manejo mediante la conexi\u00f3n de un teclado y un mouse USB reciclados.<\/p>\n<h4>Objetivos<\/h4>\n<ol>\n<li>Valorar el Android TV como un dispositivo low-cost con posibilidad de uso educativo en el aula o por el alumnado en sus domicilios reciclando teclados y mouses antiguos.<\/li>\n<li>Conocer los detalles de configuraci\u00f3n del Android que ofrecen estos dispositivos.<\/li>\n<li>Instalar y utilizar distintas aplicaciones Android interesantes en el entorno educativo.<\/li>\n<\/ol>\n<h4>Contenidos<\/h4>\n<ul>\n<li>Qu\u00e9 es un dispositivo Android TV. Caracter\u00edsticas y\u00a0 modelos.<\/li>\n<li>Launchers: media, cl\u00e1sico y otros.<\/li>\n<li>Configuraci\u00f3n de Android.<\/li>\n<li>Perif\u00e9ricos: teclado, rat\u00f3n, videoc\u00e1mara, micr\u00f3fono \u2026<\/li>\n<li>Instalaci\u00f3n de aplicaciones.<\/li>\n<li>Cat\u00e1logo de apps de uso educativo.<\/li>\n<li>Conclusiones<\/li>\n<\/ul>\n<h4>Destinatarios<\/h4>\n<ul>\n<li style=\"font-weight: 400;\"><span style=\"font-weight: 400;\">Profesorado de Infantil, Primaria, Secundaria, Bachillerato y Formaci\u00f3n Profesional.<\/span><\/li>\n<\/ul>\n<h4>Duraci\u00f3n<\/h4>\n<ul>\n<li>3 horas.<\/li>\n<\/ul>\n<h4>Formato<\/h4>\n<ul>\n<li>Taller presencial.<\/li>\n<li>Taller webinar.<\/li>\n<\/ul>\n<hr \/>\n<div class=\"mg-blog-category\"><a class=\"newsup-categories category-color-1\" href=\"http:\/\/canaltic.com\/blog\/?page_id=3853\">Cat\u00e1logo de formaciones<\/a>\u00a0<a class=\"newsup-categories category-color-1\" href=\"http:\/\/canaltic.com\/blog\/?page_id=3870\">HE &#8211; Hardware Educativo<\/a> <a class=\"newsup-categories category-color-1\" href=\"#\">HE-04. Android TV: dispositivos low-cost para conectar con el mundo<\/a><\/div>\n","protected":false},"excerpt":{"rendered":"<p>Cat\u00e1logo de formaciones\u00a0HE &#8211; Hardware Educativo HE-04. Android TV: dispositivos low-cost para conectar con el mundo Descripci\u00f3n En esta sesi\u00f3n formativa se expone una demostraci\u00f3n de uso del dispositivo Android TV como una opci\u00f3n \u00fatil a valorar como equipamiento de aula o incluso del propio alumnado en su domicilio familiar. Se trata de un aparato [&hellip;]<\/p>\n","protected":false},"author":1,"featured_media":0,"parent":3870,"menu_order":0,"comment_status":"closed","ping_status":"closed","template":"","meta":{"footnotes":""},"class_list":["post-4218","page","type-page","status-publish","hentry"],"_links":{"self":[{"href":"https:\/\/canaltic.com\/blog\/index.php?rest_route=\/wp\/v2\/pages\/4218","targetHints":{"allow":["GET"]}}],"collection":[{"href":"https:\/\/canaltic.com\/blog\/index.php?rest_route=\/wp\/v2\/pages"}],"about":[{"href":"https:\/\/canaltic.com\/blog\/index.php?rest_route=\/wp\/v2\/types\/page"}],"author":[{"embeddable":true,"href":"https:\/\/canaltic.com\/blog\/index.php?rest_route=\/wp\/v2\/users\/1"}],"replies":[{"embeddable":true,"href":"https:\/\/canaltic.com\/blog\/index.php?rest_route=%2Fwp%2Fv2%2Fcomments&post=4218"}],"version-history":[{"count":4,"href":"https:\/\/canaltic.com\/blog\/index.php?rest_route=\/wp\/v2\/pages\/4218\/revisions"}],"predecessor-version":[{"id":4516,"href":"https:\/\/canaltic.com\/blog\/index.php?rest_route=\/wp\/v2\/pages\/4218\/revisions\/4516"}],"up":[{"embeddable":true,"href":"https:\/\/canaltic.com\/blog\/index.php?rest_route=\/wp\/v2\/pages\/3870"}],"wp:attachment":[{"href":"https:\/\/canaltic.com\/blog\/index.php?rest_route=%2Fwp%2Fv2%2Fmedia&parent=4218"}],"curies":[{"name":"wp","href":"https:\/\/api.w.org\/{rel}","templated":true}]}}