{"id":4209,"date":"2020-08-08T09:48:58","date_gmt":"2020-08-08T08:48:58","guid":{"rendered":"http:\/\/canaltic.com\/blog\/?page_id=4209"},"modified":"2020-08-13T07:49:18","modified_gmt":"2020-08-13T06:49:18","slug":"he-03-chrome-os-ordenadores-para-ensenar-y-aprender-en-la-nube","status":"publish","type":"page","link":"https:\/\/canaltic.com\/blog\/?page_id=4209","title":{"rendered":"HE-03. Chrome OS: ordenadores para ense\u00f1ar y aprender en la nube"},"content":{"rendered":"<div class=\"mg-blog-category\"><a class=\"newsup-categories category-color-1\" href=\"http:\/\/canaltic.com\/blog\/?page_id=3853\">Cat\u00e1logo de formaciones<\/a>\u00a0<a class=\"newsup-categories category-color-1\" href=\"http:\/\/canaltic.com\/blog\/?page_id=3870\">HE &#8211; Hardware Educativo<\/a> <a class=\"newsup-categories category-color-1\" href=\"#\">HE-03. Chrome OS: ordenadores para ense\u00f1ar y aprender en la nube<\/a><\/div>\n<hr \/>\n<p><img loading=\"lazy\" decoding=\"async\" class=\"alignnone size-full wp-image-4216\" src=\"http:\/\/canaltic.com\/blog\/wp-content\/uploads\/2020\/08\/he03.jpg\" alt=\"\" width=\"720\" height=\"340\" srcset=\"https:\/\/canaltic.com\/blog\/wp-content\/uploads\/2020\/08\/he03.jpg 720w, https:\/\/canaltic.com\/blog\/wp-content\/uploads\/2020\/08\/he03-300x142.jpg 300w\" sizes=\"auto, (max-width: 720px) 100vw, 720px\" \/><\/p>\n<h4>Descripci\u00f3n<\/h4>\n<p><span style=\"font-weight: 400;\">En este taller se propone el sistema <strong>Chrome OS<\/strong> como una interesante alternativa para ordenadores de sobremesa y port\u00e1tiles. Es un sistema muy pensado para trabajar con las aplicaciones de la nube. No requiere un hardware muy potente lo cual permite usarlo en port\u00e1tiles nuevos espec\u00edficos de precio bastante asequible (chromebooks) e incluso en equipos antiguos reciclados.<\/span><\/p>\n<h4>Objetivos<\/h4>\n<ol>\n<li>Reconocer las prestaciones m\u00e1s interesantes del sistema Chrome OS.<\/li>\n<li>Disponer de informaci\u00f3n sobre las caracter\u00edsticas de los chrome books.<\/li>\n<li>Diferenciar entre extensiones, temas y aplicaciones.<\/li>\n<li>Dominar la instalaci\u00f3n de aplicaciones en Chrome OS.<\/li>\n<li>Tener informaci\u00f3n sobre posibles aplicaciones interesantes en el \u00e1mbito educativo.<\/li>\n<li>Reutilizar equipos antiguos como chromebooks.<\/li>\n<li>Utilizar una m\u00e1quina virtual de Chrome OS como entorno de pruebas.<\/li>\n<\/ol>\n<h4><b>Contenidos<\/b><\/h4>\n<ul>\n<li>Qu\u00e9 es Chrome OS. Caracter\u00edsticas.<\/li>\n<li>Chromebooks.<\/li>\n<li>Extensiones, temas y aplicaciones.<\/li>\n<li>Gesti\u00f3n de aplicaciones.<\/li>\n<li>Aplicaciones y tareas interesantes en el entorno educativo.<\/li>\n<li>Reutilizaci\u00f3n de equipos con Chrome OS.<\/li>\n<li>M\u00e1quina virtual de Chrome OS.<\/li>\n<\/ul>\n<h4><b>Destinatarios<\/b><\/h4>\n<ul>\n<li style=\"font-weight: 400;\"><span style=\"font-weight: 400;\">Profesorado de Infantil, Primaria, Secundaria, Bachillerato y Formaci\u00f3n Profesional.<\/span><\/li>\n<\/ul>\n<h4>Duraci\u00f3n<\/h4>\n<ul>\n<li>3 horas.<\/li>\n<\/ul>\n<h4>Formato<\/h4>\n<ul>\n<li>Taller presencial.<\/li>\n<li>Taller webinar.<\/li>\n<\/ul>\n<hr \/>\n<div class=\"mg-blog-category\"><a class=\"newsup-categories category-color-1\" href=\"http:\/\/canaltic.com\/blog\/?page_id=3853\">Cat\u00e1logo de formaciones<\/a>\u00a0<a class=\"newsup-categories category-color-1\" href=\"http:\/\/canaltic.com\/blog\/?page_id=3870\">HE &#8211; Hardware Educativo<\/a> <a class=\"newsup-categories category-color-1\" href=\"#\">HE-03. Chrome OS: ordenadores para ense\u00f1ar y aprender en la nube<\/a><\/div>\n","protected":false},"excerpt":{"rendered":"<p>Cat\u00e1logo de formaciones\u00a0HE &#8211; Hardware Educativo HE-03. Chrome OS: ordenadores para ense\u00f1ar y aprender en la nube Descripci\u00f3n En este taller se propone el sistema Chrome OS como una interesante alternativa para ordenadores de sobremesa y port\u00e1tiles. Es un sistema muy pensado para trabajar con las aplicaciones de la nube. No requiere un hardware muy [&hellip;]<\/p>\n","protected":false},"author":1,"featured_media":0,"parent":3870,"menu_order":0,"comment_status":"closed","ping_status":"closed","template":"","meta":{"footnotes":""},"class_list":["post-4209","page","type-page","status-publish","hentry"],"_links":{"self":[{"href":"https:\/\/canaltic.com\/blog\/index.php?rest_route=\/wp\/v2\/pages\/4209","targetHints":{"allow":["GET"]}}],"collection":[{"href":"https:\/\/canaltic.com\/blog\/index.php?rest_route=\/wp\/v2\/pages"}],"about":[{"href":"https:\/\/canaltic.com\/blog\/index.php?rest_route=\/wp\/v2\/types\/page"}],"author":[{"embeddable":true,"href":"https:\/\/canaltic.com\/blog\/index.php?rest_route=\/wp\/v2\/users\/1"}],"replies":[{"embeddable":true,"href":"https:\/\/canaltic.com\/blog\/index.php?rest_route=%2Fwp%2Fv2%2Fcomments&post=4209"}],"version-history":[{"count":3,"href":"https:\/\/canaltic.com\/blog\/index.php?rest_route=\/wp\/v2\/pages\/4209\/revisions"}],"predecessor-version":[{"id":4514,"href":"https:\/\/canaltic.com\/blog\/index.php?rest_route=\/wp\/v2\/pages\/4209\/revisions\/4514"}],"up":[{"embeddable":true,"href":"https:\/\/canaltic.com\/blog\/index.php?rest_route=\/wp\/v2\/pages\/3870"}],"wp:attachment":[{"href":"https:\/\/canaltic.com\/blog\/index.php?rest_route=%2Fwp%2Fv2%2Fmedia&parent=4209"}],"curies":[{"name":"wp","href":"https:\/\/api.w.org\/{rel}","templated":true}]}}