{"id":4202,"date":"2020-08-08T09:43:16","date_gmt":"2020-08-08T08:43:16","guid":{"rendered":"http:\/\/canaltic.com\/blog\/?page_id=4202"},"modified":"2020-08-13T07:46:16","modified_gmt":"2020-08-13T06:46:16","slug":"he-01-raspberry-pi-mini-ordenador-para-proyectos-educativos","status":"publish","type":"page","link":"https:\/\/canaltic.com\/blog\/?page_id=4202","title":{"rendered":"HE-01. Raspberry Pi: mini-ordenador para proyectos educativos"},"content":{"rendered":"<div class=\"mg-blog-category\"><a class=\"newsup-categories category-color-1\" href=\"http:\/\/canaltic.com\/blog\/?page_id=3853\">Cat\u00e1logo de formaciones<\/a>\u00a0<a class=\"newsup-categories category-color-1\" href=\"http:\/\/canaltic.com\/blog\/?page_id=3870\">HE &#8211; Hardware Educativo<\/a> <a class=\"newsup-categories category-color-1\" href=\"#\">HE-01. Raspberry Pi: mini-ordenador para proyectos educativos<\/a><\/div>\n<hr \/>\n<p><img loading=\"lazy\" decoding=\"async\" class=\"alignnone size-full wp-image-4203\" src=\"http:\/\/canaltic.com\/blog\/wp-content\/uploads\/2020\/08\/he01.jpg\" alt=\"\" width=\"720\" height=\"340\" srcset=\"https:\/\/canaltic.com\/blog\/wp-content\/uploads\/2020\/08\/he01.jpg 720w, https:\/\/canaltic.com\/blog\/wp-content\/uploads\/2020\/08\/he01-300x142.jpg 300w\" sizes=\"auto, (max-width: 720px) 100vw, 720px\" \/><\/p>\n<h4>Descripci\u00f3n<\/h4>\n<p>Raspberry Pi es una tecnolog\u00eda que ofrece distintos modelos de placas de bajo coste, muy flexibles y susceptibles de ser utilizadas como mini-ordenadores de escritorio, unidades de procesamiento rob\u00f3tico, control de estaciones meteorol\u00f3gicas digitales, dispositivos multimedia, hub dom\u00e9stico inteligente, placa controladora programable \u2026 Puede resultar una opci\u00f3n muy interesante en iniciativas de dotaci\u00f3n tecnol\u00f3gica de alumnado y familias (brecha digital) as\u00ed como de aulas en centros educativos.<\/p>\n<h4>Objetivos<\/h4>\n<ol>\n<li>Distinguir los distintos modelos de placas Raspberry Pi y sus posibilidades t\u00e9cnicas.<\/li>\n<li>Identificar las principales partes de las placas raspi m\u00e1s populares.<\/li>\n<li>Conocer los distintos accesorios y extensiones de Raspi.<\/li>\n<li>Analizar las caracter\u00edsticas de los distintos sistemas operativos compatibles con esta tarjeta.<\/li>\n<li>Dominar la instalaci\u00f3n del sistema Raspbian y de software educativo.<\/li>\n<li>Identificar la estructura de pines GPIO de la raspi y sus posibilidades para la programaci\u00f3n.<\/li>\n<li>Experimentar ejemplos de programaci\u00f3n con Scratch 3 usando los pines GPIO.<\/li>\n<li>Experimentar ejemplos de programaci\u00f3n con NodeRed usando los pines GPIO.<\/li>\n<\/ol>\n<h4>Contenidos<\/h4>\n<ul>\n<li>Qu\u00e9 es la placa Raspberry Pi: caracter\u00edsticas y\u00a0 modelos.<\/li>\n<li>Anatom\u00eda de las placas Pi 3 B+ y Pi 4 B.<\/li>\n<li>Accesorios.<\/li>\n<li>Sistemas operativos compatibles.<\/li>\n<li>Raspbian: instalaci\u00f3n y uso educativo de programas.<\/li>\n<li>Raspberry Pi como placa programable.<\/li>\n<li>Programaci\u00f3n con Scratch 3.<\/li>\n<li>Programaci\u00f3n con Javacritpt NodeRed.<\/li>\n<\/ul>\n<h4>Destinatarios<\/h4>\n<ul>\n<li style=\"font-weight: 400;\"><span style=\"font-weight: 400;\">Profesorado de Infantil, Primaria, Secundaria, Bachillerato y Formaci\u00f3n Profesional.<\/span><\/li>\n<\/ul>\n<h4>Duraci\u00f3n<\/h4>\n<ul>\n<li>3 horas.<\/li>\n<\/ul>\n<h4>Formato<\/h4>\n<ul>\n<li>Taller presencial.<\/li>\n<li>Taller webinar.<\/li>\n<\/ul>\n<hr \/>\n<div class=\"mg-blog-category\"><a class=\"newsup-categories category-color-1\" href=\"http:\/\/canaltic.com\/blog\/?page_id=3853\">Cat\u00e1logo de formaciones<\/a>\u00a0<a class=\"newsup-categories category-color-1\" href=\"http:\/\/canaltic.com\/blog\/?page_id=3870\">HE &#8211; Hardware Educativo<\/a> <a class=\"newsup-categories category-color-1\" href=\"#\">HE-01. Raspberry Pi: mini-ordenador para proyectos educativos<\/a><\/div>\n","protected":false},"excerpt":{"rendered":"<p>Cat\u00e1logo de formaciones\u00a0HE &#8211; Hardware Educativo HE-01. Raspberry Pi: mini-ordenador para proyectos educativos Descripci\u00f3n Raspberry Pi es una tecnolog\u00eda que ofrece distintos modelos de placas de bajo coste, muy flexibles y susceptibles de ser utilizadas como mini-ordenadores de escritorio, unidades de procesamiento rob\u00f3tico, control de estaciones meteorol\u00f3gicas digitales, dispositivos multimedia, hub dom\u00e9stico inteligente, placa controladora [&hellip;]<\/p>\n","protected":false},"author":1,"featured_media":0,"parent":3870,"menu_order":0,"comment_status":"closed","ping_status":"closed","template":"","meta":{"footnotes":""},"class_list":["post-4202","page","type-page","status-publish","hentry"],"_links":{"self":[{"href":"https:\/\/canaltic.com\/blog\/index.php?rest_route=\/wp\/v2\/pages\/4202","targetHints":{"allow":["GET"]}}],"collection":[{"href":"https:\/\/canaltic.com\/blog\/index.php?rest_route=\/wp\/v2\/pages"}],"about":[{"href":"https:\/\/canaltic.com\/blog\/index.php?rest_route=\/wp\/v2\/types\/page"}],"author":[{"embeddable":true,"href":"https:\/\/canaltic.com\/blog\/index.php?rest_route=\/wp\/v2\/users\/1"}],"replies":[{"embeddable":true,"href":"https:\/\/canaltic.com\/blog\/index.php?rest_route=%2Fwp%2Fv2%2Fcomments&post=4202"}],"version-history":[{"count":3,"href":"https:\/\/canaltic.com\/blog\/index.php?rest_route=\/wp\/v2\/pages\/4202\/revisions"}],"predecessor-version":[{"id":4512,"href":"https:\/\/canaltic.com\/blog\/index.php?rest_route=\/wp\/v2\/pages\/4202\/revisions\/4512"}],"up":[{"embeddable":true,"href":"https:\/\/canaltic.com\/blog\/index.php?rest_route=\/wp\/v2\/pages\/3870"}],"wp:attachment":[{"href":"https:\/\/canaltic.com\/blog\/index.php?rest_route=%2Fwp%2Fv2%2Fmedia&parent=4202"}],"curies":[{"name":"wp","href":"https:\/\/api.w.org\/{rel}","templated":true}]}}