{"id":4175,"date":"2020-08-07T10:51:46","date_gmt":"2020-08-07T09:51:46","guid":{"rendered":"http:\/\/canaltic.com\/blog\/?page_id=4175"},"modified":"2020-08-13T07:37:08","modified_gmt":"2020-08-13T06:37:08","slug":"em-03-vsdc-free-video-editor-edicion-de-video-digital","status":"publish","type":"page","link":"https:\/\/canaltic.com\/blog\/?page_id=4175","title":{"rendered":"EM-03. VSDC Free Video Editor: edici\u00f3n de v\u00eddeo digital"},"content":{"rendered":"<div class=\"mg-blog-category\"><a class=\"newsup-categories category-color-1\" href=\"http:\/\/canaltic.com\/blog\/?page_id=3853\">Cat\u00e1logo de formaciones<\/a>\u00a0<a class=\"newsup-categories category-color-1\" href=\"http:\/\/canaltic.com\/blog\/?page_id=3868\">EM &#8211; Edici\u00f3n Multimedia<\/a> <a class=\"newsup-categories category-color-1\" href=\"#\">EM-03. VSDC Free Video Editor: edici\u00f3n de v\u00eddeo digital<\/a><\/div>\n<hr \/>\n<p><img loading=\"lazy\" decoding=\"async\" class=\"alignnone size-full wp-image-4176\" src=\"http:\/\/canaltic.com\/blog\/wp-content\/uploads\/2020\/08\/em03.jpg\" alt=\"\" width=\"720\" height=\"340\" srcset=\"https:\/\/canaltic.com\/blog\/wp-content\/uploads\/2020\/08\/em03.jpg 720w, https:\/\/canaltic.com\/blog\/wp-content\/uploads\/2020\/08\/em03-300x142.jpg 300w\" sizes=\"auto, (max-width: 720px) 100vw, 720px\" \/><\/p>\n<h4>Descripci\u00f3n<\/h4>\n<p>En este taller se repasan distintos procedimientos de visualizaci\u00f3n, descarga y conversi\u00f3n de v\u00eddeos digitales en distintos formatos usando un ordenador PC. Tambi\u00e9n se propone crear un v\u00eddeo con un software gratuito como VSDC Free Video Editor. A partir de una colecci\u00f3n de fotograf\u00edas, del montaje de una secuencia de clips de v\u00eddeo, recortando y combinando fragmentos de v\u00eddeo, a\u00f1adiendo banda sonora \u2026 exportando el resultado final a un v\u00eddeo en formato MP4.<\/p>\n<h4>Objetivos<\/h4>\n<ol>\n<li>Comprender y utilizar los conceptos b\u00e1sicos relacionados con el v\u00eddeo digital.<\/li>\n<li>Familiarizarse con los distintos repositorios de v\u00eddeos en l\u00ednea y los procedimientos para su descarga y visualizaci\u00f3n en local.<\/li>\n<li>Convertir archivos de v\u00eddeo de un formato a otro.<\/li>\n<li>Crear un v\u00eddeo a partir de una colecci\u00f3n de fotograf\u00edas digitales incorporando una banda sonora de fondo.<\/li>\n<li>Dise\u00f1ar un v\u00eddeo incorporando fotos, audios y v\u00eddeos y aplicando textos, efectos, transiciones, etc.<\/li>\n<li>Crear v\u00eddeos educativos usando el efecto Chroma Key.<\/li>\n<\/ol>\n<h4>Contenidos<\/h4>\n<ul>\n<li style=\"font-weight: 400;\"><span style=\"font-weight: 400;\">Conceptos de v\u00eddeo digital.<\/span><\/li>\n<li style=\"font-weight: 400;\"><span style=\"font-weight: 400;\">Descarga de v\u00eddeos.<\/span><\/li>\n<li style=\"font-weight: 400;\"><span style=\"font-weight: 400;\">Conversi\u00f3n de formatos de v\u00eddeo con HandBrake.<\/span><\/li>\n<li style=\"font-weight: 400;\"><span style=\"font-weight: 400;\">Edici\u00f3n de v\u00eddeo con fotos con VSDC Free Video Editor.<\/span><\/li>\n<li style=\"font-weight: 400;\"><span style=\"font-weight: 400;\">Edici\u00f3n de v\u00eddeo con clips de v\u00eddeo con VSDC Free Video Editor.<\/span><\/li>\n<li style=\"font-weight: 400;\"><span style=\"font-weight: 400;\">Chroma Key con VSDC Free Video Editor.<\/span><\/li>\n<\/ul>\n<h4>Destinatarios<\/h4>\n<ul>\n<li><span style=\"font-weight: 400;\">Profesorado de Infantil, Primaria, Secundaria, Bachillerato y Formaci\u00f3n Profesional.<\/span><\/li>\n<\/ul>\n<h4>Duraci\u00f3n<\/h4>\n<ul>\n<li>3 horas.<\/li>\n<\/ul>\n<h4>Formato<\/h4>\n<ul>\n<li>Taller presencial.<\/li>\n<li>Taller webinar.<\/li>\n<\/ul>\n<hr \/>\n<div class=\"mg-blog-category\"><a class=\"newsup-categories category-color-1\" href=\"http:\/\/canaltic.com\/blog\/?page_id=3853\">Cat\u00e1logo de formaciones<\/a>\u00a0<a class=\"newsup-categories category-color-1\" href=\"http:\/\/canaltic.com\/blog\/?page_id=3868\">EM &#8211; Edici\u00f3n Multimedia<\/a> <a class=\"newsup-categories category-color-1\" href=\"#\">EM-03. VSDC Free Video Editor: edici\u00f3n de v\u00eddeo digital<\/a><\/div>\n","protected":false},"excerpt":{"rendered":"<p>Cat\u00e1logo de formaciones\u00a0EM &#8211; Edici\u00f3n Multimedia EM-03. VSDC Free Video Editor: edici\u00f3n de v\u00eddeo digital Descripci\u00f3n En este taller se repasan distintos procedimientos de visualizaci\u00f3n, descarga y conversi\u00f3n de v\u00eddeos digitales en distintos formatos usando un ordenador PC. Tambi\u00e9n se propone crear un v\u00eddeo con un software gratuito como VSDC Free Video Editor. A partir [&hellip;]<\/p>\n","protected":false},"author":1,"featured_media":0,"parent":3868,"menu_order":0,"comment_status":"closed","ping_status":"closed","template":"","meta":{"footnotes":""},"class_list":["post-4175","page","type-page","status-publish","hentry"],"_links":{"self":[{"href":"https:\/\/canaltic.com\/blog\/index.php?rest_route=\/wp\/v2\/pages\/4175","targetHints":{"allow":["GET"]}}],"collection":[{"href":"https:\/\/canaltic.com\/blog\/index.php?rest_route=\/wp\/v2\/pages"}],"about":[{"href":"https:\/\/canaltic.com\/blog\/index.php?rest_route=\/wp\/v2\/types\/page"}],"author":[{"embeddable":true,"href":"https:\/\/canaltic.com\/blog\/index.php?rest_route=\/wp\/v2\/users\/1"}],"replies":[{"embeddable":true,"href":"https:\/\/canaltic.com\/blog\/index.php?rest_route=%2Fwp%2Fv2%2Fcomments&post=4175"}],"version-history":[{"count":2,"href":"https:\/\/canaltic.com\/blog\/index.php?rest_route=\/wp\/v2\/pages\/4175\/revisions"}],"predecessor-version":[{"id":4504,"href":"https:\/\/canaltic.com\/blog\/index.php?rest_route=\/wp\/v2\/pages\/4175\/revisions\/4504"}],"up":[{"embeddable":true,"href":"https:\/\/canaltic.com\/blog\/index.php?rest_route=\/wp\/v2\/pages\/3868"}],"wp:attachment":[{"href":"https:\/\/canaltic.com\/blog\/index.php?rest_route=%2Fwp%2Fv2%2Fmedia&parent=4175"}],"curies":[{"name":"wp","href":"https:\/\/api.w.org\/{rel}","templated":true}]}}