{"id":4163,"date":"2020-08-05T22:31:34","date_gmt":"2020-08-05T21:31:34","guid":{"rendered":"http:\/\/canaltic.com\/blog\/?page_id=4163"},"modified":"2020-08-13T07:31:43","modified_gmt":"2020-08-13T06:31:43","slug":"dw-10-hojas-de-estilo-css-para-paginas-web","status":"publish","type":"page","link":"https:\/\/canaltic.com\/blog\/?page_id=4163","title":{"rendered":"DW-10. Hojas de estilo CSS para p\u00e1ginas web"},"content":{"rendered":"<div class=\"mg-blog-category\"><a class=\"newsup-categories category-color-1\" href=\"http:\/\/canaltic.com\/blog\/?page_id=3853\">Cat\u00e1logo de formaciones<\/a>\u00a0<a class=\"newsup-categories category-color-1\" href=\"http:\/\/canaltic.com\/blog\/?page_id=3866\">DW &#8211; Dise\u00f1o web<\/a> <a class=\"newsup-categories category-color-1\" href=\"#\">DW-10. Hojas de estilo CSS para p\u00e1ginas web<\/a><\/div>\n<hr \/>\n<p><img loading=\"lazy\" decoding=\"async\" class=\"alignnone size-full wp-image-4164\" src=\"http:\/\/canaltic.com\/blog\/wp-content\/uploads\/2020\/08\/dw10.jpg\" alt=\"\" width=\"720\" height=\"340\" srcset=\"https:\/\/canaltic.com\/blog\/wp-content\/uploads\/2020\/08\/dw10.jpg 720w, https:\/\/canaltic.com\/blog\/wp-content\/uploads\/2020\/08\/dw10-300x142.jpg 300w\" sizes=\"auto, (max-width: 720px) 100vw, 720px\" \/><\/p>\n<h4>Descripci\u00f3n<\/h4>\n<p>CSS es un c\u00f3digo que permite definir el estilo gr\u00e1fico de los distintos elementos HTML de una p\u00e1gina web.\u00a0 En esta sesi\u00f3n pr\u00e1ctica se ejemplifica la creaci\u00f3n de distintas hojas de estilo para mejorar la apariencia de una p\u00e1gina web. Se expone\u00a0 la secuencia de aprendizaje del <strong><a href=\"https:\/\/www.w3schools.com\/css\">CSS Tutorial de W3C Schools <\/a><\/strong>as\u00ed como sus recursos y ejemplos. Resulta una formaci\u00f3n adecuada para docentes con cierta experiencia en la publicaci\u00f3n web porque les permite realizar modificaciones m\u00e1s personalizadas del tema o plantilla que se est\u00e9 utilizando yendo m\u00e1s all\u00e1 de las prestaciones b\u00e1sicas que ofrecen los temas por defecto. De esta forma se consiguen resultados m\u00e1s profesionales y personalizados.<\/p>\n<h4>Objetivos<\/h4>\n<ol>\n<li>Profundizar en el conocimiento del lenguaje CSS con el prop\u00f3sito de ampliar las posibilidades del dise\u00f1o web.<br \/>\nAplicar los conocimientos adquiridos a la mejora de las webs que se gestionan.<\/li>\n<\/ol>\n<h4>Contenidos<\/h4>\n<ul>\n<li>Editores de c\u00f3digo CSS: <strong><a href=\"http:\/\/bluegriffon.org\/\" target=\"_blank\" rel=\"noopener noreferrer\">BlueGriffon<\/a><\/strong>.<\/li>\n<li>Colores, fondos, bordes, m\u00e1rgenes, altura-anchura y espacio interior.<\/li>\n<li>Modelo de Caja (Box)<\/li>\n<li>Textos y fuentes.<\/li>\n<li>Enlaces.<\/li>\n<li>Listas y tablas.<\/li>\n<li>Display y posici\u00f3n.<\/li>\n<li>Alineaci\u00f3n.<\/li>\n<li style=\"font-weight: 400;\">Formularios.<\/li>\n<\/ul>\n<h4>Destinatarios<\/h4>\n<ul>\n<li><span style=\"font-weight: 400;\">Profesorado con experiencia en la edici\u00f3n de p\u00e1ginas web. <\/span><\/li>\n<\/ul>\n<h4>Duraci\u00f3n<\/h4>\n<ul>\n<li>3 horas.<\/li>\n<\/ul>\n<h4>Formato<\/h4>\n<ul>\n<li>Taller presencial.<\/li>\n<li>Taller webinar.<\/li>\n<\/ul>\n<hr \/>\n<div class=\"mg-blog-category\"><a class=\"newsup-categories category-color-1\" href=\"http:\/\/canaltic.com\/blog\/?page_id=3853\">Cat\u00e1logo de formaciones<\/a>\u00a0<a class=\"newsup-categories category-color-1\" href=\"http:\/\/canaltic.com\/blog\/?page_id=3866\">DW &#8211; Dise\u00f1o web<\/a> <a class=\"newsup-categories category-color-1\" href=\"#\">DW-10. Hojas de estilo CSS para p\u00e1ginas web<\/a><\/div>\n","protected":false},"excerpt":{"rendered":"<p>Cat\u00e1logo de formaciones\u00a0DW &#8211; Dise\u00f1o web DW-10. Hojas de estilo CSS para p\u00e1ginas web Descripci\u00f3n CSS es un c\u00f3digo que permite definir el estilo gr\u00e1fico de los distintos elementos HTML de una p\u00e1gina web.\u00a0 En esta sesi\u00f3n pr\u00e1ctica se ejemplifica la creaci\u00f3n de distintas hojas de estilo para mejorar la apariencia de una p\u00e1gina web. [&hellip;]<\/p>\n","protected":false},"author":1,"featured_media":0,"parent":3866,"menu_order":0,"comment_status":"closed","ping_status":"closed","template":"","meta":{"footnotes":""},"class_list":["post-4163","page","type-page","status-publish","hentry"],"_links":{"self":[{"href":"https:\/\/canaltic.com\/blog\/index.php?rest_route=\/wp\/v2\/pages\/4163","targetHints":{"allow":["GET"]}}],"collection":[{"href":"https:\/\/canaltic.com\/blog\/index.php?rest_route=\/wp\/v2\/pages"}],"about":[{"href":"https:\/\/canaltic.com\/blog\/index.php?rest_route=\/wp\/v2\/types\/page"}],"author":[{"embeddable":true,"href":"https:\/\/canaltic.com\/blog\/index.php?rest_route=\/wp\/v2\/users\/1"}],"replies":[{"embeddable":true,"href":"https:\/\/canaltic.com\/blog\/index.php?rest_route=%2Fwp%2Fv2%2Fcomments&post=4163"}],"version-history":[{"count":4,"href":"https:\/\/canaltic.com\/blog\/index.php?rest_route=\/wp\/v2\/pages\/4163\/revisions"}],"predecessor-version":[{"id":4500,"href":"https:\/\/canaltic.com\/blog\/index.php?rest_route=\/wp\/v2\/pages\/4163\/revisions\/4500"}],"up":[{"embeddable":true,"href":"https:\/\/canaltic.com\/blog\/index.php?rest_route=\/wp\/v2\/pages\/3866"}],"wp:attachment":[{"href":"https:\/\/canaltic.com\/blog\/index.php?rest_route=%2Fwp%2Fv2%2Fmedia&parent=4163"}],"curies":[{"name":"wp","href":"https:\/\/api.w.org\/{rel}","templated":true}]}}