{"id":4159,"date":"2020-08-05T22:29:30","date_gmt":"2020-08-05T21:29:30","guid":{"rendered":"http:\/\/canaltic.com\/blog\/?page_id=4159"},"modified":"2020-08-13T07:29:50","modified_gmt":"2020-08-13T06:29:50","slug":"dw-09-edicion-html5-de-paginas-web","status":"publish","type":"page","link":"https:\/\/canaltic.com\/blog\/?page_id=4159","title":{"rendered":"DW-09. Edici\u00f3n HTML5 de p\u00e1ginas web"},"content":{"rendered":"<div class=\"mg-blog-category\"><a class=\"newsup-categories category-color-1\" href=\"http:\/\/canaltic.com\/blog\/?page_id=3853\">Cat\u00e1logo de formaciones<\/a>\u00a0<a class=\"newsup-categories category-color-1\" href=\"http:\/\/canaltic.com\/blog\/?page_id=3866\">DW &#8211; Dise\u00f1o web<\/a> <a class=\"newsup-categories category-color-1\" href=\"#\">DW-09. Edici\u00f3n HTML5 de p\u00e1ginas web<\/a><\/div>\n<hr \/>\n<p><img loading=\"lazy\" decoding=\"async\" class=\"alignnone size-full wp-image-4160\" src=\"http:\/\/canaltic.com\/blog\/wp-content\/uploads\/2020\/08\/dw09.jpg\" alt=\"\" width=\"720\" height=\"340\" srcset=\"https:\/\/canaltic.com\/blog\/wp-content\/uploads\/2020\/08\/dw09.jpg 720w, https:\/\/canaltic.com\/blog\/wp-content\/uploads\/2020\/08\/dw09-300x142.jpg 300w\" sizes=\"auto, (max-width: 720px) 100vw, 720px\" \/><\/p>\n<h4>Descripci\u00f3n<\/h4>\n<p>HTML es el c\u00f3digo con el que est\u00e1n dise\u00f1adas las p\u00e1ginas web. En esta sesi\u00f3n pr\u00e1ctica se ejemplifica la creaci\u00f3n de distintas p\u00e1ginas web a partir de la elaboraci\u00f3n de su c\u00f3digo HTML. Se expone\u00a0 la secuencia de aprendizaje del <strong><a href=\"https:\/\/www.w3schools.com\/html\/\" target=\"_blank\" rel=\"noopener noreferrer\">HTML Tutorial de W3C Schools<\/a><\/strong> as\u00ed como sus recursos y ejemplos. Resulta una formaci\u00f3n adecuada para docentes con cierta experiencia en la publicaci\u00f3n web porque les permite acceder al c\u00f3digo HTML de un art\u00edculo y realizar modificaciones m\u00e1s personalizadas yendo m\u00e1s all\u00e1 de las prestaciones b\u00e1sicas que ofrecen los editores visuales de p\u00e1ginas web. De esta forma se consiguen resultados m\u00e1s profesionales y personalizados.<\/p>\n<h4>Objetivos<\/h4>\n<ol>\n<li>Profundizar en el conocimiento del lenguaje de etiquetas HTML5 con el prop\u00f3sito de ampliar las posibilidades del dise\u00f1o web.<\/li>\n<li>Aplicar los conocimientos adquiridos a la mejora de las webs que se gestionan.<\/li>\n<\/ol>\n<h4>Contenidos<\/h4>\n<ul>\n<li>Editores de c\u00f3digo HTML: <a href=\"http:\/\/brackets.io\/\"><span style=\"font-weight: 400;\">Brackets<\/span><\/a>.<\/li>\n<li>Elementos, atributos y encabezados.<\/li>\n<li>P\u00e1rrafo, estilos, formato y colores.<\/li>\n<li>Enlaces.<\/li>\n<li>Im\u00e1genes.<\/li>\n<li>Audios y V\u00eddeos.<\/li>\n<li>Listas y Tablas.<\/li>\n<li>Iframes.<\/li>\n<li>Formularios<\/li>\n<\/ul>\n<h4>Destinatarios<\/h4>\n<ul>\n<li><span style=\"font-weight: 400;\">Profesorado con experiencia en la edici\u00f3n de p\u00e1ginas web. <\/span><\/li>\n<\/ul>\n<h4>Duraci\u00f3n<\/h4>\n<ul>\n<li>3 horas.<\/li>\n<\/ul>\n<h4>Formato<\/h4>\n<ul>\n<li>Taller presencial.<\/li>\n<li>Taller webinar.<\/li>\n<\/ul>\n<hr \/>\n<div class=\"mg-blog-category\"><a class=\"newsup-categories category-color-1\" href=\"http:\/\/canaltic.com\/blog\/?page_id=3853\">Cat\u00e1logo de formaciones<\/a>\u00a0<a class=\"newsup-categories category-color-1\" href=\"http:\/\/canaltic.com\/blog\/?page_id=3866\">DW &#8211; Dise\u00f1o web<\/a> <a class=\"newsup-categories category-color-1\" href=\"#\">DW-09. Edici\u00f3n HTML5 de p\u00e1ginas web<\/a><\/div>\n","protected":false},"excerpt":{"rendered":"<p>Cat\u00e1logo de formaciones\u00a0DW &#8211; Dise\u00f1o web DW-09. Edici\u00f3n HTML5 de p\u00e1ginas web Descripci\u00f3n HTML es el c\u00f3digo con el que est\u00e1n dise\u00f1adas las p\u00e1ginas web. En esta sesi\u00f3n pr\u00e1ctica se ejemplifica la creaci\u00f3n de distintas p\u00e1ginas web a partir de la elaboraci\u00f3n de su c\u00f3digo HTML. Se expone\u00a0 la secuencia de aprendizaje del HTML Tutorial [&hellip;]<\/p>\n","protected":false},"author":1,"featured_media":0,"parent":3866,"menu_order":0,"comment_status":"closed","ping_status":"closed","template":"","meta":{"footnotes":""},"class_list":["post-4159","page","type-page","status-publish","hentry"],"_links":{"self":[{"href":"https:\/\/canaltic.com\/blog\/index.php?rest_route=\/wp\/v2\/pages\/4159","targetHints":{"allow":["GET"]}}],"collection":[{"href":"https:\/\/canaltic.com\/blog\/index.php?rest_route=\/wp\/v2\/pages"}],"about":[{"href":"https:\/\/canaltic.com\/blog\/index.php?rest_route=\/wp\/v2\/types\/page"}],"author":[{"embeddable":true,"href":"https:\/\/canaltic.com\/blog\/index.php?rest_route=\/wp\/v2\/users\/1"}],"replies":[{"embeddable":true,"href":"https:\/\/canaltic.com\/blog\/index.php?rest_route=%2Fwp%2Fv2%2Fcomments&post=4159"}],"version-history":[{"count":3,"href":"https:\/\/canaltic.com\/blog\/index.php?rest_route=\/wp\/v2\/pages\/4159\/revisions"}],"predecessor-version":[{"id":4499,"href":"https:\/\/canaltic.com\/blog\/index.php?rest_route=\/wp\/v2\/pages\/4159\/revisions\/4499"}],"up":[{"embeddable":true,"href":"https:\/\/canaltic.com\/blog\/index.php?rest_route=\/wp\/v2\/pages\/3866"}],"wp:attachment":[{"href":"https:\/\/canaltic.com\/blog\/index.php?rest_route=%2Fwp%2Fv2%2Fmedia&parent=4159"}],"curies":[{"name":"wp","href":"https:\/\/api.w.org\/{rel}","templated":true}]}}