{"id":4153,"date":"2020-08-05T22:23:20","date_gmt":"2020-08-05T21:23:20","guid":{"rendered":"http:\/\/canaltic.com\/blog\/?page_id=4153"},"modified":"2020-08-13T07:26:38","modified_gmt":"2020-08-13T06:26:38","slug":"dw-07-disena-tu-web-con-wix","status":"publish","type":"page","link":"https:\/\/canaltic.com\/blog\/?page_id=4153","title":{"rendered":"DW-07. Dise\u00f1a tu web con Wix"},"content":{"rendered":"<div class=\"mg-blog-category\"><a class=\"newsup-categories category-color-1\" href=\"http:\/\/canaltic.com\/blog\/?page_id=3853\">Cat\u00e1logo de formaciones<\/a>\u00a0<a class=\"newsup-categories category-color-1\" href=\"http:\/\/canaltic.com\/blog\/?page_id=3866\">DW &#8211; Dise\u00f1o web<\/a> <a class=\"newsup-categories category-color-1\" href=\"#\">DW-07. Dise\u00f1a tu web con Wix<\/a><\/div>\n<hr \/>\n<p><img loading=\"lazy\" decoding=\"async\" class=\"alignnone size-full wp-image-4154\" src=\"http:\/\/canaltic.com\/blog\/wp-content\/uploads\/2020\/08\/dw07.jpg\" alt=\"\" width=\"720\" height=\"340\" srcset=\"https:\/\/canaltic.com\/blog\/wp-content\/uploads\/2020\/08\/dw07.jpg 720w, https:\/\/canaltic.com\/blog\/wp-content\/uploads\/2020\/08\/dw07-300x142.jpg 300w\" sizes=\"auto, (max-width: 720px) 100vw, 720px\" \/><\/p>\n<h4>Descripci\u00f3n<\/h4>\n<p>Wix es una aplicaci\u00f3n en l\u00ednea gratuita, f\u00e1cil y potente para crear un espacio web con distintos prop\u00f3sitos: proyecto, gamificaci\u00f3n, portfolio \u2026 En esta sesi\u00f3n se propone una iniciaci\u00f3n al uso de esta herramienta para el dise\u00f1o web de espacios casuales o puntuales.<\/p>\n<h4>Objetivos<\/h4>\n<ol>\n<li>Familiarizarse con el uso de Wix como contenedor digital para la web de un proyecto o actividad.<\/li>\n<li>Comprender la estructura y filosof\u00eda de dise\u00f1o de Wix para lograr desenvolverse de forma aut\u00f3noma en su gesti\u00f3n.<\/li>\n<\/ol>\n<h4>Contenidos<\/h4>\n<ul>\n<li>Qu\u00e9 es Wix, Registrarse.<\/li>\n<li>Crear un sitio web a partir de una plantilla.<\/li>\n<li>Editor HTML de p\u00e1ginas.<\/li>\n<li>Edici\u00f3n de objetos de texto y de objetos de imagen.<\/li>\n<\/ul>\n<h4>Destinatarios<\/h4>\n<ul>\n<li><span style=\"font-weight: 400;\">Profesorado de Infantil, Primaria, Secundaria, Bachillerato y Formaci\u00f3n Profesional.<\/span><\/li>\n<\/ul>\n<h4>Duraci\u00f3n<\/h4>\n<ul>\n<li>3 horas.<\/li>\n<\/ul>\n<h4>Formato<\/h4>\n<ul>\n<li>Taller presencial.<\/li>\n<li>Taller webinar.<\/li>\n<\/ul>\n<div class=\"mg-blog-category\"><a class=\"newsup-categories category-color-1\" href=\"http:\/\/canaltic.com\/blog\/?page_id=3853\">Cat\u00e1logo de formaciones<\/a>\u00a0<a class=\"newsup-categories category-color-1\" href=\"http:\/\/canaltic.com\/blog\/?page_id=3866\">DW &#8211; Dise\u00f1o web<\/a> <a class=\"newsup-categories category-color-1\" href=\"#\">DW-07. Dise\u00f1a tu web con Wix<\/a><\/div>\n<hr \/>\n","protected":false},"excerpt":{"rendered":"<p>Cat\u00e1logo de formaciones\u00a0DW &#8211; Dise\u00f1o web DW-07. Dise\u00f1a tu web con Wix Descripci\u00f3n Wix es una aplicaci\u00f3n en l\u00ednea gratuita, f\u00e1cil y potente para crear un espacio web con distintos prop\u00f3sitos: proyecto, gamificaci\u00f3n, portfolio \u2026 En esta sesi\u00f3n se propone una iniciaci\u00f3n al uso de esta herramienta para el dise\u00f1o web de espacios casuales o [&hellip;]<\/p>\n","protected":false},"author":1,"featured_media":0,"parent":3866,"menu_order":0,"comment_status":"closed","ping_status":"closed","template":"","meta":{"footnotes":""},"class_list":["post-4153","page","type-page","status-publish","hentry"],"_links":{"self":[{"href":"https:\/\/canaltic.com\/blog\/index.php?rest_route=\/wp\/v2\/pages\/4153","targetHints":{"allow":["GET"]}}],"collection":[{"href":"https:\/\/canaltic.com\/blog\/index.php?rest_route=\/wp\/v2\/pages"}],"about":[{"href":"https:\/\/canaltic.com\/blog\/index.php?rest_route=\/wp\/v2\/types\/page"}],"author":[{"embeddable":true,"href":"https:\/\/canaltic.com\/blog\/index.php?rest_route=\/wp\/v2\/users\/1"}],"replies":[{"embeddable":true,"href":"https:\/\/canaltic.com\/blog\/index.php?rest_route=%2Fwp%2Fv2%2Fcomments&post=4153"}],"version-history":[{"count":2,"href":"https:\/\/canaltic.com\/blog\/index.php?rest_route=\/wp\/v2\/pages\/4153\/revisions"}],"predecessor-version":[{"id":4497,"href":"https:\/\/canaltic.com\/blog\/index.php?rest_route=\/wp\/v2\/pages\/4153\/revisions\/4497"}],"up":[{"embeddable":true,"href":"https:\/\/canaltic.com\/blog\/index.php?rest_route=\/wp\/v2\/pages\/3866"}],"wp:attachment":[{"href":"https:\/\/canaltic.com\/blog\/index.php?rest_route=%2Fwp%2Fv2%2Fmedia&parent=4153"}],"curies":[{"name":"wp","href":"https:\/\/api.w.org\/{rel}","templated":true}]}}