{"id":4148,"date":"2020-08-05T22:21:10","date_gmt":"2020-08-05T21:21:10","guid":{"rendered":"http:\/\/canaltic.com\/blog\/?page_id=4148"},"modified":"2020-08-12T23:44:29","modified_gmt":"2020-08-12T22:44:29","slug":"dw-06-disena-tu-web-con-google-sites","status":"publish","type":"page","link":"https:\/\/canaltic.com\/blog\/?page_id=4148","title":{"rendered":"DW-06. Dise\u00f1a tu web con Google Sites"},"content":{"rendered":"<div class=\"mg-blog-category\"><a class=\"newsup-categories category-color-1\" href=\"http:\/\/canaltic.com\/blog\/?page_id=3853\">Cat\u00e1logo de formaciones<\/a>\u00a0<a class=\"newsup-categories category-color-1\" href=\"http:\/\/canaltic.com\/blog\/?page_id=3866\">DW &#8211; Dise\u00f1o web<\/a> <a class=\"newsup-categories category-color-1\" href=\"#\">DW-06. Dise\u00f1a tu web con Google Sites<\/a><\/div>\n<hr \/>\n<p><img loading=\"lazy\" decoding=\"async\" class=\"alignnone size-full wp-image-4149\" src=\"http:\/\/canaltic.com\/blog\/wp-content\/uploads\/2020\/08\/dw06.jpg\" alt=\"\" width=\"720\" height=\"340\" srcset=\"https:\/\/canaltic.com\/blog\/wp-content\/uploads\/2020\/08\/dw06.jpg 720w, https:\/\/canaltic.com\/blog\/wp-content\/uploads\/2020\/08\/dw06-300x142.jpg 300w\" sizes=\"auto, (max-width: 720px) 100vw, 720px\" \/><\/p>\n<h4>Descripci\u00f3n<\/h4>\n<p>Google Sites es la soluci\u00f3n tecnol\u00f3gica que se proporciona a los usuarios Google la posibilidad de construir una website de una forma f\u00e1cil con distintos prop\u00f3sitos: web de centro, proyecto, portfolio del alumnado, manual de una asignatura, etc&#8230;<\/p>\n<h4>Objetivos<\/h4>\n<ol>\n<li>Familiarizarse con el uso de Google Sites como gestor de contenidos para la web del centro, proyecto educativo o portfolio del alumnado.<\/li>\n<li>Comprender la estructura y filosof\u00eda de dise\u00f1o de Google Sites para lograr desenvolverse de forma aut\u00f3noma en su gesti\u00f3n.<\/li>\n<li>Esquematizar la estructura de tu sitio web mediante un \u00e1rbol de p\u00e1ginas con distintos niveles de anidamiento para facilitar la edici\u00f3n y mantenimiento de tu sitio web.<\/li>\n<\/ol>\n<h4>Contenidos<\/h4>\n<ul>\n<li>Qu\u00e9 es Google Sites. Caracter\u00edsticas.<\/li>\n<li>Concepto de p\u00e1gina principal y \u00e1rbol de p\u00e1ginas.<\/li>\n<li>Edici\u00f3n de p\u00e1ginas: plantillas, eliminar, mover, renombrar \u2026<\/li>\n<li>A\u00f1adir recursos a una p\u00e1gina: imagen, enlace, v\u00eddeo, gadget, documento de drive \u2026<\/li>\n<li>Dise\u00f1o del sitio: logo, modo de navegaci\u00f3n, barra lateral, tema &#8230;<\/li>\n<\/ul>\n<h4>Destinatarios<\/h4>\n<ul>\n<li><span style=\"font-weight: 400;\">Profesorado de Infantil, Primaria, Secundaria, Bachillerato y Formaci\u00f3n Profesional.<\/span><\/li>\n<\/ul>\n<h4>Duraci\u00f3n<\/h4>\n<ul>\n<li>3 horas.<\/li>\n<\/ul>\n<h4>Formato<\/h4>\n<ul>\n<li>Taller presencial.<\/li>\n<li>Taller webinar.<\/li>\n<\/ul>\n<hr \/>\n<div class=\"mg-blog-category\"><a class=\"newsup-categories category-color-1\" href=\"http:\/\/canaltic.com\/blog\/?page_id=3853\">Cat\u00e1logo de formaciones<\/a>\u00a0<a class=\"newsup-categories category-color-1\" href=\"http:\/\/canaltic.com\/blog\/?page_id=3866\">DW &#8211; Dise\u00f1o web<\/a> <a class=\"newsup-categories category-color-1\" href=\"#\">DW-06. Dise\u00f1a tu web con Google Sites<\/a><\/div>\n","protected":false},"excerpt":{"rendered":"<p>Cat\u00e1logo de formaciones\u00a0DW &#8211; Dise\u00f1o web DW-06. Dise\u00f1a tu web con Google Sites Descripci\u00f3n Google Sites es la soluci\u00f3n tecnol\u00f3gica que se proporciona a los usuarios Google la posibilidad de construir una website de una forma f\u00e1cil con distintos prop\u00f3sitos: web de centro, proyecto, portfolio del alumnado, manual de una asignatura, etc&#8230; Objetivos Familiarizarse con [&hellip;]<\/p>\n","protected":false},"author":1,"featured_media":0,"parent":3866,"menu_order":0,"comment_status":"closed","ping_status":"closed","template":"","meta":{"footnotes":""},"class_list":["post-4148","page","type-page","status-publish","hentry"],"_links":{"self":[{"href":"https:\/\/canaltic.com\/blog\/index.php?rest_route=\/wp\/v2\/pages\/4148","targetHints":{"allow":["GET"]}}],"collection":[{"href":"https:\/\/canaltic.com\/blog\/index.php?rest_route=\/wp\/v2\/pages"}],"about":[{"href":"https:\/\/canaltic.com\/blog\/index.php?rest_route=\/wp\/v2\/types\/page"}],"author":[{"embeddable":true,"href":"https:\/\/canaltic.com\/blog\/index.php?rest_route=\/wp\/v2\/users\/1"}],"replies":[{"embeddable":true,"href":"https:\/\/canaltic.com\/blog\/index.php?rest_route=%2Fwp%2Fv2%2Fcomments&post=4148"}],"version-history":[{"count":4,"href":"https:\/\/canaltic.com\/blog\/index.php?rest_route=\/wp\/v2\/pages\/4148\/revisions"}],"predecessor-version":[{"id":4496,"href":"https:\/\/canaltic.com\/blog\/index.php?rest_route=\/wp\/v2\/pages\/4148\/revisions\/4496"}],"up":[{"embeddable":true,"href":"https:\/\/canaltic.com\/blog\/index.php?rest_route=\/wp\/v2\/pages\/3866"}],"wp:attachment":[{"href":"https:\/\/canaltic.com\/blog\/index.php?rest_route=%2Fwp%2Fv2%2Fmedia&parent=4148"}],"curies":[{"name":"wp","href":"https:\/\/api.w.org\/{rel}","templated":true}]}}