{"id":4145,"date":"2020-08-05T22:19:29","date_gmt":"2020-08-05T21:19:29","guid":{"rendered":"http:\/\/canaltic.com\/blog\/?page_id=4145"},"modified":"2020-08-12T23:42:59","modified_gmt":"2020-08-12T22:42:59","slug":"dw-05-disena-tu-web-con-joomla","status":"publish","type":"page","link":"https:\/\/canaltic.com\/blog\/?page_id=4145","title":{"rendered":"DW-05. Dise\u00f1a tu web con Joomla"},"content":{"rendered":"<div class=\"mg-blog-category\"><a class=\"newsup-categories category-color-1\" href=\"http:\/\/canaltic.com\/blog\/?page_id=3853\">Cat\u00e1logo de formaciones<\/a>\u00a0<a class=\"newsup-categories category-color-1\" href=\"http:\/\/canaltic.com\/blog\/?page_id=3866\">DW &#8211; Dise\u00f1o web<\/a> <a class=\"newsup-categories category-color-1\" href=\"#\">DW-05. Dise\u00f1a tu web con Joomla<\/a><\/div>\n<hr \/>\n<p><img loading=\"lazy\" decoding=\"async\" class=\"alignnone size-full wp-image-4146\" src=\"http:\/\/canaltic.com\/blog\/wp-content\/uploads\/2020\/08\/dw05.jpg\" alt=\"\" width=\"720\" height=\"340\" srcset=\"https:\/\/canaltic.com\/blog\/wp-content\/uploads\/2020\/08\/dw05.jpg 720w, https:\/\/canaltic.com\/blog\/wp-content\/uploads\/2020\/08\/dw05-300x142.jpg 300w\" sizes=\"auto, (max-width: 720px) 100vw, 720px\" \/><\/p>\n<h4>Descripci\u00f3n<\/h4>\n<p>Joomla! es un gestor de contenidos para crear y mantener un sitio web de forma colaborativa y en l\u00ednea. Es una soluci\u00f3n de c\u00f3digo abierto y gratuita. Una vez instalado y configurado en un servidor web ofrece una interfaz accesible a trav\u00e9s del navegador para que el usuario sin muchos conocimientos t\u00e9cnicos pueda a\u00f1adir o editar contenidos, subir im\u00e1genes y gestionar los datos publicados del centro. Esta formaci\u00f3n pretende la iniciaci\u00f3n a su manejo para la gesti\u00f3n de una web acad\u00e9mica: centro educativo, proyecto, etc.<\/p>\n<h4>Objetivos<\/h4>\n<ol>\n<li>Familiarizarse con el uso de Joomla como gestor de contenidos para la web del centro o proyecto educativo.<\/li>\n<li>Comprender la estructura y filosof\u00eda de dise\u00f1o de Joomla para lograr desenvolverse de forma aut\u00f3noma en su gesti\u00f3n.<\/li>\n<li>Valorar la importancia de disponer de un sitio web orientado a los visitantes con contenidos actualizados y diversos.<\/li>\n<\/ol>\n<h4>Contenidos<\/h4>\n<ul>\n<li style=\"font-weight: 400;\">Qu\u00e9 es Joomla!!! Caracter\u00edsticas. Versiones. Servicios de hosting gratuitos.<\/li>\n<li style=\"font-weight: 400;\">Dec\u00e1logo para la creaci\u00f3n de sitios web con Joomla.<\/li>\n<li style=\"font-weight: 400;\">Categor\u00edas y art\u00edculos. Edici\u00f3n de art\u00edculos.<\/li>\n<li style=\"font-weight: 400;\">Gestor de recursos multimedia.<\/li>\n<li style=\"font-weight: 400;\">Gesti\u00f3n de la p\u00e1gina de inicio.<\/li>\n<li style=\"font-weight: 400;\">Men\u00fas.<\/li>\n<li style=\"font-weight: 400;\">Componentes, m\u00f3dulos y plugins. Complementos recomendados<\/li>\n<li style=\"font-weight: 400;\">Plantillas.<\/li>\n<li style=\"font-weight: 400;\">Gesti\u00f3n colaborativa de contenidos<\/li>\n<\/ul>\n<h4>Destinatarios<\/h4>\n<ul>\n<li><span style=\"font-weight: 400;\">Profesorado de Infantil, Primaria, Secundaria, Bachillerato y Formaci\u00f3n Profesional.<\/span><\/li>\n<\/ul>\n<h4>Duraci\u00f3n<\/h4>\n<ul>\n<li>3 horas.<\/li>\n<\/ul>\n<h4>Formato<\/h4>\n<ul>\n<li>Taller presencial.<\/li>\n<li>Taller webinar.<\/li>\n<\/ul>\n<hr \/>\n<div class=\"mg-blog-category\"><a class=\"newsup-categories category-color-1\" href=\"http:\/\/canaltic.com\/blog\/?page_id=3853\">Cat\u00e1logo de formaciones<\/a>\u00a0<a class=\"newsup-categories category-color-1\" href=\"http:\/\/canaltic.com\/blog\/?page_id=3866\">DW &#8211; Dise\u00f1o web<\/a> <a class=\"newsup-categories category-color-1\" href=\"#\">DW-05. Dise\u00f1a tu web con Joomla<\/a><\/div>\n","protected":false},"excerpt":{"rendered":"<p>Cat\u00e1logo de formaciones\u00a0DW &#8211; Dise\u00f1o web DW-05. Dise\u00f1a tu web con Joomla Descripci\u00f3n Joomla! es un gestor de contenidos para crear y mantener un sitio web de forma colaborativa y en l\u00ednea. Es una soluci\u00f3n de c\u00f3digo abierto y gratuita. Una vez instalado y configurado en un servidor web ofrece una interfaz accesible a trav\u00e9s [&hellip;]<\/p>\n","protected":false},"author":1,"featured_media":0,"parent":3866,"menu_order":0,"comment_status":"closed","ping_status":"closed","template":"","meta":{"footnotes":""},"class_list":["post-4145","page","type-page","status-publish","hentry"],"_links":{"self":[{"href":"https:\/\/canaltic.com\/blog\/index.php?rest_route=\/wp\/v2\/pages\/4145","targetHints":{"allow":["GET"]}}],"collection":[{"href":"https:\/\/canaltic.com\/blog\/index.php?rest_route=\/wp\/v2\/pages"}],"about":[{"href":"https:\/\/canaltic.com\/blog\/index.php?rest_route=\/wp\/v2\/types\/page"}],"author":[{"embeddable":true,"href":"https:\/\/canaltic.com\/blog\/index.php?rest_route=\/wp\/v2\/users\/1"}],"replies":[{"embeddable":true,"href":"https:\/\/canaltic.com\/blog\/index.php?rest_route=%2Fwp%2Fv2%2Fcomments&post=4145"}],"version-history":[{"count":3,"href":"https:\/\/canaltic.com\/blog\/index.php?rest_route=\/wp\/v2\/pages\/4145\/revisions"}],"predecessor-version":[{"id":4494,"href":"https:\/\/canaltic.com\/blog\/index.php?rest_route=\/wp\/v2\/pages\/4145\/revisions\/4494"}],"up":[{"embeddable":true,"href":"https:\/\/canaltic.com\/blog\/index.php?rest_route=\/wp\/v2\/pages\/3866"}],"wp:attachment":[{"href":"https:\/\/canaltic.com\/blog\/index.php?rest_route=%2Fwp%2Fv2%2Fmedia&parent=4145"}],"curies":[{"name":"wp","href":"https:\/\/api.w.org\/{rel}","templated":true}]}}