{"id":4140,"date":"2020-08-05T22:16:25","date_gmt":"2020-08-05T21:16:25","guid":{"rendered":"http:\/\/canaltic.com\/blog\/?page_id=4140"},"modified":"2020-08-12T23:41:30","modified_gmt":"2020-08-12T22:41:30","slug":"dw-04-uso-educativo-de-un-blog-blogger-avanzado","status":"publish","type":"page","link":"https:\/\/canaltic.com\/blog\/?page_id=4140","title":{"rendered":"DW-04. Uso educativo de un blog Blogger: avanzado"},"content":{"rendered":"<div class=\"mg-blog-category\"><a class=\"newsup-categories category-color-1\" href=\"http:\/\/canaltic.com\/blog\/?page_id=3853\">Cat\u00e1logo de formaciones<\/a>\u00a0<a class=\"newsup-categories category-color-1\" href=\"http:\/\/canaltic.com\/blog\/?page_id=3866\">DW &#8211; Dise\u00f1o web<\/a> <a class=\"newsup-categories category-color-1\" href=\"#\">DW-04. Uso educativo de un blog Blogger: avanzado<\/a><\/div>\n<hr \/>\n<p><img loading=\"lazy\" decoding=\"async\" class=\"alignnone size-full wp-image-4141\" src=\"http:\/\/canaltic.com\/blog\/wp-content\/uploads\/2020\/08\/dw04.jpg\" alt=\"\" width=\"720\" height=\"340\" srcset=\"https:\/\/canaltic.com\/blog\/wp-content\/uploads\/2020\/08\/dw04.jpg 720w, https:\/\/canaltic.com\/blog\/wp-content\/uploads\/2020\/08\/dw04-300x142.jpg 300w\" sizes=\"auto, (max-width: 720px) 100vw, 720px\" \/><\/p>\n<h4>Descripci\u00f3n<\/h4>\n<p>El prop\u00f3sito de esta sesi\u00f3n es un repaso de algunos procedimientos avanzados de publicaci\u00f3n de entradas en un blog de Blogger incorporando recursos multimedia alojados en distintos servicios Web 2.0: documentos, im\u00e1genes, audios, v\u00eddeos y redes sociales. Esta integraci\u00f3n se puede realizar en las entradas, p\u00e1ginas y widgets del blog. El blog se convierte de esta forma en un escaparate que aglutina toda la informaci\u00f3n en distintos formatos del centro o proyecto.<\/p>\n<h4>Objetivos<\/h4>\n<ol>\n<li>Convertir tu blog en el espacio de encuentro donde se muestren los recursos almacenados en distintos servicios multimedia Web 2.0.<\/li>\n<li>Enriquecer tu blog con documentos almacenados en distintos servicios externos: Drive, Scribd, Issuu &#8230;<\/li>\n<li>Incorporar al blog activos multimedia alojados en otros servicios Web 2.0: fotos, audios, v\u00eddeos \u2026<\/li>\n<li>Conectar tu blog con tus perfiles de las redes sociales m\u00e1s populares.<\/li>\n<\/ol>\n<h4>Contenidos<\/h4>\n<ul>\n<li style=\"font-weight: 400;\"><span style=\"font-weight: 400;\">Integraci\u00f3n de documentos en tu blog Blogger: Drive, Scribd, Issuu, Calameo \u2026<\/span><\/li>\n<li style=\"font-weight: 400;\"><span style=\"font-weight: 400;\">Integraci\u00f3n de fotos en tu blog Blogger: Google Fotos, Flickr, Pinterest, SlideShare \u2026<\/span><\/li>\n<li style=\"font-weight: 400;\"><span style=\"font-weight: 400;\">Integraci\u00f3n de audios en tu blog Blogger: Drive, DropBox, Ivoox, SoundCloud \u2026<\/span><\/li>\n<li style=\"font-weight: 400;\"><span style=\"font-weight: 400;\">Integraci\u00f3n de v\u00eddeos en tu blog Blogger: Drive, Dropbox, Youtube, Vimeo, DailyMotion, MetaCafe \u2026.<\/span><\/li>\n<li style=\"font-weight: 400;\"><span style=\"font-weight: 400;\">Integraci\u00f3n de redes sociales a trav\u00e9s de widgets: Twitter, Facebook &#8230;<\/span><\/li>\n<\/ul>\n<h4>Destinatarios<\/h4>\n<ul>\n<li>Profesorado con cierta experiencia en la publicaci\u00f3n de entradas en un blog Blogger.<\/li>\n<\/ul>\n<h4>Duraci\u00f3n<\/h4>\n<ul>\n<li>3 horas.<\/li>\n<\/ul>\n<h4>Formato<\/h4>\n<ul>\n<li>Taller presencial.<\/li>\n<li>Taller webinar.<\/li>\n<\/ul>\n<hr \/>\n<div class=\"mg-blog-category\"><a class=\"newsup-categories category-color-1\" href=\"http:\/\/canaltic.com\/blog\/?page_id=3853\">Cat\u00e1logo de formaciones<\/a>\u00a0<a class=\"newsup-categories category-color-1\" href=\"http:\/\/canaltic.com\/blog\/?page_id=3866\">DW &#8211; Dise\u00f1o web<\/a> <a class=\"newsup-categories category-color-1\" href=\"#\">DW-04. Uso educativo de un blog Blogger: avanzado<\/a><\/div>\n","protected":false},"excerpt":{"rendered":"<p>Cat\u00e1logo de formaciones\u00a0DW &#8211; Dise\u00f1o web DW-04. Uso educativo de un blog Blogger: avanzado Descripci\u00f3n El prop\u00f3sito de esta sesi\u00f3n es un repaso de algunos procedimientos avanzados de publicaci\u00f3n de entradas en un blog de Blogger incorporando recursos multimedia alojados en distintos servicios Web 2.0: documentos, im\u00e1genes, audios, v\u00eddeos y redes sociales. Esta integraci\u00f3n se [&hellip;]<\/p>\n","protected":false},"author":1,"featured_media":0,"parent":3866,"menu_order":0,"comment_status":"closed","ping_status":"closed","template":"","meta":{"footnotes":""},"class_list":["post-4140","page","type-page","status-publish","hentry"],"_links":{"self":[{"href":"https:\/\/canaltic.com\/blog\/index.php?rest_route=\/wp\/v2\/pages\/4140","targetHints":{"allow":["GET"]}}],"collection":[{"href":"https:\/\/canaltic.com\/blog\/index.php?rest_route=\/wp\/v2\/pages"}],"about":[{"href":"https:\/\/canaltic.com\/blog\/index.php?rest_route=\/wp\/v2\/types\/page"}],"author":[{"embeddable":true,"href":"https:\/\/canaltic.com\/blog\/index.php?rest_route=\/wp\/v2\/users\/1"}],"replies":[{"embeddable":true,"href":"https:\/\/canaltic.com\/blog\/index.php?rest_route=%2Fwp%2Fv2%2Fcomments&post=4140"}],"version-history":[{"count":4,"href":"https:\/\/canaltic.com\/blog\/index.php?rest_route=\/wp\/v2\/pages\/4140\/revisions"}],"predecessor-version":[{"id":4492,"href":"https:\/\/canaltic.com\/blog\/index.php?rest_route=\/wp\/v2\/pages\/4140\/revisions\/4492"}],"up":[{"embeddable":true,"href":"https:\/\/canaltic.com\/blog\/index.php?rest_route=\/wp\/v2\/pages\/3866"}],"wp:attachment":[{"href":"https:\/\/canaltic.com\/blog\/index.php?rest_route=%2Fwp%2Fv2%2Fmedia&parent=4140"}],"curies":[{"name":"wp","href":"https:\/\/api.w.org\/{rel}","templated":true}]}}