{"id":4136,"date":"2020-08-05T22:13:50","date_gmt":"2020-08-05T21:13:50","guid":{"rendered":"http:\/\/canaltic.com\/blog\/?page_id=4136"},"modified":"2020-08-12T23:39:56","modified_gmt":"2020-08-12T22:39:56","slug":"dw-03-uso-educativo-de-un-blog-blogger-iniciacion","status":"publish","type":"page","link":"https:\/\/canaltic.com\/blog\/?page_id=4136","title":{"rendered":"DW-03. Uso educativo de un blog Blogger: iniciaci\u00f3n"},"content":{"rendered":"<div class=\"mg-blog-category\"><a class=\"newsup-categories category-color-1\" href=\"http:\/\/canaltic.com\/blog\/?page_id=3853\">Cat\u00e1logo de formaciones<\/a>\u00a0<a class=\"newsup-categories category-color-1\" href=\"http:\/\/canaltic.com\/blog\/?page_id=3866\">DW &#8211; Dise\u00f1o web<\/a> <a class=\"newsup-categories category-color-1\" href=\"#\">DW-03. Uso educativo de un blog Blogger: iniciaci\u00f3n<\/a><\/div>\n<hr \/>\n<p><img loading=\"lazy\" decoding=\"async\" class=\"alignnone size-full wp-image-4137\" src=\"http:\/\/canaltic.com\/blog\/wp-content\/uploads\/2020\/08\/dw03.jpg\" alt=\"\" width=\"720\" height=\"340\" srcset=\"https:\/\/canaltic.com\/blog\/wp-content\/uploads\/2020\/08\/dw03.jpg 720w, https:\/\/canaltic.com\/blog\/wp-content\/uploads\/2020\/08\/dw03-300x142.jpg 300w\" sizes=\"auto, (max-width: 720px) 100vw, 720px\" \/><\/p>\n<h4>Descripci\u00f3n<\/h4>\n<p>El prop\u00f3sito de esta sesi\u00f3n es una iniciaci\u00f3n a los procedimientos b\u00e1sicos de publicaci\u00f3n de entradas en un blog de Blogger y de gesti\u00f3n de su contenido y apariencia. Estos posts podr\u00e1n contener textos, enlaces, im\u00e1genes y v\u00eddeos youtube. Representa una opci\u00f3n interesante para aquellos usuarios con cuenta Google o G Suite for Education.<\/p>\n<h4>Objetivos<\/h4>\n<ol>\n<li>Valorar los blogs como opciones interesantes para crear un blog de aula, proyecto, portfolio del alumnado, revista digital colaborativa \u2026<\/li>\n<li>Crear un blog Blogger para la publicaci\u00f3n de entradas que incorporan textos, im\u00e1genes, v\u00eddeos, enlaces \u2026<\/li>\n<li>Configurar el tema y apariencia del blog para personalizar su aspecto gr\u00e1fico.<\/li>\n<li>Moderar los comentarios de los visitantes a las entradas del blog.<\/li>\n<li>Gestionar los usuarios del blog definiendo un flujo \u00f3ptimo de trabajo.<\/li>\n<\/ol>\n<h4>Contenidos<\/h4>\n<ul>\n<li>Qu\u00e9 es un blog: estructura, caracter\u00edsticas, tipos, servicios, ejemplos \u2026<\/li>\n<li>Blogger: servicio de blogs de Google.<\/li>\n<li>Mi primera entrada.<\/li>\n<li>Gesti\u00f3n de entradas.<\/li>\n<li>Dise\u00f1o del blog.<\/li>\n<li>Moderaci\u00f3n de comentarios.<\/li>\n<li>P\u00e1ginas.<\/li>\n<li>Usuarios y permisos<\/li>\n<li>Configuraci\u00f3n del blog.<\/li>\n<\/ul>\n<h4>Destinatarios<\/h4>\n<ul>\n<li>Profesorado de Infantil, Primaria, Secundaria, Bachillerato y Formaci\u00f3n Profesional.<\/li>\n<\/ul>\n<h4>Duraci\u00f3n<\/h4>\n<ul>\n<li>3 horas.<\/li>\n<\/ul>\n<h4>Formato<\/h4>\n<ul>\n<li>Taller presencial.<\/li>\n<li>Taller webinar.<\/li>\n<\/ul>\n<hr \/>\n<div class=\"mg-blog-category\"><a class=\"newsup-categories category-color-1\" href=\"http:\/\/canaltic.com\/blog\/?page_id=3853\">Cat\u00e1logo de formaciones<\/a>\u00a0<a class=\"newsup-categories category-color-1\" href=\"http:\/\/canaltic.com\/blog\/?page_id=3866\">DW &#8211; Dise\u00f1o web<\/a> <a class=\"newsup-categories category-color-1\" href=\"#\">DW-03. Uso educativo de un blog Blogger: iniciaci\u00f3n<\/a><\/div>\n","protected":false},"excerpt":{"rendered":"<p>Cat\u00e1logo de formaciones\u00a0DW &#8211; Dise\u00f1o web DW-03. Uso educativo de un blog Blogger: iniciaci\u00f3n Descripci\u00f3n El prop\u00f3sito de esta sesi\u00f3n es una iniciaci\u00f3n a los procedimientos b\u00e1sicos de publicaci\u00f3n de entradas en un blog de Blogger y de gesti\u00f3n de su contenido y apariencia. Estos posts podr\u00e1n contener textos, enlaces, im\u00e1genes y v\u00eddeos youtube. Representa [&hellip;]<\/p>\n","protected":false},"author":1,"featured_media":0,"parent":3866,"menu_order":0,"comment_status":"closed","ping_status":"closed","template":"","meta":{"footnotes":""},"class_list":["post-4136","page","type-page","status-publish","hentry"],"_links":{"self":[{"href":"https:\/\/canaltic.com\/blog\/index.php?rest_route=\/wp\/v2\/pages\/4136","targetHints":{"allow":["GET"]}}],"collection":[{"href":"https:\/\/canaltic.com\/blog\/index.php?rest_route=\/wp\/v2\/pages"}],"about":[{"href":"https:\/\/canaltic.com\/blog\/index.php?rest_route=\/wp\/v2\/types\/page"}],"author":[{"embeddable":true,"href":"https:\/\/canaltic.com\/blog\/index.php?rest_route=\/wp\/v2\/users\/1"}],"replies":[{"embeddable":true,"href":"https:\/\/canaltic.com\/blog\/index.php?rest_route=%2Fwp%2Fv2%2Fcomments&post=4136"}],"version-history":[{"count":3,"href":"https:\/\/canaltic.com\/blog\/index.php?rest_route=\/wp\/v2\/pages\/4136\/revisions"}],"predecessor-version":[{"id":4490,"href":"https:\/\/canaltic.com\/blog\/index.php?rest_route=\/wp\/v2\/pages\/4136\/revisions\/4490"}],"up":[{"embeddable":true,"href":"https:\/\/canaltic.com\/blog\/index.php?rest_route=\/wp\/v2\/pages\/3866"}],"wp:attachment":[{"href":"https:\/\/canaltic.com\/blog\/index.php?rest_route=%2Fwp%2Fv2%2Fmedia&parent=4136"}],"curies":[{"name":"wp","href":"https:\/\/api.w.org\/{rel}","templated":true}]}}