{"id":4133,"date":"2020-08-05T21:10:07","date_gmt":"2020-08-05T20:10:07","guid":{"rendered":"http:\/\/canaltic.com\/blog\/?page_id=4133"},"modified":"2020-08-12T23:38:23","modified_gmt":"2020-08-12T22:38:23","slug":"dw-02-uso-educativo-de-un-blog-wordpress-avanzado","status":"publish","type":"page","link":"https:\/\/canaltic.com\/blog\/?page_id=4133","title":{"rendered":"DW-02. Uso educativo de un blog WordPress: avanzado"},"content":{"rendered":"<div class=\"mg-blog-category\"><a class=\"newsup-categories category-color-1\" href=\"http:\/\/canaltic.com\/blog\/?page_id=3853\">Cat\u00e1logo de formaciones<\/a>\u00a0<a class=\"newsup-categories category-color-1\" href=\"http:\/\/canaltic.com\/blog\/?page_id=3866\">DW &#8211; Dise\u00f1o web<\/a> <a class=\"newsup-categories category-color-1\" href=\"#\">DW-02. Uso educativo de un blog WordPress: avanzado<\/a><\/div>\n<hr \/>\n<p><img loading=\"lazy\" decoding=\"async\" class=\"alignnone size-full wp-image-4134\" src=\"http:\/\/canaltic.com\/blog\/wp-content\/uploads\/2020\/08\/dw02.jpg\" alt=\"\" width=\"720\" height=\"340\" srcset=\"https:\/\/canaltic.com\/blog\/wp-content\/uploads\/2020\/08\/dw02.jpg 720w, https:\/\/canaltic.com\/blog\/wp-content\/uploads\/2020\/08\/dw02-300x142.jpg 300w\" sizes=\"auto, (max-width: 720px) 100vw, 720px\" \/><\/p>\n<h4>Descripci\u00f3n<\/h4>\n<p><span style=\"font-weight: 400;\">El blog es una herramienta que facilita la publicaci\u00f3n de contenidos en Internet en m\u00faltiples contextos educativos. El docente puede organizar y hacer llegar a su alumnado los contenidos de su \u00e1rea as\u00ed como propuestas de trabajo. Tambi\u00e9n se puede convertir en un espacio motivante donde el alumnado publica sus propios materiales digitales. El potencial comunicativo de un blog recomienda su uso en un centro para hacer part\u00edcipe de sus proyectos al resto de la comunidad educativa. Puede ser la propia web del centro, la web de un proyecto singular, de un departamento o colectivo o una revista escolar con el alumnado. En esta sesi\u00f3n se propone una profundizaci\u00f3n en la gesti\u00f3n de un blog centr\u00e1ndose en detalles m\u00e1s avanzados: apariencia, men\u00fas, widgets y plugins.<\/span><\/p>\n<h4>Objetivos<\/h4>\n<ol>\n<li>Gesti\u00f3n de la apariencia: temas y encabezado.<\/li>\n<li>Edici\u00f3n de p\u00e1ginas.<\/li>\n<li>Men\u00fas: navegaci\u00f3n en tu blog.<\/li>\n<li>Widgets y Plugins: conexi\u00f3n con redes sociales y servicios web 2.0.<\/li>\n<li>Aspectos legales de protecci\u00f3n de datos y derechos de autor.<\/li>\n<li>Gesti\u00f3n de usuarios.<\/li>\n<li>Din\u00e1micas de gesti\u00f3n del blog.<\/li>\n<\/ol>\n<h4>Contenidos<\/h4>\n<ul>\n<li>Gesti\u00f3n de la apariencia: temas y encabezado.<\/li>\n<li>Edici\u00f3n de p\u00e1ginas.<\/li>\n<li>Men\u00fas: navegaci\u00f3n en tu blog.<\/li>\n<li>Widgets y Plugins: conexi\u00f3n con redes sociales y servicios web 2.0.<\/li>\n<li>Aspectos legales de protecci\u00f3n de datos y derechos de autor.<\/li>\n<li>Gesti\u00f3n de usuarios.<\/li>\n<li>Din\u00e1micas de gesti\u00f3n del blog.<\/li>\n<\/ul>\n<h4>Destinatarios<\/h4>\n<ul>\n<li>Profesorado con cierta experiencia en la publicaci\u00f3n de entradas en un blog WordPress.<\/li>\n<\/ul>\n<h4>Duraci\u00f3n<\/h4>\n<ul>\n<li>3 horas.<\/li>\n<\/ul>\n<h4>Formato<\/h4>\n<ul>\n<li>Taller presencial.<\/li>\n<li>Taller webinar.<\/li>\n<\/ul>\n<hr \/>\n<div class=\"mg-blog-category\"><a class=\"newsup-categories category-color-1\" href=\"http:\/\/canaltic.com\/blog\/?page_id=3853\">Cat\u00e1logo de formaciones<\/a>\u00a0<a class=\"newsup-categories category-color-1\" href=\"http:\/\/canaltic.com\/blog\/?page_id=3866\">DW &#8211; Dise\u00f1o web<\/a> <a class=\"newsup-categories category-color-1\" href=\"#\">DW-02. Uso educativo de un blog WordPress: avanzado<\/a><\/div>\n","protected":false},"excerpt":{"rendered":"<p>Cat\u00e1logo de formaciones\u00a0DW &#8211; Dise\u00f1o web DW-02. Uso educativo de un blog WordPress: avanzado Descripci\u00f3n El blog es una herramienta que facilita la publicaci\u00f3n de contenidos en Internet en m\u00faltiples contextos educativos. El docente puede organizar y hacer llegar a su alumnado los contenidos de su \u00e1rea as\u00ed como propuestas de trabajo. Tambi\u00e9n se puede [&hellip;]<\/p>\n","protected":false},"author":1,"featured_media":0,"parent":3866,"menu_order":0,"comment_status":"closed","ping_status":"closed","template":"","meta":{"footnotes":""},"class_list":["post-4133","page","type-page","status-publish","hentry"],"_links":{"self":[{"href":"https:\/\/canaltic.com\/blog\/index.php?rest_route=\/wp\/v2\/pages\/4133","targetHints":{"allow":["GET"]}}],"collection":[{"href":"https:\/\/canaltic.com\/blog\/index.php?rest_route=\/wp\/v2\/pages"}],"about":[{"href":"https:\/\/canaltic.com\/blog\/index.php?rest_route=\/wp\/v2\/types\/page"}],"author":[{"embeddable":true,"href":"https:\/\/canaltic.com\/blog\/index.php?rest_route=\/wp\/v2\/users\/1"}],"replies":[{"embeddable":true,"href":"https:\/\/canaltic.com\/blog\/index.php?rest_route=%2Fwp%2Fv2%2Fcomments&post=4133"}],"version-history":[{"count":5,"href":"https:\/\/canaltic.com\/blog\/index.php?rest_route=\/wp\/v2\/pages\/4133\/revisions"}],"predecessor-version":[{"id":4489,"href":"https:\/\/canaltic.com\/blog\/index.php?rest_route=\/wp\/v2\/pages\/4133\/revisions\/4489"}],"up":[{"embeddable":true,"href":"https:\/\/canaltic.com\/blog\/index.php?rest_route=\/wp\/v2\/pages\/3866"}],"wp:attachment":[{"href":"https:\/\/canaltic.com\/blog\/index.php?rest_route=%2Fwp%2Fv2%2Fmedia&parent=4133"}],"curies":[{"name":"wp","href":"https:\/\/api.w.org\/{rel}","templated":true}]}}