{"id":4129,"date":"2020-08-05T21:03:00","date_gmt":"2020-08-05T20:03:00","guid":{"rendered":"http:\/\/canaltic.com\/blog\/?page_id=4129"},"modified":"2020-08-12T23:34:34","modified_gmt":"2020-08-12T22:34:34","slug":"dw-01-uso-educativo-de-un-blog-wordpress-iniciacion","status":"publish","type":"page","link":"https:\/\/canaltic.com\/blog\/?page_id=4129","title":{"rendered":"DW-01. Uso educativo de un blog WordPress: iniciaci\u00f3n"},"content":{"rendered":"<div class=\"mg-blog-category\"><a class=\"newsup-categories category-color-1\" href=\"http:\/\/canaltic.com\/blog\/?page_id=3853\">Cat\u00e1logo de formaciones<\/a>\u00a0<a class=\"newsup-categories category-color-1\" href=\"http:\/\/canaltic.com\/blog\/?page_id=3866\">DW &#8211; Dise\u00f1o web<\/a> <a class=\"newsup-categories category-color-1\" href=\"#\">DW-01. Uso educativo de un blog WordPress: iniciaci\u00f3n<\/a><\/div>\n<hr>\n<p><img loading=\"lazy\" decoding=\"async\" class=\"alignnone size-full wp-image-4131\" src=\"http:\/\/canaltic.com\/blog\/wp-content\/uploads\/2020\/08\/dw01.jpg\" alt=\"\" width=\"720\" height=\"340\" srcset=\"https:\/\/canaltic.com\/blog\/wp-content\/uploads\/2020\/08\/dw01.jpg 720w, https:\/\/canaltic.com\/blog\/wp-content\/uploads\/2020\/08\/dw01-300x142.jpg 300w\" sizes=\"auto, (max-width: 720px) 100vw, 720px\" \/><\/p>\n<h4>Descripci\u00f3n<\/h4>\n<p><span style=\"font-weight: 400;\">El blog es una herramienta que facilita la publicaci\u00f3n de contenidos en Internet en m\u00faltiples contextos educativos. El docente puede organizar y hacer llegar a su alumnado los contenidos de su \u00e1rea as\u00ed como propuestas de trabajo. Tambi\u00e9n se puede convertir en un espacio motivante donde el alumnado publica sus propios materiales digitales. El potencial comunicativo de un blog recomienda su uso en un centro para hacer part\u00edcipe de sus proyectos al resto de la comunidad educativa. Puede ser la propia web del centro, la web de un proyecto singular, de un departamento o colectivo o una revista escolar con el alumnado. En esta sesi\u00f3n se propone una iniciaci\u00f3n a la edici\u00f3n de contenidos de un blog WordPress.<\/span><\/p>\n<h4>Objetivos<\/h4>\n<ol>\n<li>Valorar el blog con un sistema CMS f\u00e1cil y flexible para publicar contenidos en Internet como web de un centro, proyecto, revista digital, blog de aula o de materia.<\/li>\n<li>Gestionar un blog publicando entradas que incorporen texto, enlaces, audios, v\u00eddeos y documentos pdf<\/li>\n<li>Crear y asignar adecuadamente categor\u00edas y etiquetas a las entradas para facilitar la b\u00fasqueda y relaciones.<\/li>\n<li>Moderar los comentarios de los usuarios a las entradas del blog.<\/li>\n<\/ol>\n<h4><b>Contenidos<\/b><\/h4>\n<ul>\n<li>Qu\u00e9 es un blog. Tipos y ejemplos.<\/li>\n<li>Creaci\u00f3n y gesti\u00f3n de un blog WordPress: Consejer\u00eda de Educaci\u00f3n y WordPress.com.<\/li>\n<li>Crear, editar y publicar una entrada.<\/li>\n<li>Edici\u00f3n avanzada.<\/li>\n<li>Insertar una imagen. Galer\u00edas de im\u00e1genes.<\/li>\n<li>Categor\u00edas y etiquetas.<\/li>\n<li>Integraci\u00f3n de recursos: pdf, audios, v\u00eddeos, etc.<\/li>\n<li>Repositorios gratuitos de fotos, audios, v\u00eddeos \u2026<\/li>\n<li>Moderaci\u00f3n de comentarios.<\/li>\n<\/ul>\n<h4><b>Destinatarios<\/b><\/h4>\n<ul>\n<li>Profesorado de Infantil, Primaria, Secundaria, Bachillerato y Formaci\u00f3n Profesional.<\/li>\n<\/ul>\n<h4>Duraci\u00f3n<\/h4>\n<ul>\n<li>3 horas.<\/li>\n<\/ul>\n<h4>Formato<\/h4>\n<ul>\n<li>Taller presencial.<\/li>\n<li>Taller webinar.<\/li>\n<\/ul>\n<hr>\n<div class=\"mg-blog-category\"><a class=\"newsup-categories category-color-1\" href=\"http:\/\/canaltic.com\/blog\/?page_id=3853\">Cat\u00e1logo de formaciones<\/a>\u00a0<a class=\"newsup-categories category-color-1\" href=\"http:\/\/canaltic.com\/blog\/?page_id=3866\">DW &#8211; Dise\u00f1o web<\/a> <a class=\"newsup-categories category-color-1\" href=\"#\">DW-01. Uso educativo de un blog WordPress: iniciaci\u00f3n<\/a><\/div>\n","protected":false},"excerpt":{"rendered":"<p>Cat\u00e1logo de formaciones\u00a0DW &#8211; Dise\u00f1o web DW-01. Uso educativo de un blog WordPress: iniciaci\u00f3n Descripci\u00f3n El blog es una herramienta que facilita la publicaci\u00f3n de contenidos en Internet en m\u00faltiples contextos educativos. El docente puede organizar y hacer llegar a su alumnado los contenidos de su \u00e1rea as\u00ed como propuestas de trabajo. Tambi\u00e9n se puede [&hellip;]<\/p>\n","protected":false},"author":1,"featured_media":0,"parent":3866,"menu_order":0,"comment_status":"closed","ping_status":"closed","template":"","meta":{"footnotes":""},"class_list":["post-4129","page","type-page","status-publish","hentry"],"_links":{"self":[{"href":"https:\/\/canaltic.com\/blog\/index.php?rest_route=\/wp\/v2\/pages\/4129","targetHints":{"allow":["GET"]}}],"collection":[{"href":"https:\/\/canaltic.com\/blog\/index.php?rest_route=\/wp\/v2\/pages"}],"about":[{"href":"https:\/\/canaltic.com\/blog\/index.php?rest_route=\/wp\/v2\/types\/page"}],"author":[{"embeddable":true,"href":"https:\/\/canaltic.com\/blog\/index.php?rest_route=\/wp\/v2\/users\/1"}],"replies":[{"embeddable":true,"href":"https:\/\/canaltic.com\/blog\/index.php?rest_route=%2Fwp%2Fv2%2Fcomments&post=4129"}],"version-history":[{"count":3,"href":"https:\/\/canaltic.com\/blog\/index.php?rest_route=\/wp\/v2\/pages\/4129\/revisions"}],"predecessor-version":[{"id":4486,"href":"https:\/\/canaltic.com\/blog\/index.php?rest_route=\/wp\/v2\/pages\/4129\/revisions\/4486"}],"up":[{"embeddable":true,"href":"https:\/\/canaltic.com\/blog\/index.php?rest_route=\/wp\/v2\/pages\/3866"}],"wp:attachment":[{"href":"https:\/\/canaltic.com\/blog\/index.php?rest_route=%2Fwp%2Fv2%2Fmedia&parent=4129"}],"curies":[{"name":"wp","href":"https:\/\/api.w.org\/{rel}","templated":true}]}}