{"id":4038,"date":"2020-08-03T17:48:25","date_gmt":"2020-08-03T16:48:25","guid":{"rendered":"http:\/\/canaltic.com\/blog\/?page_id=4038"},"modified":"2020-08-12T20:23:23","modified_gmt":"2020-08-12T19:23:23","slug":"cd-01-murales-digitales-con-padlet-y-pinterest","status":"publish","type":"page","link":"https:\/\/canaltic.com\/blog\/?page_id=4038","title":{"rendered":"CD-01. Murales digitales con Padlet y Pinterest"},"content":{"rendered":"<div class=\"mg-blog-category\"><a class=\"newsup-categories category-color-1\" href=\"http:\/\/canaltic.com\/blog\/?page_id=3853\">Cat\u00e1logo de formaciones<\/a>\u00a0<a class=\"newsup-categories category-color-1\" href=\"http:\/\/canaltic.com\/blog\/?page_id=3862\">CD &#8211; Creatividad Digital<\/a> <a class=\"newsup-categories category-color-1\" href=\"#\">CD-01. Murales digitales con Padlet y Pinterest<\/a><\/div>\n<hr \/>\n<p><img loading=\"lazy\" decoding=\"async\" class=\"alignnone size-full wp-image-4039\" src=\"http:\/\/canaltic.com\/blog\/wp-content\/uploads\/2020\/08\/cd01.jpg\" alt=\"\" width=\"720\" height=\"340\" srcset=\"https:\/\/canaltic.com\/blog\/wp-content\/uploads\/2020\/08\/cd01.jpg 720w, https:\/\/canaltic.com\/blog\/wp-content\/uploads\/2020\/08\/cd01-300x142.jpg 300w\" sizes=\"auto, (max-width: 720px) 100vw, 720px\" \/><\/p>\n<h4>Descripci\u00f3n<\/h4>\n<p><span style=\"font-weight: 400;\">Las herramientas en l\u00ednea de creaci\u00f3n de murales colaborativos permiten crear de forma sencilla tableros virtuales de anuncios o notas. El muro que crea el usuario tiene una direcci\u00f3n URL de acceso directo. En cada mural o tablero se puede insertar texto, im\u00e1genes, audios, v\u00eddeo, etc. Se pueden utilizar para recopilar conocimientos previos, recoger datos a modo de lluvia de ideas, crear un glosario multimedia, organizar un proyecto o bien dise\u00f1ar p\u00f3sters de forma colectiva.<\/span><\/p>\n<h4>Objetivos<\/h4>\n<ol>\n<li style=\"font-weight: 400;\"><span style=\"font-weight: 400;\">Descubrir las potencialidades de Padlet como una interesante herramienta de edici\u00f3n colaborativa de murales digitales para profesorado y alumnado.<\/span><\/li>\n<li style=\"font-weight: 400;\"><span style=\"font-weight: 400;\">Familiarizarse con las prestaciones de Pinterest para crear \u00e1lbumes de fotos enriquecidos con textos a partir de temas de investigaci\u00f3n o trabajo.\u00a0\u00a0<\/span><\/li>\n<li style=\"font-weight: 400;\"><span style=\"font-weight: 400;\">Crear una din\u00e1mica cooperativa de trabajo centrada en un tema concreto usando la herramienta Padlet o Pinterest.<\/span><\/li>\n<\/ol>\n<h4>Contenidos<\/h4>\n<ul>\n<li style=\"font-weight: 400;\"><b>Padlet<\/b><span style=\"font-weight: 400;\">. Qu\u00e9 es. Registrarse. Crear un mural. Editar un mural. Crear una nota. Editar una nota. A\u00f1adir elementos multimedia: im\u00e1genes, audios, v\u00eddeos, webs, documentos pdf, enlaces &#8230; Compartir un mural. Din\u00e1micas de gesti\u00f3n de trabajo colaborativo.\u00a0<\/span><\/li>\n<li style=\"font-weight: 400;\"><b>Pinterest<\/b><span style=\"font-weight: 400;\">. Qu\u00e9 es. Registrarse. Crear un tablero. A\u00f1adir un pin a un tablero. Subir una imagen desde URL. Buscar contenido. Pinear. Gestionar tus tableros. Crear tableros secretos y grupales. Compartir tus pines. Din\u00e1micas de gesti\u00f3n de trabajo colaborativo.\u00a0<\/span><\/li>\n<\/ul>\n<h4>Destinatarios<\/h4>\n<ul>\n<li style=\"font-weight: 400;\"><span style=\"font-weight: 400;\">Profesorado de Infantil, Primaria, Secundaria, Bachillerato y Formaci\u00f3n Profesional.<\/span><\/li>\n<\/ul>\n<h4>Duraci\u00f3n<\/h4>\n<ul>\n<li>3 horas<\/li>\n<\/ul>\n<h4>Formato<\/h4>\n<ul>\n<li>Taller presencial.<\/li>\n<li>Taller webinar.<\/li>\n<\/ul>\n<hr \/>\n<div class=\"mg-blog-category\"><a class=\"newsup-categories category-color-1\" href=\"http:\/\/canaltic.com\/blog\/?page_id=3853\">Cat\u00e1logo de formaciones<\/a>\u00a0<a class=\"newsup-categories category-color-1\" href=\"http:\/\/canaltic.com\/blog\/?page_id=3862\">CD &#8211; Creatividad Digital<\/a> <a class=\"newsup-categories category-color-1\" href=\"#\">CD-01. Murales digitales con Padlet y Pinterest<\/a><\/div>\n","protected":false},"excerpt":{"rendered":"<p>Cat\u00e1logo de formaciones\u00a0CD &#8211; Creatividad Digital CD-01. Murales digitales con Padlet y Pinterest Descripci\u00f3n Las herramientas en l\u00ednea de creaci\u00f3n de murales colaborativos permiten crear de forma sencilla tableros virtuales de anuncios o notas. El muro que crea el usuario tiene una direcci\u00f3n URL de acceso directo. En cada mural o tablero se puede insertar [&hellip;]<\/p>\n","protected":false},"author":1,"featured_media":0,"parent":3862,"menu_order":0,"comment_status":"closed","ping_status":"closed","template":"","meta":{"footnotes":""},"class_list":["post-4038","page","type-page","status-publish","hentry"],"_links":{"self":[{"href":"https:\/\/canaltic.com\/blog\/index.php?rest_route=\/wp\/v2\/pages\/4038","targetHints":{"allow":["GET"]}}],"collection":[{"href":"https:\/\/canaltic.com\/blog\/index.php?rest_route=\/wp\/v2\/pages"}],"about":[{"href":"https:\/\/canaltic.com\/blog\/index.php?rest_route=\/wp\/v2\/types\/page"}],"author":[{"embeddable":true,"href":"https:\/\/canaltic.com\/blog\/index.php?rest_route=\/wp\/v2\/users\/1"}],"replies":[{"embeddable":true,"href":"https:\/\/canaltic.com\/blog\/index.php?rest_route=%2Fwp%2Fv2%2Fcomments&post=4038"}],"version-history":[{"count":21,"href":"https:\/\/canaltic.com\/blog\/index.php?rest_route=\/wp\/v2\/pages\/4038\/revisions"}],"predecessor-version":[{"id":4453,"href":"https:\/\/canaltic.com\/blog\/index.php?rest_route=\/wp\/v2\/pages\/4038\/revisions\/4453"}],"up":[{"embeddable":true,"href":"https:\/\/canaltic.com\/blog\/index.php?rest_route=\/wp\/v2\/pages\/3862"}],"wp:attachment":[{"href":"https:\/\/canaltic.com\/blog\/index.php?rest_route=%2Fwp%2Fv2%2Fmedia&parent=4038"}],"curies":[{"name":"wp","href":"https:\/\/api.w.org\/{rel}","templated":true}]}}