{"id":3886,"date":"2020-07-31T17:27:27","date_gmt":"2020-07-31T16:27:27","guid":{"rendered":"http:\/\/canaltic.com\/blog\/?page_id=3886"},"modified":"2020-08-17T23:20:31","modified_gmt":"2020-08-17T22:20:31","slug":"st-steam","status":"publish","type":"page","link":"https:\/\/canaltic.com\/blog\/?page_id=3886","title":{"rendered":"ST \u2013 STEAM"},"content":{"rendered":"<div class=\"mg-blog-category\"><a class=\"newsup-categories category-color-1\" href=\"http:\/\/canaltic.com\/blog\/?page_id=3853\">Cat\u00e1logo de formaciones<\/a>\u00a0<a class=\"newsup-categories category-color-1\" href=\"#\">ST \u2013 STEAM<\/a><\/div>\n<p>&nbsp;<br \/>\n<img loading=\"lazy\" decoding=\"async\" class=\"alignnone size-full wp-image-3941\" src=\"http:\/\/canaltic.com\/blog\/wp-content\/uploads\/2020\/08\/steam2.jpg\" alt=\"\" width=\"720\" height=\"340\" srcset=\"https:\/\/canaltic.com\/blog\/wp-content\/uploads\/2020\/08\/steam2.jpg 720w, https:\/\/canaltic.com\/blog\/wp-content\/uploads\/2020\/08\/steam2-300x142.jpg 300w\" sizes=\"auto, (max-width: 720px) 100vw, 720px\" \/><\/p>\n<ul>\n<li><a href=\"http:\/\/canaltic.com\/blog\/?page_id=4760\">ST-01. Modelado e impresi\u00f3n 3D.<\/a><\/li>\n<li><a href=\"http:\/\/canaltic.com\/blog\/?page_id=4765\">ST-02. Estaci\u00f3n Meteorol\u00f3gica Digital.<\/a><\/li>\n<li><a href=\"http:\/\/canaltic.com\/blog\/?page_id=4768\">ST-03. STEAM: enfoque metodol\u00f3gico en el aula.<\/a><\/li>\n<li><a href=\"http:\/\/canaltic.com\/blog\/?page_id=4771\">ST-04. Geogebra: iniciaci\u00f3n.<\/a><\/li>\n<\/ul>\n<hr \/>\n<div class=\"mg-blog-category\"><a class=\"newsup-categories category-color-1\" href=\"http:\/\/canaltic.com\/blog\/?page_id=3853\">Cat\u00e1logo de formaciones<\/a>\u00a0<a class=\"newsup-categories category-color-1\" href=\"#\">ST \u2013 STEAM<\/a><\/div>\n","protected":false},"excerpt":{"rendered":"<p>Cat\u00e1logo de formaciones\u00a0ST \u2013 STEAM &nbsp; ST-01. Modelado e impresi\u00f3n 3D. ST-02. Estaci\u00f3n Meteorol\u00f3gica Digital. ST-03. STEAM: enfoque metodol\u00f3gico en el aula. ST-04. Geogebra: iniciaci\u00f3n. Cat\u00e1logo de formaciones\u00a0ST \u2013 STEAM<\/p>\n","protected":false},"author":1,"featured_media":0,"parent":3853,"menu_order":0,"comment_status":"closed","ping_status":"closed","template":"","meta":{"footnotes":""},"class_list":["post-3886","page","type-page","status-publish","hentry"],"_links":{"self":[{"href":"https:\/\/canaltic.com\/blog\/index.php?rest_route=\/wp\/v2\/pages\/3886","targetHints":{"allow":["GET"]}}],"collection":[{"href":"https:\/\/canaltic.com\/blog\/index.php?rest_route=\/wp\/v2\/pages"}],"about":[{"href":"https:\/\/canaltic.com\/blog\/index.php?rest_route=\/wp\/v2\/types\/page"}],"author":[{"embeddable":true,"href":"https:\/\/canaltic.com\/blog\/index.php?rest_route=\/wp\/v2\/users\/1"}],"replies":[{"embeddable":true,"href":"https:\/\/canaltic.com\/blog\/index.php?rest_route=%2Fwp%2Fv2%2Fcomments&post=3886"}],"version-history":[{"count":10,"href":"https:\/\/canaltic.com\/blog\/index.php?rest_route=\/wp\/v2\/pages\/3886\/revisions"}],"predecessor-version":[{"id":4777,"href":"https:\/\/canaltic.com\/blog\/index.php?rest_route=\/wp\/v2\/pages\/3886\/revisions\/4777"}],"up":[{"embeddable":true,"href":"https:\/\/canaltic.com\/blog\/index.php?rest_route=\/wp\/v2\/pages\/3853"}],"wp:attachment":[{"href":"https:\/\/canaltic.com\/blog\/index.php?rest_route=%2Fwp%2Fv2%2Fmedia&parent=3886"}],"curies":[{"name":"wp","href":"https:\/\/api.w.org\/{rel}","templated":true}]}}