{"id":3882,"date":"2020-07-31T17:26:32","date_gmt":"2020-07-31T16:26:32","guid":{"rendered":"http:\/\/canaltic.com\/blog\/?page_id=3882"},"modified":"2022-03-09T12:32:48","modified_gmt":"2022-03-09T11:32:48","slug":"oc-organizacion-de-centros","status":"publish","type":"page","link":"https:\/\/canaltic.com\/blog\/?page_id=3882","title":{"rendered":"OE \u2013 Organizaci\u00f3n y Evaluaci\u00f3n"},"content":{"rendered":"<div class=\"mg-blog-category\"><a class=\"newsup-categories category-color-1\" href=\"http:\/\/canaltic.com\/blog\/?page_id=3853\">Cat\u00e1logo de formaciones<\/a>\u00a0<a class=\"newsup-categories category-color-1\" href=\"#\">OE \u2013 Organizaci\u00f3n y Evaluaci\u00f3n<\/a><\/div>\n<p><img loading=\"lazy\" decoding=\"async\" class=\"alignnone size-full wp-image-3935\" src=\"http:\/\/canaltic.com\/blog\/wp-content\/uploads\/2020\/08\/organizacionCentros.jpg\" alt=\"\" width=\"720\" height=\"340\" srcset=\"https:\/\/canaltic.com\/blog\/wp-content\/uploads\/2020\/08\/organizacionCentros.jpg 720w, https:\/\/canaltic.com\/blog\/wp-content\/uploads\/2020\/08\/organizacionCentros-300x142.jpg 300w\" sizes=\"auto, (max-width: 720px) 100vw, 720px\" \/><\/p>\n<ul>\n<li><a href=\"http:\/\/canaltic.com\/blog\/?page_id=4570\">OE-01. Centros educativos digitales.<\/a><\/li>\n<li><a href=\"http:\/\/canaltic.com\/blog\/?page_id=4574\">OE-02. La figura del coordinador TIC.<\/a><\/li>\n<li><a href=\"http:\/\/canaltic.com\/blog\/?page_id=4577\">OE-03. La escuela digital del futuro.<\/a><\/li>\n<li><a href=\"http:\/\/canaltic.com\/blog\/?page_id=4581\">OE-04. Software libre y educaci\u00f3n.<\/a><\/li>\n<li><a href=\"http:\/\/canaltic.com\/blog\/?page_id=4584\">OE-05. C\u00f3mo usan las tecnolog\u00edas los ni\u00f1os y los j\u00f3venes.<\/a><\/li>\n<li><a href=\"http:\/\/canaltic.com\/blog\/?page_id=4586\">OE-06. IDOCEO: aplicaci\u00f3n para el seguimiento tutorial del alumnado.<\/a><\/li>\n<li><a href=\"http:\/\/canaltic.com\/blog\/?page_id=4589\">OE-07. Herramientas de comunicaci\u00f3n digital entre escuela y familias.<\/a><\/li>\n<li><a href=\"http:\/\/canaltic.com\/blog\/?page_id=4592\">OE-08. FabLab y Aulas del Futuro.<\/a><\/li>\n<li><a href=\"http:\/\/canaltic.com\/blog\/?page_id=4596\">OE-09. CoRubrics: herramienta para evaluar.<\/a><\/li>\n<\/ul>\n<hr \/>\n<div class=\"mg-blog-category\"><a class=\"newsup-categories category-color-1\" href=\"http:\/\/canaltic.com\/blog\/?page_id=3853\">Cat\u00e1logo de formaciones<\/a>\u00a0<a class=\"newsup-categories category-color-1\" href=\"#\">OE \u2013 Organizaci\u00f3n y Evaluaci\u00f3n<\/a><\/div>\n","protected":false},"excerpt":{"rendered":"<p>Cat\u00e1logo de formaciones\u00a0OE \u2013 Organizaci\u00f3n y Evaluaci\u00f3n OE-01. Centros educativos digitales. OE-02. La figura del coordinador TIC. OE-03. La escuela digital del futuro. OE-04. Software libre y educaci\u00f3n. OE-05. C\u00f3mo usan las tecnolog\u00edas los ni\u00f1os y los j\u00f3venes. OE-06. IDOCEO: aplicaci\u00f3n para el seguimiento tutorial del alumnado. OE-07. Herramientas de comunicaci\u00f3n digital entre escuela y [&hellip;]<\/p>\n","protected":false},"author":1,"featured_media":0,"parent":3853,"menu_order":0,"comment_status":"closed","ping_status":"closed","template":"","meta":{"footnotes":""},"class_list":["post-3882","page","type-page","status-publish","hentry"],"_links":{"self":[{"href":"https:\/\/canaltic.com\/blog\/index.php?rest_route=\/wp\/v2\/pages\/3882","targetHints":{"allow":["GET"]}}],"collection":[{"href":"https:\/\/canaltic.com\/blog\/index.php?rest_route=\/wp\/v2\/pages"}],"about":[{"href":"https:\/\/canaltic.com\/blog\/index.php?rest_route=\/wp\/v2\/types\/page"}],"author":[{"embeddable":true,"href":"https:\/\/canaltic.com\/blog\/index.php?rest_route=\/wp\/v2\/users\/1"}],"replies":[{"embeddable":true,"href":"https:\/\/canaltic.com\/blog\/index.php?rest_route=%2Fwp%2Fv2%2Fcomments&post=3882"}],"version-history":[{"count":16,"href":"https:\/\/canaltic.com\/blog\/index.php?rest_route=\/wp\/v2\/pages\/3882\/revisions"}],"predecessor-version":[{"id":4978,"href":"https:\/\/canaltic.com\/blog\/index.php?rest_route=\/wp\/v2\/pages\/3882\/revisions\/4978"}],"up":[{"embeddable":true,"href":"https:\/\/canaltic.com\/blog\/index.php?rest_route=\/wp\/v2\/pages\/3853"}],"wp:attachment":[{"href":"https:\/\/canaltic.com\/blog\/index.php?rest_route=%2Fwp%2Fv2%2Fmedia&parent=3882"}],"curies":[{"name":"wp","href":"https:\/\/api.w.org\/{rel}","templated":true}]}}