{"id":3880,"date":"2020-07-31T17:25:51","date_gmt":"2020-07-31T16:25:51","guid":{"rendered":"http:\/\/canaltic.com\/blog\/?page_id=3880"},"modified":"2020-08-17T22:58:55","modified_gmt":"2020-08-17T21:58:55","slug":"pi-plasmas-interactivos","status":"publish","type":"page","link":"https:\/\/canaltic.com\/blog\/?page_id=3880","title":{"rendered":"PI \u2013 Plasmas Interactivos"},"content":{"rendered":"<div class=\"mg-blog-category\"><a class=\"newsup-categories category-color-1\" href=\"http:\/\/canaltic.com\/blog\/?page_id=3853\">Cat\u00e1logo de formaciones<\/a>\u00a0<a class=\"newsup-categories category-color-1\" href=\"#\">PI \u2013 Plasmas Interactivos<\/a><\/div>\n<p>&nbsp;<br \/>\n<img loading=\"lazy\" decoding=\"async\" class=\"alignnone wp-image-3958 size-full\" src=\"http:\/\/canaltic.com\/blog\/wp-content\/uploads\/2020\/08\/pim2.jpg\" alt=\"\" width=\"720\" height=\"340\" srcset=\"https:\/\/canaltic.com\/blog\/wp-content\/uploads\/2020\/08\/pim2.jpg 720w, https:\/\/canaltic.com\/blog\/wp-content\/uploads\/2020\/08\/pim2-300x142.jpg 300w\" sizes=\"auto, (max-width: 720px) 100vw, 720px\" \/><\/p>\n<ul>\n<li><a href=\"http:\/\/canaltic.com\/blog\/?page_id=4734\">PI-01. Uso educativo del plasma interactivo \u201cPromethean\u201d<\/a><\/li>\n<li><a href=\"http:\/\/canaltic.com\/blog\/?page_id=4739\">PI-02. Uso educativo del plasma interactivo \u201cMultiClass\u201d<\/a><\/li>\n<li><a href=\"http:\/\/canaltic.com\/blog\/?page_id=4742\">PI-03. OpenBoard: dise\u00f1o de recursos para PDI y PIM.<\/a><\/li>\n<li><a href=\"http:\/\/canaltic.com\/blog\/?page_id=4745\">PI-04. Trucos para dise\u00f1ar presentaciones interactivas con Google Slides.<\/a><\/li>\n<\/ul>\n<hr \/>\n<div class=\"mg-blog-category\"><a class=\"newsup-categories category-color-1\" href=\"http:\/\/canaltic.com\/blog\/?page_id=3853\">Cat\u00e1logo de formaciones<\/a>\u00a0<a class=\"newsup-categories category-color-1\" href=\"#\">PI \u2013 Plasmas Interactivos<\/a><\/div>\n","protected":false},"excerpt":{"rendered":"<p>Cat\u00e1logo de formaciones\u00a0PI \u2013 Plasmas Interactivos &nbsp; PI-01. Uso educativo del plasma interactivo \u201cPromethean\u201d PI-02. Uso educativo del plasma interactivo \u201cMultiClass\u201d PI-03. OpenBoard: dise\u00f1o de recursos para PDI y PIM. PI-04. Trucos para dise\u00f1ar presentaciones interactivas con Google Slides. Cat\u00e1logo de formaciones\u00a0PI \u2013 Plasmas Interactivos<\/p>\n","protected":false},"author":1,"featured_media":0,"parent":3853,"menu_order":0,"comment_status":"closed","ping_status":"closed","template":"","meta":{"footnotes":""},"class_list":["post-3880","page","type-page","status-publish","hentry"],"_links":{"self":[{"href":"https:\/\/canaltic.com\/blog\/index.php?rest_route=\/wp\/v2\/pages\/3880","targetHints":{"allow":["GET"]}}],"collection":[{"href":"https:\/\/canaltic.com\/blog\/index.php?rest_route=\/wp\/v2\/pages"}],"about":[{"href":"https:\/\/canaltic.com\/blog\/index.php?rest_route=\/wp\/v2\/types\/page"}],"author":[{"embeddable":true,"href":"https:\/\/canaltic.com\/blog\/index.php?rest_route=\/wp\/v2\/users\/1"}],"replies":[{"embeddable":true,"href":"https:\/\/canaltic.com\/blog\/index.php?rest_route=%2Fwp%2Fv2%2Fcomments&post=3880"}],"version-history":[{"count":7,"href":"https:\/\/canaltic.com\/blog\/index.php?rest_route=\/wp\/v2\/pages\/3880\/revisions"}],"predecessor-version":[{"id":4750,"href":"https:\/\/canaltic.com\/blog\/index.php?rest_route=\/wp\/v2\/pages\/3880\/revisions\/4750"}],"up":[{"embeddable":true,"href":"https:\/\/canaltic.com\/blog\/index.php?rest_route=\/wp\/v2\/pages\/3853"}],"wp:attachment":[{"href":"https:\/\/canaltic.com\/blog\/index.php?rest_route=%2Fwp%2Fv2%2Fmedia&parent=3880"}],"curies":[{"name":"wp","href":"https:\/\/api.w.org\/{rel}","templated":true}]}}