{"id":3866,"date":"2020-07-31T17:21:52","date_gmt":"2020-07-31T16:21:52","guid":{"rendered":"http:\/\/canaltic.com\/blog\/?page_id=3866"},"modified":"2020-08-12T19:26:15","modified_gmt":"2020-08-12T18:26:15","slug":"dw-diseno-web","status":"publish","type":"page","link":"https:\/\/canaltic.com\/blog\/?page_id=3866","title":{"rendered":"DW \u2013 Dise\u00f1o Web"},"content":{"rendered":"<div class=\"mg-blog-category\"><a class=\"newsup-categories category-color-1\" href=\"http:\/\/canaltic.com\/blog\/?page_id=3853\">Cat\u00e1logo de formaciones<\/a>\u00a0<a class=\"newsup-categories category-color-1\" href=\"#\">DW \u2013 Dise\u00f1o Web<\/a><\/div>\n<p>&nbsp;<br \/>\n<img loading=\"lazy\" decoding=\"async\" class=\"alignnone size-full wp-image-3926\" src=\"http:\/\/canaltic.com\/blog\/wp-content\/uploads\/2020\/07\/disenoWeb.jpg\" alt=\"\" width=\"720\" height=\"340\" srcset=\"https:\/\/canaltic.com\/blog\/wp-content\/uploads\/2020\/07\/disenoWeb.jpg 720w, https:\/\/canaltic.com\/blog\/wp-content\/uploads\/2020\/07\/disenoWeb-300x142.jpg 300w\" sizes=\"auto, (max-width: 720px) 100vw, 720px\" \/><\/p>\n<ul>\n<li><a href=\"http:\/\/canaltic.com\/blog\/?page_id=4129\">DW-01. Uso educativo de un blog WordPress: iniciaci\u00f3n.<\/a><\/li>\n<li><a href=\"http:\/\/canaltic.com\/blog\/?page_id=4133\">DW-02. Uso educativo de un blog WordPress: avanzado.<\/a><\/li>\n<li><a href=\"http:\/\/canaltic.com\/blog\/?page_id=4136\">DW-03. Uso educativo de un blog Blogger: iniciaci\u00f3n.<\/a><\/li>\n<li><a href=\"http:\/\/canaltic.com\/blog\/?page_id=4140\">DW-04. Uso educativo de un blog Blogger: avanzado.<\/a><\/li>\n<li><a href=\"http:\/\/canaltic.com\/blog\/?page_id=4145\">DW-05. Dise\u00f1a tu web con Joomla.<\/a><\/li>\n<li><a href=\"http:\/\/canaltic.com\/blog\/?page_id=4148\">DW-06. Dise\u00f1a tu web con Google Sites.<\/a><\/li>\n<li><a href=\"http:\/\/canaltic.com\/blog\/?page_id=4153\">DW-07. Dise\u00f1a tu web con Wix.<\/a><\/li>\n<li><a href=\"http:\/\/canaltic.com\/blog\/?page_id=4156\">DW-08. La web del centro educativo: dise\u00f1o, organizaci\u00f3n y gesti\u00f3n.<\/a><\/li>\n<li><a href=\"http:\/\/canaltic.com\/blog\/?page_id=4159\">DW-09. Edici\u00f3n HTML5 de p\u00e1ginas web.<\/a><\/li>\n<li><a href=\"http:\/\/canaltic.com\/blog\/?page_id=4163\">DW-10. Hojas de estilo CSS para p\u00e1ginas web<\/a><\/li>\n<\/ul>\n<hr>\n<div class=\"mg-blog-category\"><a class=\"newsup-categories category-color-1\" href=\"http:\/\/canaltic.com\/blog\/?page_id=3853\">Cat\u00e1logo de formaciones<\/a>\u00a0<a class=\"newsup-categories category-color-1\" href=\"#\">DW \u2013 Dise\u00f1o Web<\/a><\/div>\n","protected":false},"excerpt":{"rendered":"<p>Cat\u00e1logo de formaciones\u00a0DW \u2013 Dise\u00f1o Web &nbsp; DW-01. Uso educativo de un blog WordPress: iniciaci\u00f3n. DW-02. Uso educativo de un blog WordPress: avanzado. DW-03. Uso educativo de un blog Blogger: iniciaci\u00f3n. DW-04. Uso educativo de un blog Blogger: avanzado. DW-05. Dise\u00f1a tu web con Joomla. DW-06. Dise\u00f1a tu web con Google Sites. DW-07. Dise\u00f1a tu [&hellip;]<\/p>\n","protected":false},"author":1,"featured_media":0,"parent":3853,"menu_order":0,"comment_status":"closed","ping_status":"closed","template":"","meta":{"footnotes":""},"class_list":["post-3866","page","type-page","status-publish","hentry"],"_links":{"self":[{"href":"https:\/\/canaltic.com\/blog\/index.php?rest_route=\/wp\/v2\/pages\/3866","targetHints":{"allow":["GET"]}}],"collection":[{"href":"https:\/\/canaltic.com\/blog\/index.php?rest_route=\/wp\/v2\/pages"}],"about":[{"href":"https:\/\/canaltic.com\/blog\/index.php?rest_route=\/wp\/v2\/types\/page"}],"author":[{"embeddable":true,"href":"https:\/\/canaltic.com\/blog\/index.php?rest_route=\/wp\/v2\/users\/1"}],"replies":[{"embeddable":true,"href":"https:\/\/canaltic.com\/blog\/index.php?rest_route=%2Fwp%2Fv2%2Fcomments&post=3866"}],"version-history":[{"count":9,"href":"https:\/\/canaltic.com\/blog\/index.php?rest_route=\/wp\/v2\/pages\/3866\/revisions"}],"predecessor-version":[{"id":4421,"href":"https:\/\/canaltic.com\/blog\/index.php?rest_route=\/wp\/v2\/pages\/3866\/revisions\/4421"}],"up":[{"embeddable":true,"href":"https:\/\/canaltic.com\/blog\/index.php?rest_route=\/wp\/v2\/pages\/3853"}],"wp:attachment":[{"href":"https:\/\/canaltic.com\/blog\/index.php?rest_route=%2Fwp%2Fv2%2Fmedia&parent=3866"}],"curies":[{"name":"wp","href":"https:\/\/api.w.org\/{rel}","templated":true}]}}